
{"id":758,"date":"2019-12-02T12:40:15","date_gmt":"2019-12-02T17:40:15","guid":{"rendered":"https:\/\/socan50.wpengine.com\/?page_id=758"},"modified":"2026-04-13T10:43:31","modified_gmt":"2026-04-13T14:43:31","slug":"governance","status":"publish","type":"page","link":"https:\/\/www.socan.com\/fr\/about\/governance\/","title":{"rendered":"Gouvernance"},"content":{"rendered":"<p><strong>Montr\u00e9al\u00a0<\/strong>\u2013\u00a0On the evening of\u00a0<strong>December 2nd<\/strong>, a who\u2019s who of the Canadian music industry will gather in the Grand Salon of the H\u00f4tel Hyatt Regency Montr\u00e9al for the<strong>25th Annual SOCAN Montr\u00e9al Awards Gala<\/strong>\u00a0to celebrate the creative minds whose words and music have left a permanent mark in our hearts, ignited our imaginations, aroused our emotions, and defined an entire culture.<\/p>\n<p>Hosted by\u00a0<strong>Michel Rivard<\/strong>, m<strong>ore than 100 awards<\/strong>\u00a0will be presented in\u00a0<strong>20 different categories<\/strong>, including additions for 2014:\u00a0<strong>Country Music<\/strong>,\u00a0<strong>Urban Music<\/strong>,\u00a0<strong>Breakout<\/strong>and\u00a0<strong>Songwriter(s) of the Year<\/strong>.<\/p>\n<p>In 1990, the first francophone SOCAN Gala was held in Montreal to honour the members of SOCAN \u2013 the Society of Composers, Authors and Music Publishers of Canada, to highlight the tremendous success of its music creators and publishers, celebrating exceptional songwriting success, composition for music for film and television, and paying tribute to the builders, immortals and visionaries of the Canadian music scene.<\/p>\n<p>Twenty-five years and nearly 2,000 awards later, SOCAN remains more committed than ever to recognizing the work of its members.<\/p>\n<p>\u201cThe music ecosystem is undergoing profound change, and SOCAN is no exception,\u201d said SOCAN CEO\u00a0<strong>Eric Baptiste<\/strong>. \u201cSOCAN is evolving and innovating, inspired by the extraordinary creativity and drive of our members. Now, more than ever, the Gala promises to live up to its stellar reputation with our anniversary edition: warm, friendly, and packed with passion and emotion. It will be an evening of tribute to the musical architects of our collective heritage and creators of tomorrow\u2019s memories \u2013 because the present and the future are necessarily built upon the grounding of our past.\u201d<\/p>\n<p>\u201cIn one of his most beautiful songs, Georges Brassens sang about the \u2018saintliness of artistic solidarity.\u2019 That\u2019s the feeling I get every time I attend the SOCAN Gala: the pleasure of sharing a common trade, of a job well-done, and the respect of the work beyond genres and styles,\u201d<strong>\u00a0Michel Rivard<\/strong>\u00a0commented. \u201cTo host the event is even better! It\u2019s easy to liven up something that is already fully alive. And on top of it all, I get to shake hands and kiss everyone. It\u2019s a hard life, I tell you!\u201d<\/p>\n<p>In a major addition to the honours, a new trophy called \u201cThe SOCAN\u201d \u2013 both a prestigious award and itself a functional musical instrument, developed in partnership with SABIAN of New Brunswick and Society Awards of New York \u2013 will be presented to the highest honourees.<\/p>\n<p>The SOCAN will be presented to four great figures of the Quebec music industry, in the<strong>Inspiration<\/strong>,\u00a0<strong>Homage<\/strong>,\u00a0<strong>International<\/strong>\u00a0and\u00a0<strong>Excellence\u00a0<\/strong>categories; the first recognizes one of the most celebrated managers in Canadian history; the second, a passionate and visionary music executive; the third, a band of incredible songwriters lauded all over the planet; and the fourth, a late, lamented giant of country music.<\/p>\n<p><strong>About SOCAN<\/strong><br \/>\nSOCAN is a member-based and governed organization that represents the Canadian performing rights of more than three-million Canadian and international music creators and publishers. SOCAN is proud to play a leading role in supporting the long-term success of its more than 120,000 Canadian members, and the Canadian music industry overall. SOCAN licenses more than 125,000 businesses in Canada, and distributes royalties to its members and music rights organizations around the world. SOCAN also distributes royalties to its members for the use of their music internationally in collaboration with its peer societies.<\/p>\n<p align=\"center\">-30-<\/p>\n<p><strong>Media Contacts<br \/>\nSOCAN:<\/strong>\u00a0\u00c9ric Parazelli, (514) 844-8377, ext. 4934,\u00a0<a href=\"mailto:parazellie@socan.ca\">parazellie@socan.ca<\/a><br \/>\n<strong>La royale \u00e9lectrique (for SOCAN):<\/strong>\u00a0Isabelle Ouimet, (514) 206-2093,<a href=\"mailto:isabelle@laroyaleleectrique.com\">isabelle@laroyaleleectrique.com<\/a><\/p>\n","protected":false},"excerpt":{"rendered":"<p>Montr\u00e9al\u00a0\u2013\u00a0On the evening of\u00a0December 2nd, a who\u2019s who of the Canadian music industry will gather in the Grand Salon of the H\u00f4tel Hyatt Regency Montr\u00e9al for the25th Annual SOCAN Montr\u00e9al Awards Gala\u00a0to celebrate the creative minds whose words and music have left a permanent mark in our hearts, ignited our imaginations, aroused our emotions, and [&hellip;]<\/p>\n","protected":false},"author":1,"featured_media":0,"parent":299,"menu_order":31,"comment_status":"closed","ping_status":"closed","template":"page-gouvernance.php","meta":{"_acf_changed":false,"footnotes":""},"class_list":["post-758","page","type-page","status-publish","hentry"],"acf":[],"yoast_head":"<!-- This site is optimized with the Yoast SEO plugin v27.2 - https:\/\/yoast.com\/product\/yoast-seo-wordpress\/ -->\n<title>Gouvernance<\/title>\n<meta name=\"robots\" content=\"index, follow, max-snippet:-1, max-image-preview:large, max-video-preview:-1\" \/>\n<link rel=\"canonical\" href=\"https:\/\/www.socan.com\/fr\/about\/governance\/\" \/>\n<meta property=\"og:locale\" content=\"fr_FR\" \/>\n<meta property=\"og:locale:alternate\" content=\"en_US\" \/>\n<meta property=\"og:type\" content=\"article\" \/>\n<meta property=\"og:title\" content=\"Gouvernance\" \/>\n<meta property=\"og:description\" content=\"Montr\u00e9al\u00a0\u2013\u00a0On the evening of\u00a0December 2nd, a who\u2019s who of the Canadian music industry will gather in the Grand Salon of the H\u00f4tel Hyatt Regency Montr\u00e9al for the25th Annual SOCAN Montr\u00e9al Awards Gala\u00a0to celebrate the creative minds whose words and music have left a permanent mark in our hearts, ignited our imaginations, aroused our emotions, and [&hellip;]\" \/>\n<meta property=\"og:url\" content=\"https:\/\/www.socan.com\/fr\/about\/governance\/\" \/>\n<meta property=\"og:site_name\" content=\"SOCAN\" \/>\n<meta property=\"article:modified_time\" content=\"2026-04-13T14:43:31+00:00\" \/>\n<meta name=\"twitter:card\" content=\"summary_large_image\" \/>\n<script type=\"application\/ld+json\" class=\"yoast-schema-graph\">{\"@context\":\"https:\/\/schema.org\",\"@graph\":[{\"@type\":\"WebPage\",\"@id\":\"https:\/\/www.socan.com\/about\/governance\/\",\"url\":\"https:\/\/www.socan.com\/about\/governance\/\",\"name\":\"Gouvernance\",\"isPartOf\":{\"@id\":\"https:\/\/www.socan.com\/#website\"},\"datePublished\":\"2019-12-02T17:40:15+00:00\",\"dateModified\":\"2026-04-13T14:43:31+00:00\",\"breadcrumb\":{\"@id\":\"https:\/\/www.socan.com\/about\/governance\/#breadcrumb\"},\"inLanguage\":\"fr-FR\",\"potentialAction\":[{\"@type\":\"ReadAction\",\"target\":[\"https:\/\/www.socan.com\/about\/governance\/\"]}]},{\"@type\":\"BreadcrumbList\",\"@id\":\"https:\/\/www.socan.com\/about\/governance\/#breadcrumb\",\"itemListElement\":[{\"@type\":\"ListItem\",\"position\":1,\"name\":\"Home\",\"item\":\"https:\/\/www.socan.com\/fr\/\"},{\"@type\":\"ListItem\",\"position\":2,\"name\":\"About\",\"item\":\"https:\/\/www.socan.com\/about\/\"},{\"@type\":\"ListItem\",\"position\":3,\"name\":\"Governance\"}]},{\"@type\":\"WebSite\",\"@id\":\"https:\/\/www.socan.com\/#website\",\"url\":\"https:\/\/www.socan.com\/\",\"name\":\"SOCAN\",\"description\":\"Gestion des droits\",\"potentialAction\":[{\"@type\":\"SearchAction\",\"target\":{\"@type\":\"EntryPoint\",\"urlTemplate\":\"https:\/\/www.socan.com\/?s={search_term_string}\"},\"query-input\":{\"@type\":\"PropertyValueSpecification\",\"valueRequired\":true,\"valueName\":\"search_term_string\"}}],\"inLanguage\":\"fr-FR\"}]}<\/script>\n<!-- \/ Yoast SEO plugin. -->","yoast_head_json":{"title":"Gouvernance","robots":{"index":"index","follow":"follow","max-snippet":"max-snippet:-1","max-image-preview":"max-image-preview:large","max-video-preview":"max-video-preview:-1"},"canonical":"https:\/\/www.socan.com\/fr\/about\/governance\/","og_locale":"fr_FR","og_type":"article","og_title":"[:en]Governance[:fr]Gouvernance[:] - SOCAN","og_description":"Montr\u00e9al\u00a0\u2013\u00a0On the evening of\u00a0December 2nd, a who\u2019s who of the Canadian music industry will gather in the Grand Salon of the H\u00f4tel Hyatt Regency Montr\u00e9al for the25th Annual SOCAN Montr\u00e9al Awards Gala\u00a0to celebrate the creative minds whose words and music have left a permanent mark in our hearts, ignited our imaginations, aroused our emotions, and [&hellip;]","og_url":"https:\/\/www.socan.com\/fr\/about\/governance\/","og_site_name":"SOCAN","article_modified_time":"2026-04-13T14:43:31+00:00","twitter_card":"summary_large_image","schema":{"@context":"https:\/\/schema.org","@graph":[{"@type":"WebPage","@id":"https:\/\/www.socan.com\/about\/governance\/","url":"https:\/\/www.socan.com\/about\/governance\/","name":"Gouvernance","isPartOf":{"@id":"https:\/\/www.socan.com\/#website"},"datePublished":"2019-12-02T17:40:15+00:00","dateModified":"2026-04-13T14:43:31+00:00","breadcrumb":{"@id":"https:\/\/www.socan.com\/about\/governance\/#breadcrumb"},"inLanguage":"fr-FR","potentialAction":[{"@type":"ReadAction","target":["https:\/\/www.socan.com\/about\/governance\/"]}]},{"@type":"BreadcrumbList","@id":"https:\/\/www.socan.com\/about\/governance\/#breadcrumb","itemListElement":[{"@type":"ListItem","position":1,"name":"Home","item":"https:\/\/www.socan.com\/fr\/"},{"@type":"ListItem","position":2,"name":"About","item":"https:\/\/www.socan.com\/about\/"},{"@type":"ListItem","position":3,"name":"Governance"}]},{"@type":"WebSite","@id":"https:\/\/www.socan.com\/#website","url":"https:\/\/www.socan.com\/","name":"SOCAN","description":"Gestion des droits","potentialAction":[{"@type":"SearchAction","target":{"@type":"EntryPoint","urlTemplate":"https:\/\/www.socan.com\/?s={search_term_string}"},"query-input":{"@type":"PropertyValueSpecification","valueRequired":true,"valueName":"search_term_string"}}],"inLanguage":"fr-FR"}]}},"_links":{"self":[{"href":"https:\/\/www.socan.com\/fr\/wp-json\/wp\/v2\/pages\/758","targetHints":{"allow":["GET"]}}],"collection":[{"href":"https:\/\/www.socan.com\/fr\/wp-json\/wp\/v2\/pages"}],"about":[{"href":"https:\/\/www.socan.com\/fr\/wp-json\/wp\/v2\/types\/page"}],"author":[{"embeddable":true,"href":"https:\/\/www.socan.com\/fr\/wp-json\/wp\/v2\/users\/1"}],"replies":[{"embeddable":true,"href":"https:\/\/www.socan.com\/fr\/wp-json\/wp\/v2\/comments?post=758"}],"version-history":[{"count":0,"href":"https:\/\/www.socan.com\/fr\/wp-json\/wp\/v2\/pages\/758\/revisions"}],"up":[{"embeddable":true,"href":"https:\/\/www.socan.com\/fr\/wp-json\/wp\/v2\/pages\/299"}],"wp:attachment":[{"href":"https:\/\/www.socan.com\/fr\/wp-json\/wp\/v2\/media?parent=758"}],"curies":[{"name":"wp","href":"https:\/\/api.w.org\/{rel}","templated":true}]}}