
{"id":1504,"date":"2019-12-10T09:41:00","date_gmt":"2019-12-10T09:41:00","guid":{"rendered":"https:\/\/socan50.wpengine.com\/?page_id=1504"},"modified":"2024-02-21T14:41:55","modified_gmt":"2024-02-21T19:41:55","slug":"accessibility","status":"publish","type":"page","link":"https:\/\/www.socan.com\/fr\/accessibility\/","title":{"rendered":"L\u2019ACCESSIBILIT\u00c9 \u00c0 LA SOCAN"},"content":{"rendered":"<p>La SOCAN s\u2019engage \u00e0 offrir un traitement et un acc\u00e8s \u00e9quitable \u00e0 ses services, programmes et installations d\u2019une mani\u00e8re qui respecte la dignit\u00e9 et l\u2019autonomie des personnes handicap\u00e9es.<\/p>\n<p>L\u2019<a href=\"\/wp-content\/uploads\/2023\/07\/Engagement-a-creer-une-organisation-accessible-2014.pdf\">Engagement \u00e0 cr\u00e9er une organisation accessible<\/a> de la SOCAN d\u00e9crit son engagement \u00e0 r\u00e9pondre aux exigences de la <em><a href=\"https:\/\/www.ontario.ca\/fr\/lois\/loi\/01o32\">Loi de 2001 sur les personnes handicap\u00e9es de l\u2019Ontario<\/a><\/em>, de la <em><a href=\"https:\/\/www.ontario.ca\/fr\/lois\/loi\/05a11\">Loi de 2005 sur l\u2019accessibilit\u00e9 pour les personnes handicap\u00e9es de l\u2019Ontario<\/a><\/em>, et du Code des droits de la personne de l\u2019Ontario.<\/p>\n<p>Si vous avez des questions, des commentaires ou besoin d&rsquo;aide en mati\u00e8re d&rsquo;accessibilit\u00e9, veuillez contacter <a href=\"hr@socan.com\">hr@socan.com<\/a><\/p>\n<p>Consultez le <a href=\"https:\/\/www.socan.com\/fr\/socan-multi-year-accessibility-plan\/\">Plan d\u2019accessibilit\u00e9 pluriannuel de la SOCAN<\/a> (SOCAN Multi-Year Accessibility Plan, disponible en anglais seulement pour l\u2019instant), afin d\u2019en savoir plus sur la fa\u00e7on dont notre organisation compte r\u00e9pondre \u00e0 ses obligations l\u00e9gales.<\/p>\n<p>&nbsp;<\/p>\n<p><a href=\"\/wp-content\/uploads\/2023\/07\/LAPHO-Declaration-de-politique-et-de-procedure-de-la-SOCAN-General-2021-Final_FC-CA.pdf\">LAPHO &#8211; D\u00e9claration de politique et de proc\u00e9dure de la SOCAN &#8211; G\u00e9n\u00e9ral<\/a><\/p>\n<p><a href=\"\/wp-content\/uploads\/2023\/07\/LAPHO-SOCAN-Declaration-de-politique-et-de-procedure-Service-a-la-clientele-2021.pdf\">LAPHO &#8211; SOCAN D\u00e9claration de politique et de proc\u00e9dure &#8211; Service \u00e0 la client\u00e8le<\/a><\/p>\n<p><a href=\"\/wp-content\/uploads\/2023\/07\/LAPHO-Declaration-de-politique-et-de-procedure-Retroaction-des-clients-2021.pdf\">LAPHO &#8211; SOCAN D\u00e9claration de politique et de proc\u00e9dure &#8211; R\u00e9troaction des clients<\/a><\/p>\n","protected":false},"excerpt":{"rendered":"<p>La SOCAN s\u2019engage \u00e0 offrir un traitement et un acc\u00e8s \u00e9quitable \u00e0 ses services, programmes et installations d\u2019une mani\u00e8re qui respecte la dignit\u00e9 et l\u2019autonomie des personnes handicap\u00e9es. L\u2019Engagement \u00e0 cr\u00e9er une organisation accessible de la SOCAN d\u00e9crit son engagement \u00e0 r\u00e9pondre aux exigences de la Loi de 2001 sur les personnes handicap\u00e9es de l\u2019Ontario, [&hellip;]<\/p>\n","protected":false},"author":1,"featured_media":0,"parent":0,"menu_order":23,"comment_status":"closed","ping_status":"closed","template":"","meta":{"_acf_changed":false,"footnotes":""},"class_list":["post-1504","page","type-page","status-publish","hentry"],"acf":[],"yoast_head":"<!-- This site is optimized with the Yoast SEO plugin v27.2 - https:\/\/yoast.com\/product\/yoast-seo-wordpress\/ -->\n<title>L\u2019ACCESSIBILIT\u00c9 \u00c0 LA SOCAN<\/title>\n<meta name=\"robots\" content=\"index, follow, max-snippet:-1, max-image-preview:large, max-video-preview:-1\" \/>\n<link rel=\"canonical\" href=\"https:\/\/www.socan.com\/fr\/accessibility\/\" \/>\n<meta property=\"og:locale\" content=\"fr_FR\" \/>\n<meta property=\"og:locale:alternate\" content=\"en_US\" \/>\n<meta property=\"og:type\" content=\"article\" \/>\n<meta property=\"og:title\" content=\"L\u2019ACCESSIBILIT\u00c9 \u00c0 LA SOCAN\" \/>\n<meta property=\"og:description\" content=\"La SOCAN s\u2019engage \u00e0 offrir un traitement et un acc\u00e8s \u00e9quitable \u00e0 ses services, programmes et installations d\u2019une mani\u00e8re qui respecte la dignit\u00e9 et l\u2019autonomie des personnes handicap\u00e9es. L\u2019Engagement \u00e0 cr\u00e9er une organisation accessible de la SOCAN d\u00e9crit son engagement \u00e0 r\u00e9pondre aux exigences de la Loi de 2001 sur les personnes handicap\u00e9es de l\u2019Ontario, [&hellip;]\" \/>\n<meta property=\"og:url\" content=\"https:\/\/www.socan.com\/fr\/accessibility\/\" \/>\n<meta property=\"og:site_name\" content=\"SOCAN\" \/>\n<meta property=\"article:modified_time\" content=\"2024-02-21T19:41:55+00:00\" \/>\n<meta name=\"twitter:card\" content=\"summary_large_image\" \/>\n<script type=\"application\/ld+json\" class=\"yoast-schema-graph\">{\"@context\":\"https:\/\/schema.org\",\"@graph\":[{\"@type\":\"WebPage\",\"@id\":\"https:\/\/www.socan.com\/fr\/accessibility\/\",\"url\":\"https:\/\/www.socan.com\/fr\/accessibility\/\",\"name\":\"L\u2019ACCESSIBILIT\u00c9 \u00c0 LA SOCAN\",\"isPartOf\":{\"@id\":\"https:\/\/www.socan.com\/#website\"},\"datePublished\":\"2019-12-10T09:41:00+00:00\",\"dateModified\":\"2024-02-21T19:41:55+00:00\",\"breadcrumb\":{\"@id\":\"https:\/\/www.socan.com\/fr\/accessibility\/#breadcrumb\"},\"inLanguage\":\"fr-FR\",\"potentialAction\":[{\"@type\":\"ReadAction\",\"target\":[\"https:\/\/www.socan.com\/fr\/accessibility\/\"]}]},{\"@type\":\"BreadcrumbList\",\"@id\":\"https:\/\/www.socan.com\/fr\/accessibility\/#breadcrumb\",\"itemListElement\":[{\"@type\":\"ListItem\",\"position\":1,\"name\":\"Home\",\"item\":\"https:\/\/www.socan.com\/fr\/\"},{\"@type\":\"ListItem\",\"position\":2,\"name\":\"L\u2019ACCESSIBILIT\u00c9 \u00c0 LA SOCAN\"}]},{\"@type\":\"WebSite\",\"@id\":\"https:\/\/www.socan.com\/#website\",\"url\":\"https:\/\/www.socan.com\/\",\"name\":\"SOCAN\",\"description\":\"Gestion des droits\",\"potentialAction\":[{\"@type\":\"SearchAction\",\"target\":{\"@type\":\"EntryPoint\",\"urlTemplate\":\"https:\/\/www.socan.com\/?s={search_term_string}\"},\"query-input\":{\"@type\":\"PropertyValueSpecification\",\"valueRequired\":true,\"valueName\":\"search_term_string\"}}],\"inLanguage\":\"fr-FR\"}]}<\/script>\n<!-- \/ Yoast SEO plugin. -->","yoast_head_json":{"title":"L\u2019ACCESSIBILIT\u00c9 \u00c0 LA SOCAN","robots":{"index":"index","follow":"follow","max-snippet":"max-snippet:-1","max-image-preview":"max-image-preview:large","max-video-preview":"max-video-preview:-1"},"canonical":"https:\/\/www.socan.com\/fr\/accessibility\/","og_locale":"fr_FR","og_type":"article","og_title":"[:en]Accessibility[:fr]L\u2019ACCESSIBILIT\u00c9 \u00c0 LA SOCAN[:] - SOCAN","og_description":"La SOCAN s\u2019engage \u00e0 offrir un traitement et un acc\u00e8s \u00e9quitable \u00e0 ses services, programmes et installations d\u2019une mani\u00e8re qui respecte la dignit\u00e9 et l\u2019autonomie des personnes handicap\u00e9es. L\u2019Engagement \u00e0 cr\u00e9er une organisation accessible de la SOCAN d\u00e9crit son engagement \u00e0 r\u00e9pondre aux exigences de la Loi de 2001 sur les personnes handicap\u00e9es de l\u2019Ontario, [&hellip;]","og_url":"https:\/\/www.socan.com\/fr\/accessibility\/","og_site_name":"SOCAN","article_modified_time":"2024-02-21T19:41:55+00:00","twitter_card":"summary_large_image","schema":{"@context":"https:\/\/schema.org","@graph":[{"@type":"WebPage","@id":"https:\/\/www.socan.com\/fr\/accessibility\/","url":"https:\/\/www.socan.com\/fr\/accessibility\/","name":"L\u2019ACCESSIBILIT\u00c9 \u00c0 LA SOCAN","isPartOf":{"@id":"https:\/\/www.socan.com\/#website"},"datePublished":"2019-12-10T09:41:00+00:00","dateModified":"2024-02-21T19:41:55+00:00","breadcrumb":{"@id":"https:\/\/www.socan.com\/fr\/accessibility\/#breadcrumb"},"inLanguage":"fr-FR","potentialAction":[{"@type":"ReadAction","target":["https:\/\/www.socan.com\/fr\/accessibility\/"]}]},{"@type":"BreadcrumbList","@id":"https:\/\/www.socan.com\/fr\/accessibility\/#breadcrumb","itemListElement":[{"@type":"ListItem","position":1,"name":"Home","item":"https:\/\/www.socan.com\/fr\/"},{"@type":"ListItem","position":2,"name":"L\u2019ACCESSIBILIT\u00c9 \u00c0 LA SOCAN"}]},{"@type":"WebSite","@id":"https:\/\/www.socan.com\/#website","url":"https:\/\/www.socan.com\/","name":"SOCAN","description":"Gestion des droits","potentialAction":[{"@type":"SearchAction","target":{"@type":"EntryPoint","urlTemplate":"https:\/\/www.socan.com\/?s={search_term_string}"},"query-input":{"@type":"PropertyValueSpecification","valueRequired":true,"valueName":"search_term_string"}}],"inLanguage":"fr-FR"}]}},"_links":{"self":[{"href":"https:\/\/www.socan.com\/fr\/wp-json\/wp\/v2\/pages\/1504","targetHints":{"allow":["GET"]}}],"collection":[{"href":"https:\/\/www.socan.com\/fr\/wp-json\/wp\/v2\/pages"}],"about":[{"href":"https:\/\/www.socan.com\/fr\/wp-json\/wp\/v2\/types\/page"}],"author":[{"embeddable":true,"href":"https:\/\/www.socan.com\/fr\/wp-json\/wp\/v2\/users\/1"}],"replies":[{"embeddable":true,"href":"https:\/\/www.socan.com\/fr\/wp-json\/wp\/v2\/comments?post=1504"}],"version-history":[{"count":0,"href":"https:\/\/www.socan.com\/fr\/wp-json\/wp\/v2\/pages\/1504\/revisions"}],"wp:attachment":[{"href":"https:\/\/www.socan.com\/fr\/wp-json\/wp\/v2\/media?parent=1504"}],"curies":[{"name":"wp","href":"https:\/\/api.w.org\/{rel}","templated":true}]}}