
{"id":14499,"date":"2026-01-21T16:24:20","date_gmt":"2026-01-21T21:24:20","guid":{"rendered":"https:\/\/www.socan.com\/?page_id=14499"},"modified":"2026-04-16T17:10:27","modified_gmt":"2026-04-16T21:10:27","slug":"new-member-portal","status":"publish","type":"page","link":"https:\/\/www.socan.com\/fr\/new-member-portal\/","title":{"rendered":"NOUVEAU PORTAIL DES MEMBRES"},"content":{"rendered":"<p>&nbsp;<\/p>\n<h3 style=\"text-align: center;\">Pr\u00eats \u00e0 utiliser votre nouveau portail des membres? Voici des informations importantes<\/h3>\n<p><a href=\"https:\/\/socanmemembersprod.b2clogin.com\/socanmemembersprod.onmicrosoft.com\/b2c_1a_membersportal_signupsignin\/oauth2\/v2.0\/authorize?client_id=05576681-be6e-40a5-b258-c176c967f53f&#038;scope=https%3A%2F%2Fsocanmemembersprod.onmicrosoft.com%2F9fea3b94-5476-4f22-847b-a5e0aaa1d87b%2FMatchingEngine.Read%20openid%20profile%20offline_access&#038;redirect_uri=https%3A%2F%2Fmemp.socan.com%2FaadB2CLogin&#038;client-request-id=a6507bee-1f6a-4795-9c58-0484781bc29f&#038;response_mode=fragment&#038;response_type=code&#038;x-client-SKU=msal.js.browser&#038;x-client-VER=2.39.0&#038;client_info=1&#038;code_challenge=REk6rJ-JMKKCIjZkNvgnZ5ZsIN_Ktt8KbHHXuhlJCFw&#038;code_challenge_method=S256&#038;nonce=c914261c-c286-4d9b-b65c-22c69b3e0d58&#038;state=eyJpZCI6ImMwZmJmMDQzLTliYjAtNDZkOC1iZDljLWYyZWM3MTQyMTU2YiIsIm1ldGEiOnsiaW50ZXJhY3Rpb25UeXBlIjoicmVkaXJlY3QifX0%3D&#038;claims=%7B%22access_token%22%3A%7B%22xms_cc%22%3A%7B%22values%22%3A%5B%22CP1%22%5D%7D%7D%7D&#038;ui_locales=fr-CA\" target=\"_blank\" rel=\"noopener\"><img loading=\"lazy\" decoding=\"async\" class=\"alignnone wp-image-14510 size-large\" src=\"https:\/\/www.socan.com\/wp-content\/uploads\/2026\/01\/NEW_Banner_1_FR-main-1024x341.png\" alt=\"\" width=\"1024\" height=\"341\" srcset=\"https:\/\/www.socan.com\/wp-content\/uploads\/2026\/01\/NEW_Banner_1_FR-main-1024x341.png 1024w, https:\/\/www.socan.com\/wp-content\/uploads\/2026\/01\/NEW_Banner_1_FR-main-300x100.png 300w, https:\/\/www.socan.com\/wp-content\/uploads\/2026\/01\/NEW_Banner_1_FR-main-768x256.png 768w, https:\/\/www.socan.com\/wp-content\/uploads\/2026\/01\/NEW_Banner_1_FR-main.png 1200w\" sizes=\"auto, (max-width: 1024px) 100vw, 1024px\" \/><\/a><\/p>\n<h4>*Tous les utilisateurs actuels du portail de la SOCAN doivent cr\u00e9er de nouveaux identifiants en cliquant sur \u00ab\u2009Cr\u00e9er un nouveau compte\u2009\u00bb sur la page de connexion afin d\u2019avoir acc\u00e8s au nouveau portail*<\/h4>\n<h5>Que vous soyez d\u00e9j\u00e0 membre ou que vous songiez \u00e0 le devenir, la vid\u00e9o ci-dessous vous expliquera comment vous inscrire au nouveau portail.<\/h5>\n<p><a href=\"https:\/\/youtube.com\/shorts\/0Kslr1WOAAI\" target=\"_blank\" rel=\"noopener\"><img loading=\"lazy\" decoding=\"async\" class=\"alignnone wp-image-14511 size-large\" src=\"https:\/\/www.socan.com\/wp-content\/uploads\/2026\/01\/NEW_Banner_2_FR-video-1024x171.png\" alt=\"\" width=\"1024\" height=\"171\" srcset=\"https:\/\/www.socan.com\/wp-content\/uploads\/2026\/01\/NEW_Banner_2_FR-video-1024x171.png 1024w, https:\/\/www.socan.com\/wp-content\/uploads\/2026\/01\/NEW_Banner_2_FR-video-300x50.png 300w, https:\/\/www.socan.com\/wp-content\/uploads\/2026\/01\/NEW_Banner_2_FR-video-768x128.png 768w, https:\/\/www.socan.com\/wp-content\/uploads\/2026\/01\/NEW_Banner_2_FR-video.png 1425w\" sizes=\"auto, (max-width: 1024px) 100vw, 1024px\" \/><\/a><\/p>\n<h5>Vous trouverez d\u2019autres vid\u00e9os utiles et ressources dans la section <a href=\"https:\/\/app.getguru.com\/card\/TpgpyB8c\/Pour-partir-du-bon-pied\" target=\"_blank\" rel=\"noopener\">Ressources pour les membres<\/a> du portail.<\/h5>\n<h5>En savoir plus sur les <a href=\"https:\/\/www.socan.com\/fr\/new-member-portal-features-functionality\/\" target=\"_blank\" rel=\"noopener\">nouvelles fonctionnalit\u00e9s et options<\/a> du portail.<\/h5>\n<h4><span style=\"text-decoration: underline;\">Contactez-nous pour du soutien additionnel.<\/span><\/h4>\n<h5>Courriel <a href=\"mailto:membres@socan.com\">membres@socan.com<\/a>. Merci d\u2019inclure \u00ab\u2009nouveau portail\u2009\u00bb dans l\u2019objet de votre courriel.<\/h5>\n<h5>Par t\u00e9l\u00e9phone\u00a0: 1-800-557-6226. Veuillez noter qu\u2019en raison de l\u2019activit\u00e9 accrue entourant le lancement du nouveau portail, notre temps de r\u00e9ponse pourrait \u00eatre plus long qu\u2019\u00e0 l\u2019habitude.<\/h5>\n<h4 style=\"text-align: center;\">N\u2019oubliez pas d\u2019ajouter le <a href=\"https:\/\/socanmemembersprod.b2clogin.com\/socanmemembersprod.onmicrosoft.com\/b2c_1a_membersportal_signupsignin\/oauth2\/v2.0\/authorize?client_id=05576681-be6e-40a5-b258-c176c967f53f&#038;scope=https%3A%2F%2Fsocanmemembersprod.onmicrosoft.com%2F9fea3b94-5476-4f22-847b-a5e0aaa1d87b%2FMatchingEngine.Read%20openid%20profile%20offline_access&#038;redirect_uri=https%3A%2F%2Fmemp.socan.com%2FaadB2CLogin&#038;client-request-id=a6507bee-1f6a-4795-9c58-0484781bc29f&#038;response_mode=fragment&#038;response_type=code&#038;x-client-SKU=msal.js.browser&#038;x-client-VER=2.39.0&#038;client_info=1&#038;code_challenge=REk6rJ-JMKKCIjZkNvgnZ5ZsIN_Ktt8KbHHXuhlJCFw&#038;code_challenge_method=S256&#038;nonce=c914261c-c286-4d9b-b65c-22c69b3e0d58&#038;state=eyJpZCI6ImMwZmJmMDQzLTliYjAtNDZkOC1iZDljLWYyZWM3MTQyMTU2YiIsIm1ldGEiOnsiaW50ZXJhY3Rpb25UeXBlIjoicmVkaXJlY3QifX0%3D&#038;claims=%7B%22access_token%22%3A%7B%22xms_cc%22%3A%7B%22values%22%3A%5B%22CP1%22%5D%7D%7D%7D&#038;ui_locales=fr-CA\" target=\"_blank\" rel=\"noopener\">nouveau portail<\/a> et <a href=\"https:\/\/app.getguru.com\/card\/TpgpyB8c\/Pour-partir-du-bon-pied\" target=\"_blank\" rel=\"noopener\">ses ressources<\/a> \u00e0 vos favoris!<\/h4>\n","protected":false},"excerpt":{"rendered":"<p>&nbsp; Pr\u00eats \u00e0 utiliser votre nouveau portail des membres? Voici des informations importantes *Tous les utilisateurs actuels du portail de la SOCAN doivent cr\u00e9er de nouveaux identifiants en cliquant sur \u00ab\u2009Cr\u00e9er un nouveau compte\u2009\u00bb sur la page de connexion afin d\u2019avoir acc\u00e8s au nouveau portail* Que vous soyez d\u00e9j\u00e0 membre ou que vous songiez \u00e0 [&hellip;]<\/p>\n","protected":false},"author":13,"featured_media":0,"parent":0,"menu_order":0,"comment_status":"closed","ping_status":"closed","template":"","meta":{"_acf_changed":false,"footnotes":""},"class_list":["post-14499","page","type-page","status-publish","hentry"],"acf":[],"yoast_head":"<!-- This site is optimized with the Yoast SEO plugin v27.2 - https:\/\/yoast.com\/product\/yoast-seo-wordpress\/ -->\n<title>NOUVEAU PORTAIL DES MEMBRES<\/title>\n<meta name=\"robots\" content=\"index, follow, max-snippet:-1, max-image-preview:large, max-video-preview:-1\" \/>\n<link rel=\"canonical\" href=\"https:\/\/www.socan.com\/fr\/new-member-portal\/\" \/>\n<meta property=\"og:locale\" content=\"fr_FR\" \/>\n<meta property=\"og:locale:alternate\" content=\"en_US\" \/>\n<meta property=\"og:type\" content=\"article\" \/>\n<meta property=\"og:title\" content=\"NOUVEAU PORTAIL DES MEMBRES\" \/>\n<meta property=\"og:description\" content=\"&nbsp; Pr\u00eats \u00e0 utiliser votre nouveau portail des membres? Voici des informations importantes *Tous les utilisateurs actuels du portail de la SOCAN doivent cr\u00e9er de nouveaux identifiants en cliquant sur \u00ab\u2009Cr\u00e9er un nouveau compte\u2009\u00bb sur la page de connexion afin d\u2019avoir acc\u00e8s au nouveau portail* Que vous soyez d\u00e9j\u00e0 membre ou que vous songiez \u00e0 [&hellip;]\" \/>\n<meta property=\"og:url\" content=\"https:\/\/www.socan.com\/fr\/new-member-portal\/\" \/>\n<meta property=\"og:site_name\" content=\"SOCAN\" \/>\n<meta property=\"article:modified_time\" content=\"2026-04-16T21:10:27+00:00\" \/>\n<meta property=\"og:image\" content=\"https:\/\/www.socan.com\/wp-content\/uploads\/2026\/01\/NEW_Banner_1_eng-main-1.png\" \/>\n\t<meta property=\"og:image:width\" content=\"1200\" \/>\n\t<meta property=\"og:image:height\" content=\"400\" \/>\n\t<meta property=\"og:image:type\" content=\"image\/png\" \/>\n<meta name=\"twitter:card\" content=\"summary_large_image\" \/>\n<script type=\"application\/ld+json\" class=\"yoast-schema-graph\">{\"@context\":\"https:\/\/schema.org\",\"@graph\":[{\"@type\":\"WebPage\",\"@id\":\"https:\/\/www.socan.com\/new-member-portal\/\",\"url\":\"https:\/\/www.socan.com\/new-member-portal\/\",\"name\":\"NOUVEAU PORTAIL DES MEMBRES\",\"isPartOf\":{\"@id\":\"https:\/\/www.socan.com\/#website\"},\"primaryImageOfPage\":{\"@id\":\"https:\/\/www.socan.com\/new-member-portal\/#primaryimage\"},\"image\":{\"@id\":\"https:\/\/www.socan.com\/new-member-portal\/#primaryimage\"},\"thumbnailUrl\":\"https:\/\/www.socan.com\/wp-content\/uploads\/2026\/01\/NEW_Banner_1_eng-main-1-1024x341.png\",\"datePublished\":\"2026-01-21T21:24:20+00:00\",\"dateModified\":\"2026-04-16T21:10:27+00:00\",\"breadcrumb\":{\"@id\":\"https:\/\/www.socan.com\/new-member-portal\/#breadcrumb\"},\"inLanguage\":\"fr-FR\",\"potentialAction\":[{\"@type\":\"ReadAction\",\"target\":[\"https:\/\/www.socan.com\/new-member-portal\/\"]}]},{\"@type\":\"ImageObject\",\"inLanguage\":\"fr-FR\",\"@id\":\"https:\/\/www.socan.com\/new-member-portal\/#primaryimage\",\"url\":\"https:\/\/www.socan.com\/wp-content\/uploads\/2026\/01\/NEW_Banner_1_eng-main-1-1024x341.png\",\"contentUrl\":\"https:\/\/www.socan.com\/wp-content\/uploads\/2026\/01\/NEW_Banner_1_eng-main-1-1024x341.png\"},{\"@type\":\"BreadcrumbList\",\"@id\":\"https:\/\/www.socan.com\/new-member-portal\/#breadcrumb\",\"itemListElement\":[{\"@type\":\"ListItem\",\"position\":1,\"name\":\"Home\",\"item\":\"https:\/\/www.socan.com\/fr\/\"},{\"@type\":\"ListItem\",\"position\":2,\"name\":\"NEW MEMBER PORTAL\"}]},{\"@type\":\"WebSite\",\"@id\":\"https:\/\/www.socan.com\/#website\",\"url\":\"https:\/\/www.socan.com\/\",\"name\":\"SOCAN\",\"description\":\"Gestion des droits\",\"potentialAction\":[{\"@type\":\"SearchAction\",\"target\":{\"@type\":\"EntryPoint\",\"urlTemplate\":\"https:\/\/www.socan.com\/?s={search_term_string}\"},\"query-input\":{\"@type\":\"PropertyValueSpecification\",\"valueRequired\":true,\"valueName\":\"search_term_string\"}}],\"inLanguage\":\"fr-FR\"}]}<\/script>\n<!-- \/ Yoast SEO plugin. -->","yoast_head_json":{"title":"NOUVEAU PORTAIL DES MEMBRES","robots":{"index":"index","follow":"follow","max-snippet":"max-snippet:-1","max-image-preview":"max-image-preview:large","max-video-preview":"max-video-preview:-1"},"canonical":"https:\/\/www.socan.com\/fr\/new-member-portal\/","og_locale":"fr_FR","og_type":"article","og_title":"[:en]NEW MEMBER PORTAL[:fr]NOUVEAU PORTAIL DES MEMBRES[:] - SOCAN","og_description":"&nbsp; Pr\u00eats \u00e0 utiliser votre nouveau portail des membres? Voici des informations importantes *Tous les utilisateurs actuels du portail de la SOCAN doivent cr\u00e9er de nouveaux identifiants en cliquant sur \u00ab\u2009Cr\u00e9er un nouveau compte\u2009\u00bb sur la page de connexion afin d\u2019avoir acc\u00e8s au nouveau portail* Que vous soyez d\u00e9j\u00e0 membre ou que vous songiez \u00e0 [&hellip;]","og_url":"https:\/\/www.socan.com\/fr\/new-member-portal\/","og_site_name":"SOCAN","article_modified_time":"2026-04-16T21:10:27+00:00","og_image":[{"width":1200,"height":400,"url":"https:\/\/www.socan.com\/wp-content\/uploads\/2026\/01\/NEW_Banner_1_eng-main-1.png","type":"image\/png"}],"twitter_card":"summary_large_image","schema":{"@context":"https:\/\/schema.org","@graph":[{"@type":"WebPage","@id":"https:\/\/www.socan.com\/new-member-portal\/","url":"https:\/\/www.socan.com\/new-member-portal\/","name":"NOUVEAU PORTAIL DES MEMBRES","isPartOf":{"@id":"https:\/\/www.socan.com\/#website"},"primaryImageOfPage":{"@id":"https:\/\/www.socan.com\/new-member-portal\/#primaryimage"},"image":{"@id":"https:\/\/www.socan.com\/new-member-portal\/#primaryimage"},"thumbnailUrl":"https:\/\/www.socan.com\/wp-content\/uploads\/2026\/01\/NEW_Banner_1_eng-main-1-1024x341.png","datePublished":"2026-01-21T21:24:20+00:00","dateModified":"2026-04-16T21:10:27+00:00","breadcrumb":{"@id":"https:\/\/www.socan.com\/new-member-portal\/#breadcrumb"},"inLanguage":"fr-FR","potentialAction":[{"@type":"ReadAction","target":["https:\/\/www.socan.com\/new-member-portal\/"]}]},{"@type":"ImageObject","inLanguage":"fr-FR","@id":"https:\/\/www.socan.com\/new-member-portal\/#primaryimage","url":"https:\/\/www.socan.com\/wp-content\/uploads\/2026\/01\/NEW_Banner_1_eng-main-1-1024x341.png","contentUrl":"https:\/\/www.socan.com\/wp-content\/uploads\/2026\/01\/NEW_Banner_1_eng-main-1-1024x341.png"},{"@type":"BreadcrumbList","@id":"https:\/\/www.socan.com\/new-member-portal\/#breadcrumb","itemListElement":[{"@type":"ListItem","position":1,"name":"Home","item":"https:\/\/www.socan.com\/fr\/"},{"@type":"ListItem","position":2,"name":"NEW MEMBER PORTAL"}]},{"@type":"WebSite","@id":"https:\/\/www.socan.com\/#website","url":"https:\/\/www.socan.com\/","name":"SOCAN","description":"Gestion des droits","potentialAction":[{"@type":"SearchAction","target":{"@type":"EntryPoint","urlTemplate":"https:\/\/www.socan.com\/?s={search_term_string}"},"query-input":{"@type":"PropertyValueSpecification","valueRequired":true,"valueName":"search_term_string"}}],"inLanguage":"fr-FR"}]}},"_links":{"self":[{"href":"https:\/\/www.socan.com\/fr\/wp-json\/wp\/v2\/pages\/14499","targetHints":{"allow":["GET"]}}],"collection":[{"href":"https:\/\/www.socan.com\/fr\/wp-json\/wp\/v2\/pages"}],"about":[{"href":"https:\/\/www.socan.com\/fr\/wp-json\/wp\/v2\/types\/page"}],"author":[{"embeddable":true,"href":"https:\/\/www.socan.com\/fr\/wp-json\/wp\/v2\/users\/13"}],"replies":[{"embeddable":true,"href":"https:\/\/www.socan.com\/fr\/wp-json\/wp\/v2\/comments?post=14499"}],"version-history":[{"count":0,"href":"https:\/\/www.socan.com\/fr\/wp-json\/wp\/v2\/pages\/14499\/revisions"}],"wp:attachment":[{"href":"https:\/\/www.socan.com\/fr\/wp-json\/wp\/v2\/media?parent=14499"}],"curies":[{"name":"wp","href":"https:\/\/api.w.org\/{rel}","templated":true}]}}