
{"id":14495,"date":"2026-01-20T12:06:18","date_gmt":"2026-01-20T17:06:18","guid":{"rendered":"https:\/\/www.socan.com\/fr\/?page_id=14495"},"modified":"2026-01-26T16:39:41","modified_gmt":"2026-01-26T21:39:41","slug":"new-member-portal-features-functionality","status":"publish","type":"page","link":"https:\/\/www.socan.com\/fr\/new-member-portal-features-functionality\/","title":{"rendered":"Nouveaut\u00e9s dans le portail des membres"},"content":{"rendered":"<h5><img loading=\"lazy\" decoding=\"async\" class=\"alignnone wp-image-14507 size-large\" src=\"https:\/\/www.socan.com\/wp-content\/uploads\/2026\/01\/new-portal-banner-FR-1024x341.png\" alt=\"\" width=\"1024\" height=\"341\" srcset=\"https:\/\/www.socan.com\/wp-content\/uploads\/2026\/01\/new-portal-banner-FR-1024x341.png 1024w, https:\/\/www.socan.com\/wp-content\/uploads\/2026\/01\/new-portal-banner-FR-300x100.png 300w, https:\/\/www.socan.com\/wp-content\/uploads\/2026\/01\/new-portal-banner-FR-768x256.png 768w, https:\/\/www.socan.com\/wp-content\/uploads\/2026\/01\/new-portal-banner-FR.png 1275w\" sizes=\"auto, (max-width: 1024px) 100vw, 1024px\" \/><\/h5>\n<h5 style=\"text-align: center;\">Nous esp\u00e9rons que les informations qui suivent vous seront utiles pour vous familiariser avec votre nouveau portail des membres. D\u2019autres fonctionnalit\u00e9s seront ajout\u00e9es en cours de route et nous vous en ferons part d\u00e8s qu\u2019elles seront disponibles.<\/h5>\n<h2>Gestion d\u2019\u0153uvres et de catalogues<\/h2>\n<h4 style=\"padding-left: 40px;\"><a href=\"https:\/\/www.socan.com\/wp-content\/uploads\/2026\/01\/Gestion-doeuvres-et-de-catalogues.pdf\" target=\"_blank\" rel=\"noopener\">D\u00e9couvrez comment d\u00e9clarer une \u0153uvre et naviguer dans votre catalogue.<\/a><\/h4>\n<p>&nbsp;<\/p>\n<h2>Gestion des rapports de contenu musical<\/h2>\n<h4 style=\"padding-left: 40px;\"><a href=\"https:\/\/www.socan.com\/wp-content\/uploads\/2026\/01\/Soumission-et-gestion-de-rapports-de-contenu-musical.pdf\" target=\"_blank\" rel=\"noopener\">D\u00e9couvrez comment visualiser et soumettre des rapports de contenu musical.<\/a><\/h4>\n<p>&nbsp;<\/p>\n<h2>D\u00e9clarations de concerts et de programmes musicaux<\/h2>\n<h4 style=\"padding-left: 40px;\"><a href=\"https:\/\/www.socan.com\/wp-content\/uploads\/2026\/01\/Declarations-de-concerts-et-de-programmes-musicaux.pdf\" target=\"_blank\" rel=\"noopener\">Informer la SOCAN de vos concerts est maintenant plus simple.<\/a><\/h4>\n<p>&nbsp;<\/p>\n<h2>Gestion de votre droit de reproduction<\/h2>\n<h4 style=\"padding-left: 40px;\"><a href=\"https:\/\/www.socan.com\/wp-content\/uploads\/2026\/01\/Gestion-de-votre-droit-de-reproduction.pdf\" target=\"_blank\" rel=\"noopener\">Renseignements importants sur la d\u00e9claration des droits de reproduction (m\u00e9caniques).<\/a><\/h4>\n<p>&nbsp;<\/p>\n<h2>Am\u00e9liorations de l\u2019exp\u00e9rience utilisateur et de la gestion de profil<\/h2>\n<h4 style=\"padding-left: 40px;\"><a href=\"https:\/\/www.socan.com\/wp-content\/uploads\/2026\/01\/Ameliorations-de-lexperience.pdf\" target=\"_blank\" rel=\"noopener\">Changements importants qui am\u00e9liorent votre exp\u00e9rience utilisateur.<\/a><\/h4>\n<p>&nbsp;<\/p>\n<h2>Gestion de cas \u00e0 m\u00eame le portail<\/h2>\n<h4 style=\"padding-left: 40px;\"><a href=\"https:\/\/www.socan.com\/wp-content\/uploads\/2026\/01\/Gestion-de-cas-a-meme-le-portail.pdf\" target=\"_blank\" rel=\"noopener\">Soumettez vos questions et demandes sur de nombreux sujets directement dans le portail.<\/a><\/h4>\n<p>&nbsp;<\/p>\n<h2>Gestion d\u2019ententes pour les maisons d\u2019\u00e9dition et les administrateurs<\/h2>\n<h4 style=\"padding-left: 40px;\"><a href=\"https:\/\/www.socan.com\/wp-content\/uploads\/2026\/01\/Gestion-dententes-pour-les-maisons.pdf\" target=\"_blank\" rel=\"noopener\">Apprenez-en plus au sujet de l\u2019\u00e9volution de la gestion des ententes.<\/a><\/h4>\n<p>&nbsp;<\/p>\n<h2>Acc\u00e8s \u00e0 vos relev\u00e9s<\/h2>\n<h4 style=\"padding-left: 40px;\"><a href=\"https:\/\/www.socan.com\/wp-content\/uploads\/2026\/01\/Acces-a-vos-releves.pdf\" target=\"_blank\" rel=\"noopener\">Important \u2014 vous aurez acc\u00e8s \u00e0 vos relev\u00e9s dans les portails actuels du droit d\u2019ex\u00e9cution et du droit de reproduction jusqu\u2019au printemps prochain.<\/a><\/h4>\n<p>&nbsp;<\/p>\n<h2>Migration des donn\u00e9es et gestion des doublons<\/h2>\n<h4 style=\"padding-left: 40px;\"><a href=\"https:\/\/www.socan.com\/wp-content\/uploads\/2026\/01\/Migration-des-donnees-et-gestion-des-doublons.pdf\" target=\"_blank\" rel=\"noopener\">Nous avons nettoy\u00e9 et consolid\u00e9 le r\u00e9pertoire de la SOCAN ; prenez connaissance des crit\u00e8res de migration.<\/a><\/h4>\n","protected":false},"excerpt":{"rendered":"<p>Nous esp\u00e9rons que les informations qui suivent vous seront utiles pour vous familiariser avec votre nouveau portail des membres. D\u2019autres fonctionnalit\u00e9s seront ajout\u00e9es en cours de route et nous vous en ferons part d\u00e8s qu\u2019elles seront disponibles. Gestion d\u2019\u0153uvres et de catalogues D\u00e9couvrez comment d\u00e9clarer une \u0153uvre et naviguer dans votre catalogue. &nbsp; Gestion des [&hellip;]<\/p>\n","protected":false},"author":13,"featured_media":0,"parent":0,"menu_order":0,"comment_status":"closed","ping_status":"closed","template":"","meta":{"_acf_changed":false,"footnotes":""},"class_list":["post-14495","page","type-page","status-publish","hentry"],"acf":[],"yoast_head":"<!-- This site is optimized with the Yoast SEO plugin v27.2 - https:\/\/yoast.com\/product\/yoast-seo-wordpress\/ -->\n<title>Nouveaut\u00e9s dans le portail des membres<\/title>\n<meta name=\"robots\" content=\"index, follow, max-snippet:-1, max-image-preview:large, max-video-preview:-1\" \/>\n<link rel=\"canonical\" href=\"https:\/\/www.socan.com\/fr\/new-member-portal-features-functionality\/\" \/>\n<meta property=\"og:locale\" content=\"fr_FR\" \/>\n<meta property=\"og:locale:alternate\" content=\"en_US\" \/>\n<meta property=\"og:type\" content=\"article\" \/>\n<meta property=\"og:title\" content=\"Nouveaut\u00e9s dans le portail des membres\" \/>\n<meta property=\"og:description\" content=\"Nous esp\u00e9rons que les informations qui suivent vous seront utiles pour vous familiariser avec votre nouveau portail des membres. D\u2019autres fonctionnalit\u00e9s seront ajout\u00e9es en cours de route et nous vous en ferons part d\u00e8s qu\u2019elles seront disponibles. Gestion d\u2019\u0153uvres et de catalogues D\u00e9couvrez comment d\u00e9clarer une \u0153uvre et naviguer dans votre catalogue. &nbsp; Gestion des [&hellip;]\" \/>\n<meta property=\"og:url\" content=\"https:\/\/www.socan.com\/fr\/new-member-portal-features-functionality\/\" \/>\n<meta property=\"og:site_name\" content=\"SOCAN\" \/>\n<meta property=\"article:modified_time\" content=\"2026-01-26T21:39:41+00:00\" \/>\n<meta property=\"og:image\" content=\"https:\/\/www.socan.com\/wp-content\/uploads\/2026\/01\/SP_sensorpro_mainbanner-1024x341.png\" \/>\n<meta name=\"twitter:card\" content=\"summary_large_image\" \/>\n<script type=\"application\/ld+json\" class=\"yoast-schema-graph\">{\"@context\":\"https:\/\/schema.org\",\"@graph\":[{\"@type\":\"WebPage\",\"@id\":\"https:\/\/www.socan.com\/fr\/new-member-portal-features-functionality\/\",\"url\":\"https:\/\/www.socan.com\/fr\/new-member-portal-features-functionality\/\",\"name\":\"Nouveaut\u00e9s dans le portail des membres\",\"isPartOf\":{\"@id\":\"https:\/\/www.socan.com\/#website\"},\"primaryImageOfPage\":{\"@id\":\"https:\/\/www.socan.com\/fr\/new-member-portal-features-functionality\/#primaryimage\"},\"image\":{\"@id\":\"https:\/\/www.socan.com\/fr\/new-member-portal-features-functionality\/#primaryimage\"},\"thumbnailUrl\":\"https:\/\/www.socan.com\/wp-content\/uploads\/2026\/01\/SP_sensorpro_mainbanner-1024x341.png\",\"datePublished\":\"2026-01-20T17:06:18+00:00\",\"dateModified\":\"2026-01-26T21:39:41+00:00\",\"breadcrumb\":{\"@id\":\"https:\/\/www.socan.com\/fr\/new-member-portal-features-functionality\/#breadcrumb\"},\"inLanguage\":\"fr-FR\",\"potentialAction\":[{\"@type\":\"ReadAction\",\"target\":[\"https:\/\/www.socan.com\/fr\/new-member-portal-features-functionality\/\"]}]},{\"@type\":\"ImageObject\",\"inLanguage\":\"fr-FR\",\"@id\":\"https:\/\/www.socan.com\/fr\/new-member-portal-features-functionality\/#primaryimage\",\"url\":\"https:\/\/www.socan.com\/wp-content\/uploads\/2026\/01\/SP_sensorpro_mainbanner-1024x341.png\",\"contentUrl\":\"https:\/\/www.socan.com\/wp-content\/uploads\/2026\/01\/SP_sensorpro_mainbanner-1024x341.png\"},{\"@type\":\"BreadcrumbList\",\"@id\":\"https:\/\/www.socan.com\/fr\/new-member-portal-features-functionality\/#breadcrumb\",\"itemListElement\":[{\"@type\":\"ListItem\",\"position\":1,\"name\":\"Home\",\"item\":\"https:\/\/www.socan.com\/fr\/\"},{\"@type\":\"ListItem\",\"position\":2,\"name\":\"Nouveaut\u00e9s dans le portail des membres\"}]},{\"@type\":\"WebSite\",\"@id\":\"https:\/\/www.socan.com\/#website\",\"url\":\"https:\/\/www.socan.com\/\",\"name\":\"SOCAN\",\"description\":\"Gestion des droits\",\"potentialAction\":[{\"@type\":\"SearchAction\",\"target\":{\"@type\":\"EntryPoint\",\"urlTemplate\":\"https:\/\/www.socan.com\/?s={search_term_string}\"},\"query-input\":{\"@type\":\"PropertyValueSpecification\",\"valueRequired\":true,\"valueName\":\"search_term_string\"}}],\"inLanguage\":\"fr-FR\"}]}<\/script>\n<!-- \/ Yoast SEO plugin. -->","yoast_head_json":{"title":"Nouveaut\u00e9s dans le portail des membres","robots":{"index":"index","follow":"follow","max-snippet":"max-snippet:-1","max-image-preview":"max-image-preview:large","max-video-preview":"max-video-preview:-1"},"canonical":"https:\/\/www.socan.com\/fr\/new-member-portal-features-functionality\/","og_locale":"fr_FR","og_type":"article","og_title":"[:en]New Member Portal Features & Functionality[:fr]Nouveaut\u00e9s dans le portail des membres[:] - SOCAN","og_description":"Nous esp\u00e9rons que les informations qui suivent vous seront utiles pour vous familiariser avec votre nouveau portail des membres. D\u2019autres fonctionnalit\u00e9s seront ajout\u00e9es en cours de route et nous vous en ferons part d\u00e8s qu\u2019elles seront disponibles. Gestion d\u2019\u0153uvres et de catalogues D\u00e9couvrez comment d\u00e9clarer une \u0153uvre et naviguer dans votre catalogue. &nbsp; Gestion des [&hellip;]","og_url":"https:\/\/www.socan.com\/fr\/new-member-portal-features-functionality\/","og_site_name":"SOCAN","article_modified_time":"2026-01-26T21:39:41+00:00","og_image":[{"url":"https:\/\/www.socan.com\/wp-content\/uploads\/2026\/01\/SP_sensorpro_mainbanner-1024x341.png","type":"","width":"","height":""}],"twitter_card":"summary_large_image","schema":{"@context":"https:\/\/schema.org","@graph":[{"@type":"WebPage","@id":"https:\/\/www.socan.com\/fr\/new-member-portal-features-functionality\/","url":"https:\/\/www.socan.com\/fr\/new-member-portal-features-functionality\/","name":"Nouveaut\u00e9s dans le portail des membres","isPartOf":{"@id":"https:\/\/www.socan.com\/#website"},"primaryImageOfPage":{"@id":"https:\/\/www.socan.com\/fr\/new-member-portal-features-functionality\/#primaryimage"},"image":{"@id":"https:\/\/www.socan.com\/fr\/new-member-portal-features-functionality\/#primaryimage"},"thumbnailUrl":"https:\/\/www.socan.com\/wp-content\/uploads\/2026\/01\/SP_sensorpro_mainbanner-1024x341.png","datePublished":"2026-01-20T17:06:18+00:00","dateModified":"2026-01-26T21:39:41+00:00","breadcrumb":{"@id":"https:\/\/www.socan.com\/fr\/new-member-portal-features-functionality\/#breadcrumb"},"inLanguage":"fr-FR","potentialAction":[{"@type":"ReadAction","target":["https:\/\/www.socan.com\/fr\/new-member-portal-features-functionality\/"]}]},{"@type":"ImageObject","inLanguage":"fr-FR","@id":"https:\/\/www.socan.com\/fr\/new-member-portal-features-functionality\/#primaryimage","url":"https:\/\/www.socan.com\/wp-content\/uploads\/2026\/01\/SP_sensorpro_mainbanner-1024x341.png","contentUrl":"https:\/\/www.socan.com\/wp-content\/uploads\/2026\/01\/SP_sensorpro_mainbanner-1024x341.png"},{"@type":"BreadcrumbList","@id":"https:\/\/www.socan.com\/fr\/new-member-portal-features-functionality\/#breadcrumb","itemListElement":[{"@type":"ListItem","position":1,"name":"Home","item":"https:\/\/www.socan.com\/fr\/"},{"@type":"ListItem","position":2,"name":"Nouveaut\u00e9s dans le portail des membres"}]},{"@type":"WebSite","@id":"https:\/\/www.socan.com\/#website","url":"https:\/\/www.socan.com\/","name":"SOCAN","description":"Gestion des droits","potentialAction":[{"@type":"SearchAction","target":{"@type":"EntryPoint","urlTemplate":"https:\/\/www.socan.com\/?s={search_term_string}"},"query-input":{"@type":"PropertyValueSpecification","valueRequired":true,"valueName":"search_term_string"}}],"inLanguage":"fr-FR"}]}},"_links":{"self":[{"href":"https:\/\/www.socan.com\/fr\/wp-json\/wp\/v2\/pages\/14495","targetHints":{"allow":["GET"]}}],"collection":[{"href":"https:\/\/www.socan.com\/fr\/wp-json\/wp\/v2\/pages"}],"about":[{"href":"https:\/\/www.socan.com\/fr\/wp-json\/wp\/v2\/types\/page"}],"author":[{"embeddable":true,"href":"https:\/\/www.socan.com\/fr\/wp-json\/wp\/v2\/users\/13"}],"replies":[{"embeddable":true,"href":"https:\/\/www.socan.com\/fr\/wp-json\/wp\/v2\/comments?post=14495"}],"version-history":[{"count":0,"href":"https:\/\/www.socan.com\/fr\/wp-json\/wp\/v2\/pages\/14495\/revisions"}],"wp:attachment":[{"href":"https:\/\/www.socan.com\/fr\/wp-json\/wp\/v2\/media?parent=14495"}],"curies":[{"name":"wp","href":"https:\/\/api.w.org\/{rel}","templated":true}]}}