
{"id":14398,"date":"2025-05-29T14:16:44","date_gmt":"2025-05-29T18:16:44","guid":{"rendered":"https:\/\/www.socan.com\/fr\/?page_id=14398"},"modified":"2025-07-08T09:46:53","modified_gmt":"2025-07-08T13:46:53","slug":"redevances-en-lien-avec-les-programmes-de-soutien-du-calq-et-de-la-sodec-pour-les-concerts-ayant-ete-affectes-par-la-pandemie-au-quebec","status":"publish","type":"page","link":"https:\/\/www.socan.com\/fr\/redevances-en-lien-avec-les-programmes-de-soutien-du-calq-et-de-la-sodec-pour-les-concerts-ayant-ete-affectes-par-la-pandemie-au-quebec\/","title":{"rendered":"Redevances en lien avec les programmes de soutien du CALQ et de la SODEC pour les concerts ayant \u00e9t\u00e9 affect\u00e9s par la pand\u00e9mie au Qu\u00e9bec"},"content":{"rendered":"<h2>Contexte<\/h2>\n<p>Lors de la pand\u00e9mie de COVID-19, le Conseil des arts et des lettres du Qu\u00e9bec (CALQ) et la Soci\u00e9t\u00e9 de D\u00e9veloppement des Entreprises Culturelles (SODEC) ont offert du soutien financier \u00e0 de nombreuses salles de spectacles et promoteurs pour des spectacles annul\u00e9s, report\u00e9s ou pr\u00e9sent\u00e9s devant des auditoires limit\u00e9s en raison des mesures sanitaires prises par le gouvernement.<\/p>\n<h2>Redevances non-r\u00e9parties<\/h2>\n<p><strong>Nous avons identifi\u00e9 des redevances non-r\u00e9parties <\/strong>pour des \u0153uvres musicales ex\u00e9cut\u00e9s en spectacle au cours de la p\u00e9riode pand\u00e9mique et qui sont li\u00e9es aux programmes de soutien du CALQ et de la SODEC, que les spectacles aient \u00e9t\u00e9 annul\u00e9s, report\u00e9s ou pr\u00e9sent\u00e9s devant des auditoires limit\u00e9s.<\/p>\n<p>Ces redevances sont en attente de r\u00e9partition, car <strong>nous avons besoin des programmes musicaux<\/strong> pour \u00eatre en mesure de r\u00e9partir ces redevances aux bons ayants droit.<\/p>\n<p>Ces redevances sont disponibles exclusivement pour les membres de la SOCAN et s\u2019appliquent aux ex\u00e9cutions publiques en spectacle <strong>ayant eu lieu ou qui auraient d\u00fb avoir lieu entre janvier 2020 et avril 2023<\/strong>.<\/p>\n<h2>R\u00e9clamer des redevances li\u00e9es au programme de soutien de la SODEC?<\/h2>\n<p>1. Rendez-vous au socan.com et connectez-vous au portail des membre<\/p>\n<p>2. Suivez le chemin suivant: Ex\u00e9cutions et r\u00e9pertoire > Ex\u00e9cutions non identifi\u00e9es > concerts sans programme<\/p>\n<p>3. Dans l\u2019outil de recherche saisissez les informations suivantes et lancez la recherche:<\/p>\n<p>&#8211; Province: Qu\u00e9bec<br \/>\n&#8211; Nom de l\u2019\u00e9tablissement: COMP SODEC<\/p>\n<p>4. Recherchez les spectacles susceptibles de comporter des ex\u00e9cutions de vos \u0153uvres parmi la liste de r\u00e9sultats<\/p>\n<p>5. Lorsque vous identifiez un spectacle susceptible, cliquez sur le nom de l\u2019interpr\u00e8te du concert<\/p>\n<p>6. Saisissez et transmettez votre d\u00e9claration d\u2019\u0153uvres musicales ex\u00e9cut\u00e9es en spectacles (DOME) comme \u00e0 l\u2019habitude.<\/p>\n<h2>R\u00e9clamer des redevances li\u00e9es au programme de soutien du CALQ<\/h2>\n<ol>\n<li>Rendez-vous au socan.com et connectez-vous au portail des membres<\/li>\n<li>Suivez le chemin suivant: Ex\u00e9cutions et r\u00e9pertoire > Ex\u00e9cutions non identifi\u00e9es > concerts sans programmation<\/li>\n<li>Ouvrez le fichier au format Excel et recherchez-y les spectacles susceptibles de comporter des ex\u00e9cutions de vos \u0153uvres<\/li>\n<li>Lorsque vous identifiez un spectacle susceptible, suivez le chemin suivant: Ex\u00e9cutions et r\u00e9pertoire > Ex\u00e9cutions non identifi\u00e9es > concerts sans programme<\/li>\n<li>Dans l\u2019outil de recherche saisissez le nom de l&rsquo;interpr\u00e8te et lancez la recherche<\/li>\n<li>Lorsque vous vous retrouver le spectacle que vous aviez identifi\u00e9 dans le fichier au format Excel, cliquez sur le nom de l\u2019interpr\u00e8te du concert<\/li>\n<li>Saisissez et transmettez votre d\u00e9claration d\u2019\u0153uvres musicales ex\u00e9cut\u00e9es en spectacles (DOME) comme \u00e0 l\u2019habitude.<\/li>\n<\/ol>\n<p>Si vous avez des questions ou avez besoin d\u2019aide prenez contact avec le service aux membres ou \u00e9crivez-nous au <a href=\"mailto:membres@socan.com\">membres@socan.com<\/a>.<\/p>\n<h2>Pour plus de d\u00e9tails<\/h2>\n<p><strong>Comment le Conseil des arts et des lettres du Qu\u00e9bec d\u00e9terminais-t-il quels concerts financer?<\/strong><\/p>\n<p>Pour chaque salle utilis\u00e9e par un diffuseur ayant fait appel \u00e0 la Mesure particuli\u00e8re \u00e0 la diffusion de spectacles qu\u00e9b\u00e9cois, le calcul du CALQ \u00e9tait bas\u00e9 sur le nombre de billets vendus pour chacun des spectacles pr\u00e9sent\u00e9s ou annul\u00e9s par rapport \u00e0 la moyenne de billets vendus dans une ann\u00e9e de r\u00e9f\u00e9rence et \u00e0 la capacit\u00e9 d\u2019occupation des salles permise par les mesures sanitaires du gouvernement du Qu\u00e9bec. Les diffuseurs ont re\u00e7u des compensations pour une p\u00e9riode pendant laquelle les activit\u00e9s r\u00e9guli\u00e8res ont \u00e9t\u00e9 r\u00e9duites ou interrompues. Le programme du CALQ se poursuit jusqu\u2019en mars 2024.<\/p>\n<p><strong> Qu\u2019est-ce que \u00e7a veut dire si je vois une salle o\u00f9 je devais jouer, mais que je ne trouve pas mon concert?<\/strong><\/p>\n<p>La liste fournie contient les concerts qui n\u00e9cessitent des programmes musicaux pour que les redevances puissent \u00eatre r\u00e9parties. Si votre concert ne figure pas dans la liste, c\u2019est qu\u2019il a probablement d\u00e9j\u00e0 fait l\u2019objet d\u2019une r\u00e9partition ou qu\u2019il le sera bient\u00f4t. Si vous \u00eates certain de ne pas avoir re\u00e7u de redevances pour un concert qui aurait d\u00fb recevoir un financement du CALQ, \u00e9crivez-nous au concertsubmit@socan.com.<\/p>\n<p><strong> J\u2019ai trouv\u00e9 mon concert<\/strong><strong>\u2009; comment dois-je soumettre mon programme musical?<\/strong><\/p>\n<p>Lorsque vous trouvez un concert \u00e0 r\u00e9clamer, cliquez sur le lien Nom de l\u2019interpr\u00e8te en remplissez la d\u00e9claration d\u2019\u0153uvres musicales ex\u00e9cut\u00e9es en spectacle (DOMES) en suivant les instructions et en n\u2019oubliant pas d\u2019inclure votre programme musical.<\/p>\n<p><strong> Le concert a \u00e9t\u00e9 annul\u00e9 ou report\u00e9, ce qui fait que je n\u2019ai pas de preuve comme un billet ou un \u00e9l\u00e9ment promotionnel. Que dois-je faire?<\/strong><\/p>\n<p>Si votre concert appara\u00eet dans la liste, nous savons d\u00e9j\u00e0 qu\u2019il a \u00e9t\u00e9 annul\u00e9 ou report\u00e9. Vous n\u2019avez pas \u00e0 nous fournir de preuve. Veuillez simplement soumettre une DOMES comme d\u2019habitude dans le menu Concerts sans programme.<\/p>\n<p><strong> Mon concert a \u00e9t\u00e9 annul\u00e9, je n\u2019ai donc pas de programme musical.<\/strong><\/p>\n<p>Utilisez simplement le programme musical des pi\u00e8ces que vous auriez interpr\u00e9t\u00e9es si le concert avait eu lieu.<\/p>\n<p><strong> O\u00f9 se trouvent les concerts financ\u00e9s par le CALQ sur mon relev\u00e9?<\/strong><\/p>\n<p>Les concerts identifi\u00e9s par le CALQ ne sont pas identifi\u00e9s s\u00e9par\u00e9ment sur vos relev\u00e9s. Ils sont trait\u00e9s de la m\u00eame mani\u00e8re que les autres concerts et apparaissent sur votre relev\u00e9 sous la rubrique CONCERTS.<\/p>\n<p>&nbsp;<\/p>\n","protected":false},"excerpt":{"rendered":"<p>Contexte Lors de la pand\u00e9mie de COVID-19, le Conseil des arts et des lettres du Qu\u00e9bec (CALQ) et la Soci\u00e9t\u00e9 de D\u00e9veloppement des Entreprises Culturelles (SODEC) ont offert du soutien financier \u00e0 de nombreuses salles de spectacles et promoteurs pour des spectacles annul\u00e9s, report\u00e9s ou pr\u00e9sent\u00e9s devant des auditoires limit\u00e9s en raison des mesures sanitaires [&hellip;]<\/p>\n","protected":false},"author":13,"featured_media":0,"parent":0,"menu_order":0,"comment_status":"closed","ping_status":"closed","template":"","meta":{"_acf_changed":false,"footnotes":""},"class_list":["post-14398","page","type-page","status-publish","hentry"],"acf":[],"yoast_head":"<!-- This site is optimized with the Yoast SEO plugin v27.2 - https:\/\/yoast.com\/product\/yoast-seo-wordpress\/ -->\n<title>Redevances en lien avec les programmes de soutien du CALQ et de la SODEC pour les concerts ayant \u00e9t\u00e9 affect\u00e9s par la pand\u00e9mie au Qu\u00e9bec<\/title>\n<meta name=\"robots\" content=\"index, follow, max-snippet:-1, max-image-preview:large, max-video-preview:-1\" \/>\n<link rel=\"canonical\" href=\"https:\/\/www.socan.com\/fr\/redevances-en-lien-avec-les-programmes-de-soutien-du-calq-et-de-la-sodec-pour-les-concerts-ayant-ete-affectes-par-la-pandemie-au-quebec\/\" \/>\n<meta property=\"og:locale\" content=\"fr_FR\" \/>\n<meta property=\"og:locale:alternate\" content=\"en_US\" \/>\n<meta property=\"og:type\" content=\"article\" \/>\n<meta property=\"og:title\" content=\"Redevances en lien avec les programmes de soutien du CALQ et de la SODEC pour les concerts ayant \u00e9t\u00e9 affect\u00e9s par la pand\u00e9mie au Qu\u00e9bec\" \/>\n<meta property=\"og:description\" content=\"Contexte Lors de la pand\u00e9mie de COVID-19, le Conseil des arts et des lettres du Qu\u00e9bec (CALQ) et la Soci\u00e9t\u00e9 de D\u00e9veloppement des Entreprises Culturelles (SODEC) ont offert du soutien financier \u00e0 de nombreuses salles de spectacles et promoteurs pour des spectacles annul\u00e9s, report\u00e9s ou pr\u00e9sent\u00e9s devant des auditoires limit\u00e9s en raison des mesures sanitaires [&hellip;]\" \/>\n<meta property=\"og:url\" content=\"https:\/\/www.socan.com\/fr\/redevances-en-lien-avec-les-programmes-de-soutien-du-calq-et-de-la-sodec-pour-les-concerts-ayant-ete-affectes-par-la-pandemie-au-quebec\/\" \/>\n<meta property=\"og:site_name\" content=\"SOCAN\" \/>\n<meta property=\"article:modified_time\" content=\"2025-07-08T13:46:53+00:00\" \/>\n<meta name=\"twitter:card\" content=\"summary_large_image\" \/>\n<script type=\"application\/ld+json\" class=\"yoast-schema-graph\">{\"@context\":\"https:\/\/schema.org\",\"@graph\":[{\"@type\":\"WebPage\",\"@id\":\"https:\/\/www.socan.com\/fr\/redevances-en-lien-avec-les-programmes-de-soutien-du-calq-et-de-la-sodec-pour-les-concerts-ayant-ete-affectes-par-la-pandemie-au-quebec\/\",\"url\":\"https:\/\/www.socan.com\/fr\/redevances-en-lien-avec-les-programmes-de-soutien-du-calq-et-de-la-sodec-pour-les-concerts-ayant-ete-affectes-par-la-pandemie-au-quebec\/\",\"name\":\"Redevances en lien avec les programmes de soutien du CALQ et de la SODEC pour les concerts ayant \u00e9t\u00e9 affect\u00e9s par la pand\u00e9mie au Qu\u00e9bec\",\"isPartOf\":{\"@id\":\"https:\/\/www.socan.com\/#website\"},\"datePublished\":\"2025-05-29T18:16:44+00:00\",\"dateModified\":\"2025-07-08T13:46:53+00:00\",\"breadcrumb\":{\"@id\":\"https:\/\/www.socan.com\/fr\/redevances-en-lien-avec-les-programmes-de-soutien-du-calq-et-de-la-sodec-pour-les-concerts-ayant-ete-affectes-par-la-pandemie-au-quebec\/#breadcrumb\"},\"inLanguage\":\"fr-FR\",\"potentialAction\":[{\"@type\":\"ReadAction\",\"target\":[\"https:\/\/www.socan.com\/fr\/redevances-en-lien-avec-les-programmes-de-soutien-du-calq-et-de-la-sodec-pour-les-concerts-ayant-ete-affectes-par-la-pandemie-au-quebec\/\"]}]},{\"@type\":\"BreadcrumbList\",\"@id\":\"https:\/\/www.socan.com\/fr\/redevances-en-lien-avec-les-programmes-de-soutien-du-calq-et-de-la-sodec-pour-les-concerts-ayant-ete-affectes-par-la-pandemie-au-quebec\/#breadcrumb\",\"itemListElement\":[{\"@type\":\"ListItem\",\"position\":1,\"name\":\"Home\",\"item\":\"https:\/\/www.socan.com\/\"},{\"@type\":\"ListItem\",\"position\":2,\"name\":\"Redevances en lien avec les programmes de soutien du CALQ et de la SODEC pour les concerts ayant \u00e9t\u00e9 affect\u00e9s par la pand\u00e9mie au Qu\u00e9bec\"}]},{\"@type\":\"WebSite\",\"@id\":\"https:\/\/www.socan.com\/#website\",\"url\":\"https:\/\/www.socan.com\/\",\"name\":\"SOCAN\",\"description\":\"Gestion des droits\",\"potentialAction\":[{\"@type\":\"SearchAction\",\"target\":{\"@type\":\"EntryPoint\",\"urlTemplate\":\"https:\/\/www.socan.com\/?s={search_term_string}\"},\"query-input\":{\"@type\":\"PropertyValueSpecification\",\"valueRequired\":true,\"valueName\":\"search_term_string\"}}],\"inLanguage\":\"fr-FR\"}]}<\/script>\n<!-- \/ Yoast SEO plugin. -->","yoast_head_json":{"title":"Redevances en lien avec les programmes de soutien du CALQ et de la SODEC pour les concerts ayant \u00e9t\u00e9 affect\u00e9s par la pand\u00e9mie au Qu\u00e9bec","robots":{"index":"index","follow":"follow","max-snippet":"max-snippet:-1","max-image-preview":"max-image-preview:large","max-video-preview":"max-video-preview:-1"},"canonical":"https:\/\/www.socan.com\/fr\/redevances-en-lien-avec-les-programmes-de-soutien-du-calq-et-de-la-sodec-pour-les-concerts-ayant-ete-affectes-par-la-pandemie-au-quebec\/","og_locale":"fr_FR","og_type":"article","og_title":"[:en]Auto Draft[:fr]Redevances en lien avec les programmes de soutien du CALQ et de la SODEC pour les concerts ayant \u00e9t\u00e9 affect\u00e9s par la pand\u00e9mie au Qu\u00e9bec[:] - SOCAN","og_description":"Contexte Lors de la pand\u00e9mie de COVID-19, le Conseil des arts et des lettres du Qu\u00e9bec (CALQ) et la Soci\u00e9t\u00e9 de D\u00e9veloppement des Entreprises Culturelles (SODEC) ont offert du soutien financier \u00e0 de nombreuses salles de spectacles et promoteurs pour des spectacles annul\u00e9s, report\u00e9s ou pr\u00e9sent\u00e9s devant des auditoires limit\u00e9s en raison des mesures sanitaires [&hellip;]","og_url":"https:\/\/www.socan.com\/fr\/redevances-en-lien-avec-les-programmes-de-soutien-du-calq-et-de-la-sodec-pour-les-concerts-ayant-ete-affectes-par-la-pandemie-au-quebec\/","og_site_name":"SOCAN","article_modified_time":"2025-07-08T13:46:53+00:00","twitter_card":"summary_large_image","schema":{"@context":"https:\/\/schema.org","@graph":[{"@type":"WebPage","@id":"https:\/\/www.socan.com\/fr\/redevances-en-lien-avec-les-programmes-de-soutien-du-calq-et-de-la-sodec-pour-les-concerts-ayant-ete-affectes-par-la-pandemie-au-quebec\/","url":"https:\/\/www.socan.com\/fr\/redevances-en-lien-avec-les-programmes-de-soutien-du-calq-et-de-la-sodec-pour-les-concerts-ayant-ete-affectes-par-la-pandemie-au-quebec\/","name":"Redevances en lien avec les programmes de soutien du CALQ et de la SODEC pour les concerts ayant \u00e9t\u00e9 affect\u00e9s par la pand\u00e9mie au Qu\u00e9bec","isPartOf":{"@id":"https:\/\/www.socan.com\/#website"},"datePublished":"2025-05-29T18:16:44+00:00","dateModified":"2025-07-08T13:46:53+00:00","breadcrumb":{"@id":"https:\/\/www.socan.com\/fr\/redevances-en-lien-avec-les-programmes-de-soutien-du-calq-et-de-la-sodec-pour-les-concerts-ayant-ete-affectes-par-la-pandemie-au-quebec\/#breadcrumb"},"inLanguage":"fr-FR","potentialAction":[{"@type":"ReadAction","target":["https:\/\/www.socan.com\/fr\/redevances-en-lien-avec-les-programmes-de-soutien-du-calq-et-de-la-sodec-pour-les-concerts-ayant-ete-affectes-par-la-pandemie-au-quebec\/"]}]},{"@type":"BreadcrumbList","@id":"https:\/\/www.socan.com\/fr\/redevances-en-lien-avec-les-programmes-de-soutien-du-calq-et-de-la-sodec-pour-les-concerts-ayant-ete-affectes-par-la-pandemie-au-quebec\/#breadcrumb","itemListElement":[{"@type":"ListItem","position":1,"name":"Home","item":"https:\/\/www.socan.com\/"},{"@type":"ListItem","position":2,"name":"Redevances en lien avec les programmes de soutien du CALQ et de la SODEC pour les concerts ayant \u00e9t\u00e9 affect\u00e9s par la pand\u00e9mie au Qu\u00e9bec"}]},{"@type":"WebSite","@id":"https:\/\/www.socan.com\/#website","url":"https:\/\/www.socan.com\/","name":"SOCAN","description":"Gestion des droits","potentialAction":[{"@type":"SearchAction","target":{"@type":"EntryPoint","urlTemplate":"https:\/\/www.socan.com\/?s={search_term_string}"},"query-input":{"@type":"PropertyValueSpecification","valueRequired":true,"valueName":"search_term_string"}}],"inLanguage":"fr-FR"}]}},"_links":{"self":[{"href":"https:\/\/www.socan.com\/fr\/wp-json\/wp\/v2\/pages\/14398","targetHints":{"allow":["GET"]}}],"collection":[{"href":"https:\/\/www.socan.com\/fr\/wp-json\/wp\/v2\/pages"}],"about":[{"href":"https:\/\/www.socan.com\/fr\/wp-json\/wp\/v2\/types\/page"}],"author":[{"embeddable":true,"href":"https:\/\/www.socan.com\/fr\/wp-json\/wp\/v2\/users\/13"}],"replies":[{"embeddable":true,"href":"https:\/\/www.socan.com\/fr\/wp-json\/wp\/v2\/comments?post=14398"}],"version-history":[{"count":0,"href":"https:\/\/www.socan.com\/fr\/wp-json\/wp\/v2\/pages\/14398\/revisions"}],"wp:attachment":[{"href":"https:\/\/www.socan.com\/fr\/wp-json\/wp\/v2\/media?parent=14398"}],"curies":[{"name":"wp","href":"https:\/\/api.w.org\/{rel}","templated":true}]}}