
{"id":13577,"date":"2023-03-29T14:18:36","date_gmt":"2023-03-29T18:18:36","guid":{"rendered":"https:\/\/socan50.wpengine.com\/?page_id=13577"},"modified":"2024-05-02T14:51:57","modified_gmt":"2024-05-02T18:51:57","slug":"decibel","status":"publish","type":"page","link":"https:\/\/www.socan.com\/fr\/decibel\/","title":{"rendered":"D\u00e9cibel"},"content":{"rendered":"<p>D\u00e9couvrez votre nouveau tableau de bord de redevances de la SOCAN.<\/p>\n<p>&nbsp;<\/p>\n<p>Cet outil a \u00e9t\u00e9 d\u00e9velopp\u00e9 pour donner \u00e0 nos membres un aper\u00e7u d\u00e9taill\u00e9 de leurs donn\u00e9es SOCAN.<\/p>\n<p>Pour l\u2019instant, il est r\u00e9serv\u00e9 \u00e0 un petit groupe pilote. Les d\u00e9tails sur la fa\u00e7on de s\u2019y inscrire ont \u00e9t\u00e9 envoy\u00e9s \u00e0 ce groupe par courriel.<\/p>\n<p>Nous en \u00e9largirons bient\u00f4t l\u2019acc\u00e8s, mais si vous souhaitez y avoir acc\u00e8s avant, veuillez <a href=\"mailto:socananalytics@socan.com\">nous contacter<\/a>.<\/p>\n<p><a href=\"https:\/\/app.powerbi.com\/reportEmbed?reportId=432551a0-82bc-43fc-ab6a-72223f903f76&#038;autoAuth=true&#038;ctid=07dac80a-fbaa-4df6-8537-72582b77997d&#038;navContentPaneEnabled=false&#038;language=fr-ca\">Cliquez ici pour acc\u00e9der au tableau de bord de redevances.<\/a><\/p>\n<p>La section FAQ du tableau de bord vous fournira des informations pr\u00e9cieuses pour profiter pleinement des fonctionnalit\u00e9s auxquelles il vous donne acc\u00e8s.<\/p>\n<p><strong>Veuillez noter que le tableau de bord est actuellement en mode b\u00eata.\u00a0<\/strong><\/p>\n","protected":false},"excerpt":{"rendered":"<p>D\u00e9couvrez votre nouveau tableau de bord de redevances de la SOCAN. &nbsp; Cet outil a \u00e9t\u00e9 d\u00e9velopp\u00e9 pour donner \u00e0 nos membres un aper\u00e7u d\u00e9taill\u00e9 de leurs donn\u00e9es SOCAN. Pour l\u2019instant, il est r\u00e9serv\u00e9 \u00e0 un petit groupe pilote. Les d\u00e9tails sur la fa\u00e7on de s\u2019y inscrire ont \u00e9t\u00e9 envoy\u00e9s \u00e0 ce groupe par courriel. [&hellip;]<\/p>\n","protected":false},"author":5,"featured_media":0,"parent":0,"menu_order":0,"comment_status":"closed","ping_status":"closed","template":"","meta":{"_acf_changed":false,"footnotes":""},"class_list":["post-13577","page","type-page","status-publish","hentry"],"acf":[],"yoast_head":"<!-- This site is optimized with the Yoast SEO plugin v27.4 - https:\/\/yoast.com\/product\/yoast-seo-wordpress\/ -->\n<title>D\u00e9cibel<\/title>\n<meta name=\"robots\" content=\"index, follow, max-snippet:-1, max-image-preview:large, max-video-preview:-1\" \/>\n<link rel=\"canonical\" href=\"https:\/\/www.socan.com\/fr\/decibel\/\" \/>\n<meta property=\"og:locale\" content=\"fr_FR\" \/>\n<meta property=\"og:locale:alternate\" content=\"en_US\" \/>\n<meta property=\"og:type\" content=\"article\" \/>\n<meta property=\"og:title\" content=\"D\u00e9cibel\" \/>\n<meta property=\"og:description\" content=\"D\u00e9couvrez votre nouveau tableau de bord de redevances de la SOCAN. &nbsp; Cet outil a \u00e9t\u00e9 d\u00e9velopp\u00e9 pour donner \u00e0 nos membres un aper\u00e7u d\u00e9taill\u00e9 de leurs donn\u00e9es SOCAN. Pour l\u2019instant, il est r\u00e9serv\u00e9 \u00e0 un petit groupe pilote. Les d\u00e9tails sur la fa\u00e7on de s\u2019y inscrire ont \u00e9t\u00e9 envoy\u00e9s \u00e0 ce groupe par courriel. [&hellip;]\" \/>\n<meta property=\"og:url\" content=\"https:\/\/www.socan.com\/fr\/decibel\/\" \/>\n<meta property=\"og:site_name\" content=\"SOCAN\" \/>\n<meta property=\"article:modified_time\" content=\"2024-05-02T18:51:57+00:00\" \/>\n<meta name=\"twitter:card\" content=\"summary_large_image\" \/>\n<script type=\"application\/ld+json\" class=\"yoast-schema-graph\">{\"@context\":\"https:\\\/\\\/schema.org\",\"@graph\":[{\"@type\":\"WebPage\",\"@id\":\"https:\\\/\\\/www.socan.com\\\/decibel\\\/\",\"url\":\"https:\\\/\\\/www.socan.com\\\/decibel\\\/\",\"name\":\"D\u00e9cibel\",\"isPartOf\":{\"@id\":\"https:\\\/\\\/www.socan.com\\\/#website\"},\"datePublished\":\"2023-03-29T18:18:36+00:00\",\"dateModified\":\"2024-05-02T18:51:57+00:00\",\"breadcrumb\":{\"@id\":\"https:\\\/\\\/www.socan.com\\\/decibel\\\/#breadcrumb\"},\"inLanguage\":\"fr-FR\",\"potentialAction\":[{\"@type\":\"ReadAction\",\"target\":[\"https:\\\/\\\/www.socan.com\\\/decibel\\\/\"]}]},{\"@type\":\"BreadcrumbList\",\"@id\":\"https:\\\/\\\/www.socan.com\\\/decibel\\\/#breadcrumb\",\"itemListElement\":[{\"@type\":\"ListItem\",\"position\":1,\"name\":\"Home\",\"item\":\"https:\\\/\\\/www.socan.com\\\/fr\\\/\"},{\"@type\":\"ListItem\",\"position\":2,\"name\":\"Decibel\"}]},{\"@type\":\"WebSite\",\"@id\":\"https:\\\/\\\/www.socan.com\\\/#website\",\"url\":\"https:\\\/\\\/www.socan.com\\\/\",\"name\":\"SOCAN\",\"description\":\"Gestion des droits\",\"potentialAction\":[{\"@type\":\"SearchAction\",\"target\":{\"@type\":\"EntryPoint\",\"urlTemplate\":\"https:\\\/\\\/www.socan.com\\\/?s={search_term_string}\"},\"query-input\":{\"@type\":\"PropertyValueSpecification\",\"valueRequired\":true,\"valueName\":\"search_term_string\"}}],\"inLanguage\":\"fr-FR\"}]}<\/script>\n<!-- \/ Yoast SEO plugin. -->","yoast_head_json":{"title":"D\u00e9cibel","robots":{"index":"index","follow":"follow","max-snippet":"max-snippet:-1","max-image-preview":"max-image-preview:large","max-video-preview":"max-video-preview:-1"},"canonical":"https:\/\/www.socan.com\/fr\/decibel\/","og_locale":"fr_FR","og_type":"article","og_title":"[:en]Decibel[:fr]D\u00e9cibel[:] - SOCAN","og_description":"D\u00e9couvrez votre nouveau tableau de bord de redevances de la SOCAN. &nbsp; Cet outil a \u00e9t\u00e9 d\u00e9velopp\u00e9 pour donner \u00e0 nos membres un aper\u00e7u d\u00e9taill\u00e9 de leurs donn\u00e9es SOCAN. Pour l\u2019instant, il est r\u00e9serv\u00e9 \u00e0 un petit groupe pilote. Les d\u00e9tails sur la fa\u00e7on de s\u2019y inscrire ont \u00e9t\u00e9 envoy\u00e9s \u00e0 ce groupe par courriel. [&hellip;]","og_url":"https:\/\/www.socan.com\/fr\/decibel\/","og_site_name":"SOCAN","article_modified_time":"2024-05-02T18:51:57+00:00","twitter_card":"summary_large_image","schema":{"@context":"https:\/\/schema.org","@graph":[{"@type":"WebPage","@id":"https:\/\/www.socan.com\/decibel\/","url":"https:\/\/www.socan.com\/decibel\/","name":"D\u00e9cibel","isPartOf":{"@id":"https:\/\/www.socan.com\/#website"},"datePublished":"2023-03-29T18:18:36+00:00","dateModified":"2024-05-02T18:51:57+00:00","breadcrumb":{"@id":"https:\/\/www.socan.com\/decibel\/#breadcrumb"},"inLanguage":"fr-FR","potentialAction":[{"@type":"ReadAction","target":["https:\/\/www.socan.com\/decibel\/"]}]},{"@type":"BreadcrumbList","@id":"https:\/\/www.socan.com\/decibel\/#breadcrumb","itemListElement":[{"@type":"ListItem","position":1,"name":"Home","item":"https:\/\/www.socan.com\/fr\/"},{"@type":"ListItem","position":2,"name":"Decibel"}]},{"@type":"WebSite","@id":"https:\/\/www.socan.com\/#website","url":"https:\/\/www.socan.com\/","name":"SOCAN","description":"Gestion des droits","potentialAction":[{"@type":"SearchAction","target":{"@type":"EntryPoint","urlTemplate":"https:\/\/www.socan.com\/?s={search_term_string}"},"query-input":{"@type":"PropertyValueSpecification","valueRequired":true,"valueName":"search_term_string"}}],"inLanguage":"fr-FR"}]}},"_links":{"self":[{"href":"https:\/\/www.socan.com\/fr\/wp-json\/wp\/v2\/pages\/13577","targetHints":{"allow":["GET"]}}],"collection":[{"href":"https:\/\/www.socan.com\/fr\/wp-json\/wp\/v2\/pages"}],"about":[{"href":"https:\/\/www.socan.com\/fr\/wp-json\/wp\/v2\/types\/page"}],"author":[{"embeddable":true,"href":"https:\/\/www.socan.com\/fr\/wp-json\/wp\/v2\/users\/5"}],"replies":[{"embeddable":true,"href":"https:\/\/www.socan.com\/fr\/wp-json\/wp\/v2\/comments?post=13577"}],"version-history":[{"count":0,"href":"https:\/\/www.socan.com\/fr\/wp-json\/wp\/v2\/pages\/13577\/revisions"}],"wp:attachment":[{"href":"https:\/\/www.socan.com\/fr\/wp-json\/wp\/v2\/media?parent=13577"}],"curies":[{"name":"wp","href":"https:\/\/api.w.org\/{rel}","templated":true}]}}