
{"id":13254,"date":"2022-04-20T15:11:59","date_gmt":"2022-04-20T19:11:59","guid":{"rendered":"https:\/\/socan50.wpengine.com\/?page_id=13254"},"modified":"2024-12-04T14:03:26","modified_gmt":"2024-12-04T19:03:26","slug":"inclusion-and-antiracism","status":"publish","type":"page","link":"https:\/\/www.socan.com\/fr\/inclusion-and-antiracism\/","title":{"rendered":"Inclusion &#038; Antiracisme"},"content":{"rendered":"<h2>L\u2019am\u00e9lioration en action.<\/h2>\n<p><img loading=\"lazy\" decoding=\"async\" class=\"alignnone wp-image-13287 size-full\" src=\"\/wp-content\/uploads\/2022\/04\/Diversity-scaled.jpeg\" alt=\"\" width=\"2560\" height=\"1707\" srcset=\"https:\/\/www.socan.com\/wp-content\/uploads\/2022\/04\/Diversity-scaled.jpeg 2560w, https:\/\/www.socan.com\/wp-content\/uploads\/2022\/04\/Diversity-300x200.jpeg 300w, https:\/\/www.socan.com\/wp-content\/uploads\/2022\/04\/Diversity-1024x683.jpeg 1024w, https:\/\/www.socan.com\/wp-content\/uploads\/2022\/04\/Diversity-768x512.jpeg 768w, https:\/\/www.socan.com\/wp-content\/uploads\/2022\/04\/Diversity-1536x1024.jpeg 1536w, https:\/\/www.socan.com\/wp-content\/uploads\/2022\/04\/Diversity-2048x1365.jpeg 2048w\" sizes=\"auto, (max-width: 2560px) 100vw, 2560px\" \/><\/p>\n<p><b><span data-contrast=\"auto\">Cultiver un environnement de travail o\u00f9 chaque voix est importante.<\/span><\/b><span data-ccp-props=\"{}\">\u00a0<\/span><\/p>\n<p><span data-contrast=\"auto\">Nous avons pris un engagement ferme en faveur de l&rsquo;inclusion et de la communaut\u00e9, et nous travaillons ensemble pour influencer positivement notre culture d\u2019entreprise.<\/span><span data-ccp-props=\"{}\">\u00a0<\/span><\/p>\n<p><span data-contrast=\"auto\">En puisant encore davantage dans les talents op\u00e9rationnels et cr\u00e9atifs des communaut\u00e9s en qu\u00eate d&rsquo;\u00e9quit\u00e9 et de souverainet\u00e9 du Canada, nous deviendrons un milieu en travail plus inclusif et plus \u00e9quitable. Il s\u2019agit d\u2019un processus qui ne conna\u00eet pas de finalit\u00e9 puisque nous nous efforcerons sans rel\u00e2che \u00e0 faire toujours mieux.<\/span><span data-ccp-props=\"{}\">\u00a0<\/span><\/p>\n<p><span data-contrast=\"auto\">Cette page d\u00e9crit notre engagement et nos progr\u00e8s en mati\u00e8re de diversit\u00e9, d\u2019\u00e9quit\u00e9, d\u2019inclusion et d\u2019antiracisme.<\/span><span data-ccp-props=\"{}\">\u00a0<\/span><\/p>\n<p><b><span data-contrast=\"auto\">VISER L\u2019\u00c9QUIT\u00c9<\/span><\/b><span data-ccp-props=\"{}\">\u00a0<\/span><\/p>\n<p><span data-contrast=\"auto\">Notre objectif est de cr\u00e9er un environnement de travail \u00e9quitable, diversifi\u00e9 et inclusif o\u00f9 chaque personne peut \u00eatre authentique et donner son meilleur.<\/span><span data-ccp-props=\"{}\">\u00a0<\/span><\/p>\n<p><span data-contrast=\"auto\">Nos priorit\u00e9s cl\u00e9s incluent\u202f:<\/span><span data-ccp-props=\"{}\">\u00a0<\/span><\/p>\n<p><b><span data-contrast=\"auto\">Supprimer les obstacles et les pr\u00e9jug\u00e9s : <\/span><\/b><span data-contrast=\"auto\">Nous nous engageons \u00e0 soutenir la diversit\u00e9, l&rsquo;\u00e9quit\u00e9, l&rsquo;inclusion et la lutte contre le racisme au sein de notre personnel, de notre gouvernance et des services que nous offrons \u00e0 nos membres et \u00e0 nos parties prenantes.<\/span><span data-ccp-props=\"{}\">\u00a0<\/span><\/p>\n<p><b><span data-contrast=\"auto\">Favoriser l\u2019appartenance\u202f:<\/span><\/b><span data-contrast=\"auto\"> Nous visons \u00e0 instaurer la confiance, \u00e0 assurer la s\u00e9curit\u00e9 et la prise de d\u00e9cision inclusive, et \u00e0 c\u00e9l\u00e9brer notre communaut\u00e9.<\/span><span data-ccp-props=\"{}\">\u00a0<\/span><\/p>\n<p><b><span data-contrast=\"auto\">Valoriser la croissance:<\/span><\/b><span data-contrast=\"auto\"> Il est essentiel que les membres du personnel aient un acc\u00e8s \u00e9quitable au d\u00e9veloppement professionnel et que la SOCAN, en tant qu&rsquo;organisation, comprenne et respecte mieux les membres de son personnel tout comme ceux que nous servons, en d\u00e9veloppant l&rsquo;\u00e9tat d&rsquo;esprit, les comp\u00e9tences et les outils n\u00e9cessaires \u00e0 la r\u00e9alisation de nos objectifs en mati\u00e8re de culture inclusive.<\/span><span data-ccp-props=\"{}\">\u00a0<\/span><\/p>\n<p><b><span data-contrast=\"auto\">Amplifier les voix : <\/span><\/b><span data-contrast=\"auto\">Nous sommes d\u00e9termin\u00e9s \u00e0 approfondir nos relations avec diverses communaut\u00e9s, y compris celles qui sont sous-repr\u00e9sent\u00e9es et marginalis\u00e9es.\u00a0<\/span><span data-ccp-props=\"{}\">\u00a0<\/span><\/p>\n<p><b><span data-contrast=\"auto\">Nos efforts en mati\u00e8re de diversit\u00e9, d&rsquo;inclusion et de lutte contre le racisme : 2020 \u00e0 2024<\/span><\/b><span data-ccp-props=\"{}\">\u00a0<\/span><\/p>\n<p><span data-contrast=\"auto\">Depuis 2020, nous nous sommes lanc\u00e9s dans la mise en \u0153uvre de notre <\/span><i><span data-contrast=\"auto\">Cadre pour le changement<\/span><\/i><span data-contrast=\"auto\">. Notre engagement en faveur de la <\/span><a href=\"https:\/\/www.bdrb.ca\/signatories\"><span data-contrast=\"none\">D\u00e9claration \u00ab\u202fBreaking Down Racial Barriers\u202f\u00bb<\/span><\/a><span data-contrast=\"auto\"> (en anglais seulement) et la cr\u00e9ation d&rsquo;un Groupe de travail en mati\u00e8re d\u2019\u00e9quit\u00e9 dirig\u00e9 par le personnel ont jou\u00e9 un r\u00f4le essentiel dans la conduite du changement et la responsabilisation \u00e0 l&rsquo;\u00e9gard de nos efforts en mati\u00e8re de diversit\u00e9, d&rsquo;\u00e9quit\u00e9, d&rsquo;inclusion et de lutte contre le racisme.<\/span><span data-ccp-props=\"{}\">\u00a0<\/span><\/p>\n<p><span data-contrast=\"auto\">Nous avons examin\u00e9 et \u00e9labor\u00e9 des politiques de diversit\u00e9 et d&rsquo;inclusion avec une contribution importante de notre personnel. Un recensement exhaustif de nos effectifs a \u00e9t\u00e9 effectu\u00e9 afin d&rsquo;\u00e9valuer la composition du personnel et d&rsquo;identifier les lacunes. Nous avons con\u00e7u et mis en \u0153uvre des programmes d&rsquo;\u00e9ducation \u00e0 la diversit\u00e9 et \u00e0 la lutte contre le racisme, en impliquant les communaut\u00e9s noires et autochtones pour qu&rsquo;elles s&rsquo;adressent \u00e0 notre personnel. En outre, les descriptions d&#8217;emploi ont \u00e9t\u00e9 revues afin d&rsquo;assurer une approche plus inclusive des annonces de postes \u00e0 pourvoir. Apprenez-en plus sur le <\/span><a href=\"https:\/\/www.socan.com\/wp-content\/uploads\/2023\/07\/Plans-dactions-de-la-SOCAN-en-matiere-dequite-de-diversite-dinclusion-et-dantiracisme-Sommaire-du-rapport-CPAMO.pdf\"><span data-contrast=\"none\">cadre pour le changement de la SOCAN<\/span><\/a><span data-contrast=\"auto\">.<\/span><span data-ccp-props=\"{}\">\u00a0<\/span><\/p>\n<p><strong>Vous souhaitez vous joindre \u00e0 l\u2019\u00e9quipe de la SOCAN?<\/strong><a href=\"https:\/\/www.socan.com\/fr\/about\/careers\/\"><strong> D\u00e9couvrez nos opportunit\u00e9s de carri\u00e8re<\/strong><\/a><strong>. <\/strong><\/p>\n<p>&nbsp;<\/p>\n<p>&nbsp;<\/p>\n<p>&nbsp;<\/p>\n<p>&nbsp;<\/p>\n<p>&nbsp;<\/p>\n","protected":false},"excerpt":{"rendered":"<p>L\u2019am\u00e9lioration en action. Cultiver un environnement de travail o\u00f9 chaque voix est importante.\u00a0 Nous avons pris un engagement ferme en faveur de l&rsquo;inclusion et de la communaut\u00e9, et nous travaillons ensemble pour influencer positivement notre culture d\u2019entreprise.\u00a0 En puisant encore davantage dans les talents op\u00e9rationnels et cr\u00e9atifs des communaut\u00e9s en qu\u00eate d&rsquo;\u00e9quit\u00e9 et de souverainet\u00e9 [&hellip;]<\/p>\n","protected":false},"author":13,"featured_media":0,"parent":0,"menu_order":0,"comment_status":"closed","ping_status":"closed","template":"","meta":{"_acf_changed":false,"footnotes":""},"class_list":["post-13254","page","type-page","status-publish","hentry"],"acf":[],"yoast_head":"<!-- This site is optimized with the Yoast SEO plugin v27.2 - https:\/\/yoast.com\/product\/yoast-seo-wordpress\/ -->\n<title>Inclusion &amp; Antiracisme<\/title>\n<meta name=\"robots\" content=\"index, follow, max-snippet:-1, max-image-preview:large, max-video-preview:-1\" \/>\n<link rel=\"canonical\" href=\"https:\/\/www.socan.com\/fr\/inclusion-and-antiracism\/\" \/>\n<meta property=\"og:locale\" content=\"fr_FR\" \/>\n<meta property=\"og:locale:alternate\" content=\"en_US\" \/>\n<meta property=\"og:type\" content=\"article\" \/>\n<meta property=\"og:title\" content=\"Inclusion &amp; Antiracisme\" \/>\n<meta property=\"og:description\" content=\"L\u2019am\u00e9lioration en action. Cultiver un environnement de travail o\u00f9 chaque voix est importante.\u00a0 Nous avons pris un engagement ferme en faveur de l&rsquo;inclusion et de la communaut\u00e9, et nous travaillons ensemble pour influencer positivement notre culture d\u2019entreprise.\u00a0 En puisant encore davantage dans les talents op\u00e9rationnels et cr\u00e9atifs des communaut\u00e9s en qu\u00eate d&rsquo;\u00e9quit\u00e9 et de souverainet\u00e9 [&hellip;]\" \/>\n<meta property=\"og:url\" content=\"https:\/\/www.socan.com\/fr\/inclusion-and-antiracism\/\" \/>\n<meta property=\"og:site_name\" content=\"SOCAN\" \/>\n<meta property=\"article:modified_time\" content=\"2024-12-04T19:03:26+00:00\" \/>\n<meta name=\"twitter:card\" content=\"summary_large_image\" \/>\n<script type=\"application\/ld+json\" class=\"yoast-schema-graph\">{\"@context\":\"https:\/\/schema.org\",\"@graph\":[{\"@type\":\"WebPage\",\"@id\":\"https:\/\/www.socan.com\/inclusion-and-antiracism\/\",\"url\":\"https:\/\/www.socan.com\/inclusion-and-antiracism\/\",\"name\":\"Inclusion & Antiracisme\",\"isPartOf\":{\"@id\":\"https:\/\/www.socan.com\/#website\"},\"datePublished\":\"2022-04-20T19:11:59+00:00\",\"dateModified\":\"2024-12-04T19:03:26+00:00\",\"breadcrumb\":{\"@id\":\"https:\/\/www.socan.com\/inclusion-and-antiracism\/#breadcrumb\"},\"inLanguage\":\"fr-FR\",\"potentialAction\":[{\"@type\":\"ReadAction\",\"target\":[\"https:\/\/www.socan.com\/inclusion-and-antiracism\/\"]}]},{\"@type\":\"BreadcrumbList\",\"@id\":\"https:\/\/www.socan.com\/inclusion-and-antiracism\/#breadcrumb\",\"itemListElement\":[{\"@type\":\"ListItem\",\"position\":1,\"name\":\"Home\",\"item\":\"https:\/\/www.socan.com\/\"},{\"@type\":\"ListItem\",\"position\":2,\"name\":\"Inclusion &#038; Anti-Racism\"}]},{\"@type\":\"WebSite\",\"@id\":\"https:\/\/www.socan.com\/#website\",\"url\":\"https:\/\/www.socan.com\/\",\"name\":\"SOCAN\",\"description\":\"Gestion des droits\",\"potentialAction\":[{\"@type\":\"SearchAction\",\"target\":{\"@type\":\"EntryPoint\",\"urlTemplate\":\"https:\/\/www.socan.com\/?s={search_term_string}\"},\"query-input\":{\"@type\":\"PropertyValueSpecification\",\"valueRequired\":true,\"valueName\":\"search_term_string\"}}],\"inLanguage\":\"fr-FR\"}]}<\/script>\n<!-- \/ Yoast SEO plugin. -->","yoast_head_json":{"title":"Inclusion & Antiracisme","robots":{"index":"index","follow":"follow","max-snippet":"max-snippet:-1","max-image-preview":"max-image-preview:large","max-video-preview":"max-video-preview:-1"},"canonical":"https:\/\/www.socan.com\/fr\/inclusion-and-antiracism\/","og_locale":"fr_FR","og_type":"article","og_title":"[:en]Inclusion & Anti-Racism[:fr]Inclusion & Antiracisme[:] - SOCAN","og_description":"L\u2019am\u00e9lioration en action. Cultiver un environnement de travail o\u00f9 chaque voix est importante.\u00a0 Nous avons pris un engagement ferme en faveur de l&rsquo;inclusion et de la communaut\u00e9, et nous travaillons ensemble pour influencer positivement notre culture d\u2019entreprise.\u00a0 En puisant encore davantage dans les talents op\u00e9rationnels et cr\u00e9atifs des communaut\u00e9s en qu\u00eate d&rsquo;\u00e9quit\u00e9 et de souverainet\u00e9 [&hellip;]","og_url":"https:\/\/www.socan.com\/fr\/inclusion-and-antiracism\/","og_site_name":"SOCAN","article_modified_time":"2024-12-04T19:03:26+00:00","twitter_card":"summary_large_image","schema":{"@context":"https:\/\/schema.org","@graph":[{"@type":"WebPage","@id":"https:\/\/www.socan.com\/inclusion-and-antiracism\/","url":"https:\/\/www.socan.com\/inclusion-and-antiracism\/","name":"Inclusion & Antiracisme","isPartOf":{"@id":"https:\/\/www.socan.com\/#website"},"datePublished":"2022-04-20T19:11:59+00:00","dateModified":"2024-12-04T19:03:26+00:00","breadcrumb":{"@id":"https:\/\/www.socan.com\/inclusion-and-antiracism\/#breadcrumb"},"inLanguage":"fr-FR","potentialAction":[{"@type":"ReadAction","target":["https:\/\/www.socan.com\/inclusion-and-antiracism\/"]}]},{"@type":"BreadcrumbList","@id":"https:\/\/www.socan.com\/inclusion-and-antiracism\/#breadcrumb","itemListElement":[{"@type":"ListItem","position":1,"name":"Home","item":"https:\/\/www.socan.com\/"},{"@type":"ListItem","position":2,"name":"Inclusion &#038; Anti-Racism"}]},{"@type":"WebSite","@id":"https:\/\/www.socan.com\/#website","url":"https:\/\/www.socan.com\/","name":"SOCAN","description":"Gestion des droits","potentialAction":[{"@type":"SearchAction","target":{"@type":"EntryPoint","urlTemplate":"https:\/\/www.socan.com\/?s={search_term_string}"},"query-input":{"@type":"PropertyValueSpecification","valueRequired":true,"valueName":"search_term_string"}}],"inLanguage":"fr-FR"}]}},"_links":{"self":[{"href":"https:\/\/www.socan.com\/fr\/wp-json\/wp\/v2\/pages\/13254","targetHints":{"allow":["GET"]}}],"collection":[{"href":"https:\/\/www.socan.com\/fr\/wp-json\/wp\/v2\/pages"}],"about":[{"href":"https:\/\/www.socan.com\/fr\/wp-json\/wp\/v2\/types\/page"}],"author":[{"embeddable":true,"href":"https:\/\/www.socan.com\/fr\/wp-json\/wp\/v2\/users\/13"}],"replies":[{"embeddable":true,"href":"https:\/\/www.socan.com\/fr\/wp-json\/wp\/v2\/comments?post=13254"}],"version-history":[{"count":0,"href":"https:\/\/www.socan.com\/fr\/wp-json\/wp\/v2\/pages\/13254\/revisions"}],"wp:attachment":[{"href":"https:\/\/www.socan.com\/fr\/wp-json\/wp\/v2\/media?parent=13254"}],"curies":[{"name":"wp","href":"https:\/\/api.w.org\/{rel}","templated":true}]}}