
{"id":13147,"date":"2022-02-16T08:46:38","date_gmt":"2022-02-16T13:46:38","guid":{"rendered":"https:\/\/socan50.wpengine.com\/?page_id=13147"},"modified":"2026-03-30T09:10:38","modified_gmt":"2026-03-30T13:10:38","slug":"music-licenses","status":"publish","type":"page","link":"https:\/\/www.socan.com\/fr\/music-licenses\/","title":{"rendered":"Licences musicales SOCAN"},"content":{"rendered":"<p>La musique est partout \u2013 au magasin, au restaurant et dans les espaces publics. La musique que vous \u00e9coutez est cr\u00e9\u00e9e par des artistes qui ont des droits en vertu de la <em>Loi sur le droit d\u2019auteur<\/em> du Canada. Nous octroyons des licences musicales afin que les propri\u00e9taires de cette musique soient pay\u00e9s pour leur travail en vertu des tarifs et taux homologu\u00e9s par la <a href=\"https:\/\/cb-cda.gc.ca\/en\/cases-tariffs\">Commission du droit d\u2019auteur du Canada<\/a>.<\/p>\n<h3><strong>LICENCES MUSICALES ADMINISTR\u00c9ES PAR LA SOCAN<\/strong><\/h3>\n<p>Si vous dirigez une entreprise ou une organisation qui utilise de la musique, consultez cette liste pour conna\u00eetre les licences que nous g\u00e9rons. Si vous avez des questions, veuillez <a href=\"https:\/\/www.socan.com\/fr\/frequently-asked-questions\/\">communiquer avec nous<\/a> ou <a href=\"https:\/\/www.socan.com\/fr\/contact-us\/\">consultez notre FAQ<\/a>.<\/p>\n<p><a href=\"https:\/\/decisia.lexum.com\/cb-cda\/certified-homologues\/en\/522365\/1\/document.do\">Fournisseurs de musique de fond (16)<\/a><br \/>\n<a href=\"https:\/\/decisions.cb-cda.gc.ca\/cb-cda\/certified-homologues\/en\/488274\/1\/document.do\">Soci\u00e9t\u00e9 Radio-Canada \u2013 Radio (1.C)<\/a><br \/>\n<a href=\"\/wp-content\/uploads\/2023\/07\/Tariff-2.D-GAZETTE-2013-2014-modified-Copyright-Board.pdf\">Soci\u00e9t\u00e9 Radio-Canada \u2013 T\u00e9l\u00e9vision (2.D)<\/a><br \/>\n<a href=\"https:\/\/decisions.cb-cda.gc.ca\/cb-cda\/certified-homologues\/en\/522178\/1\/document.do\">Radio commerciale (1.A)<\/a><br \/>\n<a href=\"https:\/\/decisions.cb-cda.gc.ca\/cb-cda\/certified-homologues\/en\/521528\/1\/document.do\">Reproduction \u00e0 la radio commerciale<\/a><br \/>\n<a href=\"https:\/\/decisia.lexum.com\/cb-cda\/certified-homologues\/en\/522006\/1\/document.do\">Stations de t\u00e9l\u00e9vision commerciale (2.A)<\/a><br \/>\n<a href=\"https:\/\/decisions.cb-cda.gc.ca\/cb-cda\/certified-homologues\/en\/366473\/1\/document.do\">Internet \u2013 Services de musique en ligne (22.A)<\/a><br \/>\n<a href=\"https:\/\/decisions.cb-cda.gc.ca\/cb-cda\/certified-homologues\/en\/521557\/1\/document.do\">Radio commerciale et radio par satellite (22B)<\/a><br \/>\n<a href=\"https:\/\/decisions.cb-cda.gc.ca\/cb-cda\/certified-homologues\/en\/520930\/1\/document.do\">Internet \u2013 Autres utilisations de musique &#8211; Sites de jeux (22.G)<\/a><br \/>\n<a href=\"https:\/\/decisions.cb-cda.gc.ca\/cb-cda\/certified-homologues\/en\/522022\/1\/document.do\">Internet \u2013 Autres utilisations de musique \u2013 Soci\u00e9t\u00e9 Radio-Canada (22.E)<\/a><br \/>\n<a href=\"https:\/\/decisions.cb-cda.gc.ca\/cb-cda\/certified-homologues\/en\/521558\/1\/document.do\">Autres sites Web audio (22C)<\/a><br \/>\n<a href=\"https:\/\/decisions.cb-cda.gc.ca\/cb-cda\/certified-homologues\/en\/item\/366492\/index.do?q=SOCAN+Tariff+22.D.1\">Internet \u2013 Services audiovisuels en ligne (22.D.1)<\/a><br \/>\n<a href=\"https:\/\/decisions.cb-cda.gc.ca\/cb-cda\/certified-homologues\/en\/366458\/1\/document.do\">Internet \u2013 Contenu g\u00e9n\u00e9r\u00e9 par les utilisateurs (22.D.2)<\/a><br \/>\n<a href=\"https:\/\/decisia.lexum.com\/cb-cda\/certified-homologues\/en\/521845\/1\/document.do\">Services offerts dans les chambres d\u2019h\u00f4tel et de motel (23)<\/a><br \/>\n<a href=\"https:\/\/decisions.cb-cda.gc.ca\/cb-cda\/certified-homologues\/en\/522238\/1\/document.do\">Radio non commerciale (1.B)<\/a><br \/>\n<a href=\"https:\/\/decisions.cb-cda.gc.ca\/cb-cda\/certified-homologues\/en\/522210\/1\/document.do\">Radio non commerciale pour la reproduction<\/a><br \/>\n<a href=\"https:\/\/decisions.cb-cda.gc.ca\/cb-cda\/certified-homologues\/en\/483779\/1\/document.do\">T\u00e9l\u00e9vision \u2012 Office de la t\u00e9l\u00e9communication \u00e9ducative de l\u2019Ontario (2.B)<\/a><br \/>\n<a href=\"https:\/\/decisions.cb-cda.gc.ca\/cb-cda\/certified-homologues\/en\/522182\/1\/document.do\">Retransmission de signaux \u00e9loign\u00e9s de t\u00e9l\u00e9vision<\/a><br \/>\n<a href=\"https:\/\/decisions.cb-cda.gc.ca\/cb-cda\/certified-homologues\/en\/521905\/1\/document.do\">Retransmission de signaux \u00e9loign\u00e9s de radio<\/a><br \/>\n<a href=\"https:\/\/decisions.cb-cda.gc.ca\/cb-cda\/certified-homologues\/en\/497807\/1\/document.do\">Service sonore payant et services accessoires de Stingray (26)<\/a><br \/>\n<a href=\"https:\/\/decisions.cb-cda.gc.ca\/cb-cda\/certified-homologues\/en\/item\/483780\/index.do?q=SOCAN+Tariff+2.C\">T\u00e9l\u00e9vision \u2012 Soci\u00e9t\u00e9 de t\u00e9l\u00e9diffusion du Qu\u00e9bec (2.C)<\/a><br \/>\n<a href=\"https:\/\/decisia.lexum.com\/cb-cda\/certified-homologues\/en\/522007\/1\/document.do\">Transmission de services de t\u00e9l\u00e9vision payante, services sp\u00e9cialis\u00e9s et autres services par des entreprises de distribution (17)<\/a><\/p>\n<h3><strong>LICENCES MUSICALES ADMINISTR\u00c9ES PAR ENTANDEM POUR LA SOCAN<\/strong><\/h3>\n<p>Entandem est une coentreprise de R\u00c9:SONNE et la SOCAN afin de simplifier l\u2019obtention de licences musicales pour les entreprises canadiennes. L\u2019entreprise administre les licences musicales suivantes au nom de la SOCAN, en plus des licences qu\u2019il administre au nom de R\u00c9:SONNE. Pour en savoir plus, visitez le <a href=\"https:\/\/www.entandemlicensing.com\/fr\/\">entandemlicensing.com\/fr\/<\/a>.<\/p>\n<table style=\"height: 1307px;\" width=\"623\">\n<tbody>\n<tr>\n<td width=\"463\"><a href=\"https:\/\/decisions.cb-cda.gc.ca\/cb-cda\/certified-homologues\/en\/522278\/1\/document.do\">Clubs de divertissement pour adultes (3.C)<\/a><\/td>\n<\/tr>\n<tr>\n<td width=\"463\"><a href=\"https:\/\/decisia.lexum.com\/cb-cda\/certified-homologues\/en\/521561\/1\/document.do\">Transports en commun \u2013 Avions (13A)<\/a><\/td>\n<\/tr>\n<tr>\n<td width=\"463\"><a href=\"\/wp-content\/uploads\/2023\/07\/Tariff-4.B.2-GAZETTE-2018-2024-CONDENSED.pdf\">Concerts de musique classique \u2013 licences annuelles pour orchestres (4.B.2)<\/a><\/td>\n<\/tr>\n<tr>\n<td width=\"463\"><a href=\"https:\/\/decisia.lexum.com\/cb-cda\/certified-homologues\/en\/522363\/1\/document.do\">Musique de fond (15A)<\/a><\/td>\n<\/tr>\n<tr>\n<td width=\"463\"><a href=\"https:\/\/decisions.cb-cda.gc.ca\/cb-cda\/certified-homologues\/en\/522269\/1\/document.do\">Paramount Canada\u2019s Wonderland Inc. et \u00e9tablissements du m\u00eame genre (12.B)<\/a><\/td>\n<\/tr>\n<tr>\n<td width=\"463\"><a href=\"https:\/\/decisia.lexum.com\/cb-cda\/certified-homologues\/en\/521645\/1\/document.do\">Cirques, spectacles sur glace, feux d\u2019artifice, spectacles son et lumi\u00e8re et \u00e9v\u00e9nements similaires (11.A)<\/a><\/td>\n<\/tr>\n<tr>\n<td width=\"463\"><a href=\"\/wp-content\/uploads\/2023\/07\/Tariff-4.B.3-GAZETTE-2018-2024-CONDENSED.pdf\">Concerts de musique classique \u2013 Licences annuelles pour les diffuseurs (4.B.3)<\/a><\/td>\n<\/tr>\n<tr>\n<td width=\"463\"><a href=\"\/wp-content\/uploads\/2023\/07\/Tariff-4.B.1-GAZETTE-2018-2024-CONDENSED.pdf\">Concerts de musique classique \u2013 Licences pour concerts individuels (4.B.1)<\/a><\/td>\n<\/tr>\n<tr>\n<td width=\"463\"><a href=\"https:\/\/decisions.cb-cda.gc.ca\/cb-cda\/certified-homologues\/en\/522205\/1\/document.do\">Spectacles d\u2019humoristes et spectacles de magiciens (11.B)<\/a><\/td>\n<\/tr>\n<tr>\n<td width=\"463\"><a href=\"https:\/\/decisions.cb-cda.gc.ca\/cb-cda\/certified-homologues\/en\/item\/483782\/index.do?q=SOCAN+Tariff+5.B\">Expositions et foires \u2013 Acc\u00e8s \u00e0 un concert (5.B)<\/a><\/td>\n<\/tr>\n<tr>\n<td width=\"463\"><a href=\"https:\/\/decisions.cb-cda.gc.ca\/cb-cda\/certified-homologues\/en\/520985\/1\/document.do\">Expositions et foires (5.A)<\/a><\/td>\n<\/tr>\n<tr>\n<td width=\"463\"><a href=\"https:\/\/decisions.cb-cda.gc.ca\/cb-cda\/certified-homologues\/en\/366491\/1\/document.do\">Exercices physiques et cours de danse (19)<\/a><\/td>\n<\/tr>\n<tr>\n<td width=\"463\"><a href=\"https:\/\/decisions.cb-cda.gc.ca\/cb-cda\/certified-homologues\/en\/520952\/1\/document.do\">Bars karaok\u00e9 et autres \u00e9tablissements de m\u00eame type (20)<\/a><\/td>\n<\/tr>\n<tr>\n<td width=\"463\"><a href=\"https:\/\/decisions.cb-cda.gc.ca\/cb-cda\/certified-homologues\/en\/520928\/1\/document.do\">Ex\u00e9cution en personne (3.A)<\/a><\/td>\n<\/tr>\n<tr>\n<td width=\"463\"><a href=\"https:\/\/decisions.cb-cda.gc.ca\/cb-cda\/certified-homologues\/en\/522281\/1\/document.do\">Fanfares\u2009; chars all\u00e9goriques avec musique dans les parcs, rues et autres endroits publics (10.B)<\/a><\/td>\n<\/tr>\n<tr>\n<td width=\"463\"><a href=\"https:\/\/www.socan.com\/wp-content\/uploads\/2024\/05\/Tariff-6-GAZETTE-2014-2016-CONDENSED.pdf\">Salles de cin\u00e9ma (6)<\/a><\/td>\n<\/tr>\n<tr>\n<td width=\"463\"><a href=\"https:\/\/decisions.cb-cda.gc.ca\/cb-cda\/certified-homologues\/en\/522289\/1\/document.do\">Tranports en commun \u2013 Navires \u00e0 passagers (13.B)<\/a><\/p>\n<p><a href=\"https:\/\/decisions.cb-cda.gc.ca\/cb-cda\/certified-homologues\/en\/521828\/1\/document.do\">Ex\u00e9cution d\u2019\u0153uvres particuli\u00e8res (14)<\/a><\/td>\n<\/tr>\n<tr>\n<td width=\"463\"><a href=\"https:\/\/decisions.cb-cda.gc.ca\/cb-cda\/certified-homologues\/en\/item\/521873\/index.do\">Concerts de musique populaire \u2013 Redevances pour concerts individuels (4.A.1) et Redevances annuelles (4.A.2)<\/a><\/td>\n<\/tr>\n<tr>\n<td width=\"463\"><a href=\"https:\/\/decisions.cb-cda.gc.ca\/cb-cda\/certified-homologues\/en\/522291\/1\/document.do\">Transports en commun \u2013 Trains, autobus et autres moyens de transport en commun, \u00e0 l\u2019exclusion des avions et des navires \u00e0 passagers (13.C)<\/a><\/td>\n<\/tr>\n<tr>\n<td width=\"463\"><a href=\"https:\/\/decisions.cb-cda.gc.ca\/cb-cda\/certified-homologues\/en\/520950\/1\/document.do\">R\u00e9ceptions, congr\u00e8s, assembl\u00e9es et pr\u00e9sentations de mode (8)<\/a><\/td>\n<\/tr>\n<tr>\n<td width=\"463\"><a href=\"https:\/\/decisions.cb-cda.gc.ca\/cb-cda\/certified-homologues\/en\/520976\/1\/document.do\">Musique enregistr\u00e9e accompagnant un spectacle (3.B)<\/a><\/td>\n<\/tr>\n<tr>\n<td width=\"463\"><a href=\"https:\/\/decisions.cb-cda.gc.ca\/cb-cda\/certified-homologues\/en\/522518\/1\/document.do\">Musique enregistr\u00e9e utilis\u00e9e aux fins de danse (18)<\/a><\/td>\n<\/tr>\n<tr>\n<td width=\"463\"><a href=\"https:\/\/decisions.cb-cda.gc.ca\/cb-cda\/certified-homologues\/en\/522207\/1\/document.do\">Installations r\u00e9cr\u00e9atives exploit\u00e9es par une municipalit\u00e9, une \u00e9cole, un coll\u00e8ge, une universit\u00e9, une soci\u00e9t\u00e9 agricole ou autres organisations communautaires du m\u00eame genre (21)<\/a><\/td>\n<\/tr>\n<tr>\n<td width=\"463\"><a href=\"https:\/\/decisions.cb-cda.gc.ca\/cb-cda\/certified-homologues\/en\/522203\/1\/document.do\">Patinoires (7)<\/a><\/td>\n<\/tr>\n<tr>\n<td width=\"463\"><a href=\"https:\/\/decisia.lexum.com\/cb-cda\/certified-homologues\/en\/521526\/1\/document.do\">\u00c9v\u00e9nements sportifs (9)<\/a><\/td>\n<\/tr>\n<tr>\n<td width=\"463\"><a href=\"https:\/\/decisions.cb-cda.gc.ca\/cb-cda\/certified-homologues\/en\/522280\/1\/document.do\">Musiciens ambulants et musiciens de rue\u2009; musique enregistr\u00e9e dans les parcs, parades, rues et autres endroits publics (10.A)<\/a><\/td>\n<\/tr>\n<tr>\n<td width=\"463\"><a href=\"https:\/\/decisia.lexum.com\/cb-cda\/certified-homologues\/en\/522364\/1\/document.do\">Attente musicale au t\u00e9l\u00e9phone (15.B)<\/a><\/td>\n<\/tr>\n<tr>\n<td width=\"463\"><a href=\"https:\/\/decisions.cb-cda.gc.ca\/cb-cda\/certified-homologues\/en\/522267\/1\/document.do\">Parcs th\u00e9matiques, Ontario Place Corporation et \u00e9tablissements du m\u00eame genre (12.A)<\/a><\/td>\n<\/tr>\n<\/tbody>\n<\/table>\n<p>&nbsp;<\/p>\n","protected":false},"excerpt":{"rendered":"<p>La musique est partout \u2013 au magasin, au restaurant et dans les espaces publics. La musique que vous \u00e9coutez est cr\u00e9\u00e9e par des artistes qui ont des droits en vertu de la Loi sur le droit d\u2019auteur du Canada. Nous octroyons des licences musicales afin que les propri\u00e9taires de cette musique soient pay\u00e9s pour leur [&hellip;]<\/p>\n","protected":false},"author":13,"featured_media":0,"parent":0,"menu_order":0,"comment_status":"closed","ping_status":"closed","template":"","meta":{"_acf_changed":false,"footnotes":""},"class_list":["post-13147","page","type-page","status-publish","hentry"],"acf":[],"yoast_head":"<!-- This site is optimized with the Yoast SEO plugin v27.2 - https:\/\/yoast.com\/product\/yoast-seo-wordpress\/ -->\n<title>Licences musicales SOCAN<\/title>\n<meta name=\"robots\" content=\"index, follow, max-snippet:-1, max-image-preview:large, max-video-preview:-1\" \/>\n<link rel=\"canonical\" href=\"https:\/\/www.socan.com\/fr\/music-licenses\/\" \/>\n<meta property=\"og:locale\" content=\"fr_FR\" \/>\n<meta property=\"og:locale:alternate\" content=\"en_US\" \/>\n<meta property=\"og:type\" content=\"article\" \/>\n<meta property=\"og:title\" content=\"Licences musicales SOCAN\" \/>\n<meta property=\"og:description\" content=\"La musique est partout \u2013 au magasin, au restaurant et dans les espaces publics. La musique que vous \u00e9coutez est cr\u00e9\u00e9e par des artistes qui ont des droits en vertu de la Loi sur le droit d\u2019auteur du Canada. Nous octroyons des licences musicales afin que les propri\u00e9taires de cette musique soient pay\u00e9s pour leur [&hellip;]\" \/>\n<meta property=\"og:url\" content=\"https:\/\/www.socan.com\/fr\/music-licenses\/\" \/>\n<meta property=\"og:site_name\" content=\"SOCAN\" \/>\n<meta property=\"article:modified_time\" content=\"2026-03-30T13:10:38+00:00\" \/>\n<meta name=\"twitter:card\" content=\"summary_large_image\" \/>\n<script type=\"application\/ld+json\" class=\"yoast-schema-graph\">{\"@context\":\"https:\/\/schema.org\",\"@graph\":[{\"@type\":\"WebPage\",\"@id\":\"https:\/\/www.socan.com\/fr\/music-licenses\/\",\"url\":\"https:\/\/www.socan.com\/fr\/music-licenses\/\",\"name\":\"Licences musicales SOCAN\",\"isPartOf\":{\"@id\":\"https:\/\/www.socan.com\/#website\"},\"datePublished\":\"2022-02-16T13:46:38+00:00\",\"dateModified\":\"2026-03-30T13:10:38+00:00\",\"breadcrumb\":{\"@id\":\"https:\/\/www.socan.com\/fr\/music-licenses\/#breadcrumb\"},\"inLanguage\":\"fr-FR\",\"potentialAction\":[{\"@type\":\"ReadAction\",\"target\":[\"https:\/\/www.socan.com\/fr\/music-licenses\/\"]}]},{\"@type\":\"BreadcrumbList\",\"@id\":\"https:\/\/www.socan.com\/fr\/music-licenses\/#breadcrumb\",\"itemListElement\":[{\"@type\":\"ListItem\",\"position\":1,\"name\":\"Home\",\"item\":\"https:\/\/www.socan.com\/\"},{\"@type\":\"ListItem\",\"position\":2,\"name\":\"Licences musicales SOCAN\"}]},{\"@type\":\"WebSite\",\"@id\":\"https:\/\/www.socan.com\/#website\",\"url\":\"https:\/\/www.socan.com\/\",\"name\":\"SOCAN\",\"description\":\"Gestion des droits\",\"potentialAction\":[{\"@type\":\"SearchAction\",\"target\":{\"@type\":\"EntryPoint\",\"urlTemplate\":\"https:\/\/www.socan.com\/?s={search_term_string}\"},\"query-input\":{\"@type\":\"PropertyValueSpecification\",\"valueRequired\":true,\"valueName\":\"search_term_string\"}}],\"inLanguage\":\"fr-FR\"}]}<\/script>\n<!-- \/ Yoast SEO plugin. -->","yoast_head_json":{"title":"Licences musicales SOCAN","robots":{"index":"index","follow":"follow","max-snippet":"max-snippet:-1","max-image-preview":"max-image-preview:large","max-video-preview":"max-video-preview:-1"},"canonical":"https:\/\/www.socan.com\/fr\/music-licenses\/","og_locale":"fr_FR","og_type":"article","og_title":"[:en]SOCAN Music Licenses[:fr]Licences musicales SOCAN[:] - SOCAN","og_description":"La musique est partout \u2013 au magasin, au restaurant et dans les espaces publics. La musique que vous \u00e9coutez est cr\u00e9\u00e9e par des artistes qui ont des droits en vertu de la Loi sur le droit d\u2019auteur du Canada. Nous octroyons des licences musicales afin que les propri\u00e9taires de cette musique soient pay\u00e9s pour leur [&hellip;]","og_url":"https:\/\/www.socan.com\/fr\/music-licenses\/","og_site_name":"SOCAN","article_modified_time":"2026-03-30T13:10:38+00:00","twitter_card":"summary_large_image","schema":{"@context":"https:\/\/schema.org","@graph":[{"@type":"WebPage","@id":"https:\/\/www.socan.com\/fr\/music-licenses\/","url":"https:\/\/www.socan.com\/fr\/music-licenses\/","name":"Licences musicales SOCAN","isPartOf":{"@id":"https:\/\/www.socan.com\/#website"},"datePublished":"2022-02-16T13:46:38+00:00","dateModified":"2026-03-30T13:10:38+00:00","breadcrumb":{"@id":"https:\/\/www.socan.com\/fr\/music-licenses\/#breadcrumb"},"inLanguage":"fr-FR","potentialAction":[{"@type":"ReadAction","target":["https:\/\/www.socan.com\/fr\/music-licenses\/"]}]},{"@type":"BreadcrumbList","@id":"https:\/\/www.socan.com\/fr\/music-licenses\/#breadcrumb","itemListElement":[{"@type":"ListItem","position":1,"name":"Home","item":"https:\/\/www.socan.com\/"},{"@type":"ListItem","position":2,"name":"Licences musicales SOCAN"}]},{"@type":"WebSite","@id":"https:\/\/www.socan.com\/#website","url":"https:\/\/www.socan.com\/","name":"SOCAN","description":"Gestion des droits","potentialAction":[{"@type":"SearchAction","target":{"@type":"EntryPoint","urlTemplate":"https:\/\/www.socan.com\/?s={search_term_string}"},"query-input":{"@type":"PropertyValueSpecification","valueRequired":true,"valueName":"search_term_string"}}],"inLanguage":"fr-FR"}]}},"_links":{"self":[{"href":"https:\/\/www.socan.com\/fr\/wp-json\/wp\/v2\/pages\/13147","targetHints":{"allow":["GET"]}}],"collection":[{"href":"https:\/\/www.socan.com\/fr\/wp-json\/wp\/v2\/pages"}],"about":[{"href":"https:\/\/www.socan.com\/fr\/wp-json\/wp\/v2\/types\/page"}],"author":[{"embeddable":true,"href":"https:\/\/www.socan.com\/fr\/wp-json\/wp\/v2\/users\/13"}],"replies":[{"embeddable":true,"href":"https:\/\/www.socan.com\/fr\/wp-json\/wp\/v2\/comments?post=13147"}],"version-history":[{"count":0,"href":"https:\/\/www.socan.com\/fr\/wp-json\/wp\/v2\/pages\/13147\/revisions"}],"wp:attachment":[{"href":"https:\/\/www.socan.com\/fr\/wp-json\/wp\/v2\/media?parent=13147"}],"curies":[{"name":"wp","href":"https:\/\/api.w.org\/{rel}","templated":true}]}}