
{"id":11610,"date":"2020-10-02T14:51:14","date_gmt":"2020-10-02T18:51:14","guid":{"rendered":"https:\/\/socan50.wpengine.com\/?page_id=11610"},"modified":"2021-07-20T09:39:00","modified_gmt":"2021-07-20T13:39:00","slug":"television-broadcast-royalties","status":"publish","type":"page","link":"https:\/\/www.socan.com\/fr\/television-broadcast-royalties\/","title":{"rendered":"Redevances de t\u00e9l\u00e9diffusion"},"content":{"rendered":"<p>La SOCAN octroie des licences \u00e0 toutes les stations de t\u00e9l\u00e9vision au Canada en vertu des tarifs 2A et 17. Nous analysons tous les rapports de contenu musical re\u00e7us pour les \u00e9missions mises en ondes par les stations commerciales locales (y compris les stations affili\u00e9es \u00e0 CTV et \u00e0 Global), les stations du c\u00e2ble, les stations publiques (comme T\u00e9l\u00e9-Qu\u00e9bec et TV Ontario), la SRC\/CBC, le r\u00e9seau TVA et le r\u00e9seau Noovo. Ces rapports de contenu musical nous fournissent des informations d\u00e9taill\u00e9es au sujet de la musique utilis\u00e9e dans toutes les \u00e9missions de t\u00e9l\u00e9vision. Ils proviennent des maisons de production et des distributeurs canadiens et \u00e9trangers, des soci\u00e9t\u00e9s s\u0153urs, de nos membres et, parfois, des diffuseurs eux-m\u00eames.<\/p>\n<div class=\"text\">\n<h4>Comment la SOCAN paie-t-elle les ex\u00e9cutions audiovisuelles num\u00e9riques\u00a0:<\/h4>\n<p>Pour calculer le paiement de chaque ex\u00e9cution, la SOCAN divise la somme \u00e0 r\u00e9partir par le nombre d\u2019ex\u00e9cutions enregistr\u00e9es. Le paiement par ex\u00e9cution peut varier d\u2019une r\u00e9partition \u00e0 l\u2019autre. Les variables suivantes ont une influence sur le paiement trimestriel\u00a0:<\/p>\n<ul>\n<li>La station de t\u00e9l\u00e9vision qui utilise votre musique<\/li>\n<li>Le montant des frais de licence collect\u00e9s<\/li>\n<li>Le nombre d\u2019\u0153uvres \/ \u00ab\u2009cues\u2009\u00bb identifi\u00e9s et pay\u00e9s<\/li>\n<li>L\u2019heure de l\u2019ex\u00e9cution<\/li>\n<li>Le type d\u2019utilisation de la musique &#8211; premier plan, th\u00e8me, musique de fond<\/li>\n<li>La dur\u00e9e de chaque utilisation<\/li>\n<\/ul>\n<p>Une ex\u00e9cution sur une station peut repr\u00e9senter un montant beaucoup plus important ou moindre qu\u2019une ex\u00e9cution sur une autre station puisque le paiement est bas\u00e9 sur le montant des frais de licences pay\u00e9s par chaque station. Par exemple, une ex\u00e9cution sur l\u2019ensemble du r\u00e9seau de la SRC g\u00e9n\u00e9rera beaucoup plus d\u2019argent qu\u2019une ex\u00e9cution sur une station communautaire.<\/p>\n<\/div>\n<div class=\"text\">\n<h4>Ce que nous attendons de vous\u00a0:<\/h4>\n<p>Vous pouvez nous aider en nous informant de toute ex\u00e9cution de vos \u0153uvres \u00e0 la t\u00e9l\u00e9vision et en veillant, si possible, \u00e0 ce que les rapports de contenu musical correspondants soient soumis \u00e0 la SOCAN pour ces \u00e9missions ou ces films. Veuillez noter que le producteur de l\u2019\u00e9mission ou du film doit signer chaque rapport de contenu musical.<\/p>\n<\/div>\n","protected":false},"excerpt":{"rendered":"<p>La SOCAN octroie des licences \u00e0 toutes les stations de t\u00e9l\u00e9vision au Canada en vertu des tarifs 2A et 17. Nous analysons tous les rapports de contenu musical re\u00e7us pour les \u00e9missions mises en ondes par les stations commerciales locales (y compris les stations affili\u00e9es \u00e0 CTV et \u00e0 Global), les stations du c\u00e2ble, les [&hellip;]<\/p>\n","protected":false},"author":1,"featured_media":679,"parent":0,"menu_order":11,"comment_status":"closed","ping_status":"closed","template":"page-television-broadcast.php","meta":{"_acf_changed":false,"footnotes":""},"class_list":["post-11610","page","type-page","status-publish","has-post-thumbnail","hentry"],"acf":[],"yoast_head":"<!-- This site is optimized with the Yoast SEO plugin v27.4 - https:\/\/yoast.com\/product\/yoast-seo-wordpress\/ -->\n<title>Redevances de t\u00e9l\u00e9diffusion<\/title>\n<meta name=\"robots\" content=\"index, follow, max-snippet:-1, max-image-preview:large, max-video-preview:-1\" \/>\n<link rel=\"canonical\" href=\"https:\/\/www.socan.com\/fr\/television-broadcast-royalties\/\" \/>\n<meta property=\"og:locale\" content=\"fr_FR\" \/>\n<meta property=\"og:locale:alternate\" content=\"en_US\" \/>\n<meta property=\"og:type\" content=\"article\" \/>\n<meta property=\"og:title\" content=\"Redevances de t\u00e9l\u00e9diffusion\" \/>\n<meta property=\"og:description\" content=\"La SOCAN octroie des licences \u00e0 toutes les stations de t\u00e9l\u00e9vision au Canada en vertu des tarifs 2A et 17. Nous analysons tous les rapports de contenu musical re\u00e7us pour les \u00e9missions mises en ondes par les stations commerciales locales (y compris les stations affili\u00e9es \u00e0 CTV et \u00e0 Global), les stations du c\u00e2ble, les [&hellip;]\" \/>\n<meta property=\"og:url\" content=\"https:\/\/www.socan.com\/fr\/television-broadcast-royalties\/\" \/>\n<meta property=\"og:site_name\" content=\"SOCAN\" \/>\n<meta property=\"article:modified_time\" content=\"2021-07-20T13:39:00+00:00\" \/>\n<meta property=\"og:image\" content=\"https:\/\/www.socan.com\/wp-content\/uploads\/2019\/12\/socan-music-licensing-how-it-works-Music-is-created.jpg\" \/>\n\t<meta property=\"og:image:width\" content=\"350\" \/>\n\t<meta property=\"og:image:height\" content=\"350\" \/>\n\t<meta property=\"og:image:type\" content=\"image\/jpeg\" \/>\n<meta name=\"twitter:card\" content=\"summary_large_image\" \/>\n<script type=\"application\/ld+json\" class=\"yoast-schema-graph\">{\"@context\":\"https:\\\/\\\/schema.org\",\"@graph\":[{\"@type\":\"WebPage\",\"@id\":\"https:\\\/\\\/www.socan.com\\\/television-broadcast-royalties\\\/\",\"url\":\"https:\\\/\\\/www.socan.com\\\/television-broadcast-royalties\\\/\",\"name\":\"Redevances de t\u00e9l\u00e9diffusion\",\"isPartOf\":{\"@id\":\"https:\\\/\\\/www.socan.com\\\/#website\"},\"primaryImageOfPage\":{\"@id\":\"https:\\\/\\\/www.socan.com\\\/television-broadcast-royalties\\\/#primaryimage\"},\"image\":{\"@id\":\"https:\\\/\\\/www.socan.com\\\/television-broadcast-royalties\\\/#primaryimage\"},\"thumbnailUrl\":\"https:\\\/\\\/www.socan.com\\\/wp-content\\\/uploads\\\/2019\\\/12\\\/socan-music-licensing-how-it-works-Music-is-created.jpg\",\"datePublished\":\"2020-10-02T18:51:14+00:00\",\"dateModified\":\"2021-07-20T13:39:00+00:00\",\"breadcrumb\":{\"@id\":\"https:\\\/\\\/www.socan.com\\\/television-broadcast-royalties\\\/#breadcrumb\"},\"inLanguage\":\"fr-FR\",\"potentialAction\":[{\"@type\":\"ReadAction\",\"target\":[\"https:\\\/\\\/www.socan.com\\\/television-broadcast-royalties\\\/\"]}]},{\"@type\":\"ImageObject\",\"inLanguage\":\"fr-FR\",\"@id\":\"https:\\\/\\\/www.socan.com\\\/television-broadcast-royalties\\\/#primaryimage\",\"url\":\"https:\\\/\\\/www.socan.com\\\/wp-content\\\/uploads\\\/2019\\\/12\\\/socan-music-licensing-how-it-works-Music-is-created.jpg\",\"contentUrl\":\"https:\\\/\\\/www.socan.com\\\/wp-content\\\/uploads\\\/2019\\\/12\\\/socan-music-licensing-how-it-works-Music-is-created.jpg\",\"width\":350,\"height\":350,\"caption\":\"Songwriter creating music\"},{\"@type\":\"BreadcrumbList\",\"@id\":\"https:\\\/\\\/www.socan.com\\\/television-broadcast-royalties\\\/#breadcrumb\",\"itemListElement\":[{\"@type\":\"ListItem\",\"position\":1,\"name\":\"Home\",\"item\":\"https:\\\/\\\/www.socan.com\\\/fr\\\/\"},{\"@type\":\"ListItem\",\"position\":2,\"name\":\"Television Broadcast Royalties\"}]},{\"@type\":\"WebSite\",\"@id\":\"https:\\\/\\\/www.socan.com\\\/#website\",\"url\":\"https:\\\/\\\/www.socan.com\\\/\",\"name\":\"SOCAN\",\"description\":\"Gestion des droits\",\"potentialAction\":[{\"@type\":\"SearchAction\",\"target\":{\"@type\":\"EntryPoint\",\"urlTemplate\":\"https:\\\/\\\/www.socan.com\\\/?s={search_term_string}\"},\"query-input\":{\"@type\":\"PropertyValueSpecification\",\"valueRequired\":true,\"valueName\":\"search_term_string\"}}],\"inLanguage\":\"fr-FR\"}]}<\/script>\n<!-- \/ Yoast SEO plugin. -->","yoast_head_json":{"title":"Redevances de t\u00e9l\u00e9diffusion","robots":{"index":"index","follow":"follow","max-snippet":"max-snippet:-1","max-image-preview":"max-image-preview:large","max-video-preview":"max-video-preview:-1"},"canonical":"https:\/\/www.socan.com\/fr\/television-broadcast-royalties\/","og_locale":"fr_FR","og_type":"article","og_title":"[:en]Television Broadcast Royalties[:fr]Redevances de t\u00e9l\u00e9diffusion[:] - SOCAN","og_description":"La SOCAN octroie des licences \u00e0 toutes les stations de t\u00e9l\u00e9vision au Canada en vertu des tarifs 2A et 17. Nous analysons tous les rapports de contenu musical re\u00e7us pour les \u00e9missions mises en ondes par les stations commerciales locales (y compris les stations affili\u00e9es \u00e0 CTV et \u00e0 Global), les stations du c\u00e2ble, les [&hellip;]","og_url":"https:\/\/www.socan.com\/fr\/television-broadcast-royalties\/","og_site_name":"SOCAN","article_modified_time":"2021-07-20T13:39:00+00:00","og_image":[{"width":350,"height":350,"url":"https:\/\/www.socan.com\/wp-content\/uploads\/2019\/12\/socan-music-licensing-how-it-works-Music-is-created.jpg","type":"image\/jpeg"}],"twitter_card":"summary_large_image","schema":{"@context":"https:\/\/schema.org","@graph":[{"@type":"WebPage","@id":"https:\/\/www.socan.com\/television-broadcast-royalties\/","url":"https:\/\/www.socan.com\/television-broadcast-royalties\/","name":"Redevances de t\u00e9l\u00e9diffusion","isPartOf":{"@id":"https:\/\/www.socan.com\/#website"},"primaryImageOfPage":{"@id":"https:\/\/www.socan.com\/television-broadcast-royalties\/#primaryimage"},"image":{"@id":"https:\/\/www.socan.com\/television-broadcast-royalties\/#primaryimage"},"thumbnailUrl":"https:\/\/www.socan.com\/wp-content\/uploads\/2019\/12\/socan-music-licensing-how-it-works-Music-is-created.jpg","datePublished":"2020-10-02T18:51:14+00:00","dateModified":"2021-07-20T13:39:00+00:00","breadcrumb":{"@id":"https:\/\/www.socan.com\/television-broadcast-royalties\/#breadcrumb"},"inLanguage":"fr-FR","potentialAction":[{"@type":"ReadAction","target":["https:\/\/www.socan.com\/television-broadcast-royalties\/"]}]},{"@type":"ImageObject","inLanguage":"fr-FR","@id":"https:\/\/www.socan.com\/television-broadcast-royalties\/#primaryimage","url":"https:\/\/www.socan.com\/wp-content\/uploads\/2019\/12\/socan-music-licensing-how-it-works-Music-is-created.jpg","contentUrl":"https:\/\/www.socan.com\/wp-content\/uploads\/2019\/12\/socan-music-licensing-how-it-works-Music-is-created.jpg","width":350,"height":350,"caption":"Songwriter creating music"},{"@type":"BreadcrumbList","@id":"https:\/\/www.socan.com\/television-broadcast-royalties\/#breadcrumb","itemListElement":[{"@type":"ListItem","position":1,"name":"Home","item":"https:\/\/www.socan.com\/fr\/"},{"@type":"ListItem","position":2,"name":"Television Broadcast Royalties"}]},{"@type":"WebSite","@id":"https:\/\/www.socan.com\/#website","url":"https:\/\/www.socan.com\/","name":"SOCAN","description":"Gestion des droits","potentialAction":[{"@type":"SearchAction","target":{"@type":"EntryPoint","urlTemplate":"https:\/\/www.socan.com\/?s={search_term_string}"},"query-input":{"@type":"PropertyValueSpecification","valueRequired":true,"valueName":"search_term_string"}}],"inLanguage":"fr-FR"}]}},"_links":{"self":[{"href":"https:\/\/www.socan.com\/fr\/wp-json\/wp\/v2\/pages\/11610","targetHints":{"allow":["GET"]}}],"collection":[{"href":"https:\/\/www.socan.com\/fr\/wp-json\/wp\/v2\/pages"}],"about":[{"href":"https:\/\/www.socan.com\/fr\/wp-json\/wp\/v2\/types\/page"}],"author":[{"embeddable":true,"href":"https:\/\/www.socan.com\/fr\/wp-json\/wp\/v2\/users\/1"}],"replies":[{"embeddable":true,"href":"https:\/\/www.socan.com\/fr\/wp-json\/wp\/v2\/comments?post=11610"}],"version-history":[{"count":0,"href":"https:\/\/www.socan.com\/fr\/wp-json\/wp\/v2\/pages\/11610\/revisions"}],"wp:featuredmedia":[{"embeddable":true,"href":"https:\/\/www.socan.com\/fr\/wp-json\/wp\/v2\/media\/679"}],"wp:attachment":[{"href":"https:\/\/www.socan.com\/fr\/wp-json\/wp\/v2\/media?parent=11610"}],"curies":[{"name":"wp","href":"https:\/\/api.w.org\/{rel}","templated":true}]}}