
{"id":11603,"date":"2020-10-02T14:45:20","date_gmt":"2020-10-02T18:45:20","guid":{"rendered":"https:\/\/socan50.wpengine.com\/?page_id=11603"},"modified":"2024-10-02T14:43:02","modified_gmt":"2024-10-02T18:43:02","slug":"socan-royalty-distribution-schedule","status":"publish","type":"page","link":"https:\/\/www.socan.com\/fr\/socan-royalty-distribution-schedule\/","title":{"rendered":"Calendrier des r\u00e9partitions SOCAN"},"content":{"rendered":"<h4>Droits d\u2019ex\u00e9cution<\/h4>\n<table>\n<tbody>\n<tr>\n<td width=\"208\"><strong>Date de r\u00e9partition<\/strong><\/td>\n<td width=\"208\"><strong>Date butoir de soumission de rapports de contenu musical\u00a0<\/strong><\/td>\n<td width=\"208\"><strong>Date limite pour d\u00e9clarer une entente \u00e0 inclure dans la r\u00e9partition<\/strong><\/td>\n<\/tr>\n<tr>\n<td width=\"208\">ven. 15 nov 2024 (1Q24)<\/td>\n<td width=\"208\">date limite d\u00e9pass\u00e9e<\/td>\n<td width=\"208\">date limite d\u00e9pass\u00e9e<\/td>\n<\/tr>\n<tr>\n<td width=\"208\">ven. 14 f\u00e9v 2025 (2Q24)<\/td>\n<td width=\"208\">ven. 20 sept. 2024*<\/td>\n<td width=\"208\">mer. 20 nov. 2024*<\/td>\n<\/tr>\n<tr>\n<td width=\"208\">jeudi 15 mai 2025 (3Q24)<\/td>\n<td width=\"208\">ven. 27 d\u00e9c. 2024*<\/td>\n<td width=\"208\">mer. 26 f\u00e9v. 2025*<\/td>\n<\/tr>\n<tr>\n<td width=\"208\">ven. 15 ao\u00fbt 2025 (4Q24)<\/td>\n<td width=\"208\">ven. 21 mars 2025*<\/td>\n<td width=\"208\">mer. 28 mai 2025*<\/td>\n<\/tr>\n<tr>\n<td width=\"208\">ven. 14 nov 2025 (1Q25)<\/td>\n<td width=\"208\">ven. 20 juin 2025*<\/td>\n<td width=\"208\">mer. 27 ao\u00fbt 2025*<\/td>\n<\/tr>\n<\/tbody>\n<\/table>\n<p>* Veuillez noter que certaines dates sont sujettes \u00e0 changement<\/p>\n<div class=\"text\">\n<h4>Droits de reproduction<\/h4>\n<p><strong>Date de r\u00e9partition<\/strong><\/p>\n<p>La SOCAN proc\u00e8de \u00e0 la r\u00e9partition des redevances de reproduction le <strong>15e<\/strong> jour de <strong>mars, juin, septembre<\/strong> et <strong>d\u00e9cembre<\/strong>.<\/p>\n<p>Note\u202f: les sommes de 250\u202f$ et plus en lien avec une synchronisation sont pay\u00e9es deux fois par mois<\/p>\n<div>\n<p data-ghq-card-content-type=\"paragraph\"><strong data-ghq-card-content-type=\"BOLD\">\u00c9ch\u00e9ancier de r\u00e9partition<\/strong><\/p>\n<\/div>\n<div data-slate-fragment=\"JTdCJTIyb2JqZWN0JTIyJTNBJTIyZG9jdW1lbnQlMjIlMkMlMjJkYXRhJTIyJTNBJTdCJTdEJTJDJTIybm9kZXMlMjIlM0ElNUIlN0IlMjJvYmplY3QlMjIlM0ElMjJibG9jayUyMiUyQyUyMnR5cGUlMjIlM0ElMjJwYXJhZ3JhcGglMjIlMkMlMjJpc1ZvaWQlMjIlM0FmYWxzZSUyQyUyMmRhdGElMjIlM0ElN0IlN0QlMkMlMjJub2RlcyUyMiUzQSU1QiU3QiUyMm9iamVjdCUyMiUzQSUyMnRleHQlMjIlMkMlMjJsZWF2ZXMlMjIlM0ElNUIlN0IlMjJvYmplY3QlMjIlM0ElMjJsZWFmJTIyJTJDJTIydGV4dCUyMiUzQSUyMiVDMyU4OWNoJUMzJUE5YW5jaWVyJTIwZGUlMjByJUMzJUE5cGFydGl0aW9uJTIyJTJDJTIybWFya3MlMjIlM0ElNUIlN0IlMjJvYmplY3QlMjIlM0ElMjJtYXJrJTIyJTJDJTIydHlwZSUyMiUzQSUyMkJPTEQlMjIlMkMlMjJkYXRhJTIyJTNBJTdCJTdEJTdEJTVEJTdEJTVEJTdEJTVEJTdEJTJDJTdCJTIyb2JqZWN0JTIyJTNBJTIyYmxvY2slMjIlMkMlMjJ0eXBlJTIyJTNBJTIyVEFCTEUlMjIlMkMlMjJpc1ZvaWQlMjIlM0FmYWxzZSUyQyUyMmRhdGElMjIlM0ElN0IlMjJoZWFkZXIlMjIlM0FmYWxzZSUyQyUyMmlzRnVsbFdpZHRoJTIyJTNBZmFsc2UlMkMlMjJjb2x1bW5XaWR0aHMlMjIlM0ElNUIxNTYlMkM1NzclNUQlN0QlMkMlMjJub2RlcyUyMiUzQSU1QiU3QiUyMm9iamVjdCUyMiUzQSUyMmJsb2NrJTIyJTJDJTIydHlwZSUyMiUzQSUyMlRBQkxFX1JPVyUyMiUyQyUyMmlzVm9pZCUyMiUzQWZhbHNlJTJDJTIyZGF0YSUyMiUzQSU3QiU3RCUyQyUyMm5vZGVzJTIyJTNBJTVCJTdCJTIyb2JqZWN0JTIyJTNBJTIyYmxvY2slMjIlMkMlMjJ0eXBlJTIyJTNBJTIyVEFCTEVfQ0VMTCUyMiUyQyUyMmlzVm9pZCUyMiUzQWZhbHNlJTJDJTIyZGF0YSUyMiUzQSU3QiU3RCUyQyUyMm5vZGVzJTIyJTNBJTVCJTdCJTIyb2JqZWN0JTIyJTNBJTIydGV4dCUyMiUyQyUyMmxlYXZlcyUyMiUzQSU1QiU3QiUyMm9iamVjdCUyMiUzQSUyMmxlYWYlMjIlMkMlMjJ0ZXh0JTIyJTNBJTIyVHlwZSUyMGRlJTIwcmVkZXZhbmNlJTIyJTJDJTIybWFya3MlMjIlM0ElNUIlN0IlMjJvYmplY3QlMjIlM0ElMjJtYXJrJTIyJTJDJTIydHlwZSUyMiUzQSUyMkJPTEQlMjIlMkMlMjJkYXRhJTIyJTNBJTdCJTdEJTdEJTVEJTdEJTVEJTdEJTVEJTdEJTJDJTdCJTIyb2JqZWN0JTIyJTNBJTIyYmxvY2slMjIlMkMlMjJ0eXBlJTIyJTNBJTIyVEFCTEVfQ0VMTCUyMiUyQyUyMmlzVm9pZCUyMiUzQWZhbHNlJTJDJTIyZGF0YSUyMiUzQSU3QiU3RCUyQyUyMm5vZGVzJTIyJTNBJTVCJTdCJTIyb2JqZWN0JTIyJTNBJTIydGV4dCUyMiUyQyUyMmxlYXZlcyUyMiUzQSU1QiU3QiUyMm9iamVjdCUyMiUzQSUyMmxlYWYlMjIlMkMlMjJ0ZXh0JTIyJTNBJTIyUiVDMyVBOXBhcnRpdGlvbiUyMiUyQyUyMm1hcmtzJTIyJTNBJTVCJTdCJTIyb2JqZWN0JTIyJTNBJTIybWFyayUyMiUyQyUyMnR5cGUlMjIlM0ElMjJCT0xEJTIyJTJDJTIyZGF0YSUyMiUzQSU3QiU3RCU3RCU1RCU3RCU1RCU3RCU1RCU3RCU1RCU3RCUyQyU3QiUyMm9iamVjdCUyMiUzQSUyMmJsb2NrJTIyJTJDJTIydHlwZSUyMiUzQSUyMlRBQkxFX1JPVyUyMiUyQyUyMmlzVm9pZCUyMiUzQWZhbHNlJTJDJTIyZGF0YSUyMiUzQSU3QiU3RCUyQyUyMm5vZGVzJTIyJTNBJTVCJTdCJTIyb2JqZWN0JTIyJTNBJTIyYmxvY2slMjIlMkMlMjJ0eXBlJTIyJTNBJTIyVEFCTEVfQ0VMTCUyMiUyQyUyMmlzVm9pZCUyMiUzQWZhbHNlJTJDJTIyZGF0YSUyMiUzQSU3QiU3RCUyQyUyMm5vZGVzJTIyJTNBJTVCJTdCJTIyb2JqZWN0JTIyJTNBJTIydGV4dCUyMiUyQyUyMmxlYXZlcyUyMiUzQSU1QiU3QiUyMm9iamVjdCUyMiUzQSUyMmxlYWYlMjIlMkMlMjJ0ZXh0JTIyJTNBJTIyTXVzaXF1ZSUyMGVuJTIwbGlnbmUlMjIlMkMlMjJtYXJrcyUyMiUzQSU1QiU1RCU3RCU1RCU3RCU1RCU3RCUyQyU3QiUyMm9iamVjdCUyMiUzQSUyMmJsb2NrJTIyJTJDJTIydHlwZSUyMiUzQSUyMlRBQkxFX0NFTEwlMjIlMkMlMjJpc1ZvaWQlMjIlM0FmYWxzZSUyQyUyMmRhdGElMjIlM0ElN0IlN0QlMkMlMjJub2RlcyUyMiUzQSU1QiU3QiUyMm9iamVjdCUyMiUzQSUyMnRleHQlMjIlMkMlMjJsZWF2ZXMlMjIlM0ElNUIlN0IlMjJvYmplY3QlMjIlM0ElMjJsZWFmJTIyJTJDJTIydGV4dCUyMiUzQSUyMjFRJTIwbGUlMjAxNSUyMGp1aW4lNUNuMlElMjBsZSUyMDE1JTIwc2VwdGVtYnJlJTVDbjNRJTIwbGUlMjAxNSUyMGQlQzMlQTljZW1icmUlNUNuNFElMjBsZSUyMDE1JTIwbWFycyU1Q24oU2klMjBsZXMlMjBkcm9pdHMlMjBkZSUyMGxpY2VuY2UlMjBzb250JTIwcmUlQzMlQTd1cyUyMGF2bnQlMjBsZSUyMHByZW1pZXIlMjBkdSUyMG1vaXMlMjBwciVDMyVBOWMlQzMlQTlkYW50JTIwbGElMjByJUMzJUE5cGFydGl0aW9uJTIwJTVCcGFyJTIwZXhlbXBsZSUyQyUyMGxlJTIwMWVyJTIwanVpbiUyQyUyMGxlJTIwMWVyJTIwc2VwdGVtYnJlJTJDJTIwbGUlMjAxZXIlMjBkJUMzJUE5Y2VtYnJlJTIwZXQlMjBsZSUyMDFlciUyMG1hcnMlNUQlM0IlMjBzaW5vbiUyQyUyMGF1JTIwY291cnMlMjBkdSUyMHRyaW1lc3RyZSUyMHN1aXZhbnQpJTIyJTJDJTIybWFya3MlMjIlM0ElNUIlNUQlN0QlNUQlN0QlNUQlN0QlNUQlN0QlMkMlN0IlMjJvYmplY3QlMjIlM0ElMjJibG9jayUyMiUyQyUyMnR5cGUlMjIlM0ElMjJUQUJMRV9ST1clMjIlMkMlMjJpc1ZvaWQlMjIlM0FmYWxzZSUyQyUyMmRhdGElMjIlM0ElN0IlN0QlMkMlMjJub2RlcyUyMiUzQSU1QiU3QiUyMm9iamVjdCUyMiUzQSUyMmJsb2NrJTIyJTJDJTIydHlwZSUyMiUzQSUyMlRBQkxFX0NFTEwlMjIlMkMlMjJpc1ZvaWQlMjIlM0FmYWxzZSUyQyUyMmRhdGElMjIlM0ElN0IlN0QlMkMlMjJub2RlcyUyMiUzQSU1QiU3QiUyMm9iamVjdCUyMiUzQSUyMnRleHQlMjIlMkMlMjJsZWF2ZXMlMjIlM0ElNUIlN0IlMjJvYmplY3QlMjIlM0ElMjJsZWFmJTIyJTJDJTIydGV4dCUyMiUzQSUyMlByb2R1aXRzJTIwcGh5c2lxdWUlMjIlMkMlMjJtYXJrcyUyMiUzQSU1QiU1RCU3RCU1RCU3RCU1RCU3RCUyQyU3QiUyMm9iamVjdCUyMiUzQSUyMmJsb2NrJTIyJTJDJTIydHlwZSUyMiUzQSUyMlRBQkxFX0NFTEwlMjIlMkMlMjJpc1ZvaWQlMjIlM0FmYWxzZSUyQyUyMmRhdGElMjIlM0ElN0IlN0QlMkMlMjJub2RlcyUyMiUzQSU1QiU3QiUyMm9iamVjdCUyMiUzQSUyMnRleHQlMjIlMkMlMjJsZWF2ZXMlMjIlM0ElNUIlN0IlMjJvYmplY3QlMjIlM0ElMjJsZWFmJTIyJTJDJTIydGV4dCUyMiUzQSUyMlIlQzMlQTlwYXJ0aXRpb24lMjB0cmltZXN0cmllbGxlJTIwcG91ciUyME11c2ljJTIwQ2FuYWRhJTIwZXQlMjBsZXMlMjBpbmQlQzMlQTlwZW5kYW50cyUyMChNYXJzJTJDJTIwSnVpbiUyQyUyMFNlcHRlbWJyZSUyMGV0JTIwRCVDMyVBOWNlbWJyZSklNUNuQmlhbm51ZWxsZW1lbnQlMjBwb3VyJTIwJTIyJTJDJTIybWFya3MlMjIlM0ElNUIlNUQlN0QlNUQlN0QlMkMlN0IlMjJvYmplY3QlMjIlM0ElMjJpbmxpbmUlMjIlMkMlMjJ0eXBlJTIyJTNBJTIyR1VSVV9DQVJEJTIyJTJDJTIyaXNWb2lkJTIyJTNBZmFsc2UlMkMlMjJkYXRhJTIyJTNBJTdCJTIyY29sbGVjdGlvbkNvbG9yJTIyJTNBJTIyJTIzRkZDMTA3JTIyJTJDJTIyY29sbGVjdGlvbk5hbWUlMjIlM0ElMjJNdXNpYyUyMEluZHVzdHJ5JTIwT3JnYW5pemF0aW9ucyUyMCUyRiUyME9yZ2FuaXNhdGlvbnMlMjBkZSUyMGwnaW5kdXN0cmllJTIwZGUlMjBsYSUyMG11c2lxdWUlMjIlMkMlMjJocmVmJTIyJTNBJTIyaHR0cHMlM0ElMkYlMkZhcHAuZ2V0Z3VydS5jb20lMkZjYXJkJTJGVFg4TUtSeGMlMkZBc3NvY2lhdGlvbi1xdWJjb2lzZS1kZS1saW5kdXN0cmllLWR1LWRpc3F1ZS1kdS1zcGVjdGFjbGUtZXQtZGUtbGEtdmlkby1BRElTUS0lMjIlMkMlMjJ1bmF2YWlsYWJsZSUyMiUzQWZhbHNlJTJDJTIyZWRpdGluZyUyMiUzQWZhbHNlJTJDJTIydGl0bGUlMjIlM0ElMjJBc3NvY2lhdGlvbiUyMHF1JUMzJUE5YiVDMyVBOWNvaXNlJTIwZGUlMjBsJ2luZHVzdHJpZSUyMGR1JTIwZGlzcXVlJTJDJTIwZHUlMjBzcGVjdGFjbGUlMjBldCUyMGRlJTIwbGElMjB2aWQlQzMlQTlvJTIwKEFESVNRKSUyMCUyMiUyQyUyMmNvbGxlY3Rpb25JZCUyMiUzQSUyMmYwMGFmMjYwLTEwYzgtNDA3Zi05ZTFiLTAwY2FkZjM1YjRlNCUyMiUyQyUyMmhhc1BsYWNlaG9sZGVyJTIyJTNBZmFsc2UlMkMlMjJpZCUyMiUzQSUyMmZjNzkzYjY3LTcyZmUtNDM2OC1iZDhjLWRmYmRiYjgzMTA4ZiUyMiU3RCUyQyUyMm5vZGVzJTIyJTNBJTVCJTdCJTIyb2JqZWN0JTIyJTNBJTIydGV4dCUyMiUyQyUyMmxlYXZlcyUyMiUzQSU1QiU3QiUyMm9iamVjdCUyMiUzQSUyMmxlYWYlMjIlMkMlMjJ0ZXh0JTIyJTNBJTIyQURJU1ElMjIlMkMlMjJtYXJrcyUyMiUzQSU1QiU1RCU3RCU1RCU3RCU1RCU3RCUyQyU3QiUyMm9iamVjdCUyMiUzQSUyMnRleHQlMjIlMkMlMjJsZWF2ZXMlMjIlM0ElNUIlN0IlMjJvYmplY3QlMjIlM0ElMjJsZWFmJTIyJTJDJTIydGV4dCUyMiUzQSUyMiUyMiUyQyUyMm1hcmtzJTIyJTNBJTVCJTVEJTdEJTVEJTdEJTVEJTdEJTVEJTdEJTJDJTdCJTIyb2JqZWN0JTIyJTNBJTIyYmxvY2slMjIlMkMlMjJ0eXBlJTIyJTNBJTIyVEFCTEVfUk9XJTIyJTJDJTIyaXNWb2lkJTIyJTNBZmFsc2UlMkMlMjJkYXRhJTIyJTNBJTdCJTdEJTJDJTIybm9kZXMlMjIlM0ElNUIlN0IlMjJvYmplY3QlMjIlM0ElMjJibG9jayUyMiUyQyUyMnR5cGUlMjIlM0ElMjJUQUJMRV9DRUxMJTIyJTJDJTIyaXNWb2lkJTIyJTNBZmFsc2UlMkMlMjJkYXRhJTIyJTNBJTdCJTdEJTJDJTIybm9kZXMlMjIlM0ElNUIlN0IlMjJvYmplY3QlMjIlM0ElMjJ0ZXh0JTIyJTJDJTIybGVhdmVzJTIyJTNBJTVCJTdCJTIyb2JqZWN0JTIyJTNBJTIybGVhZiUyMiUyQyUyMnRleHQlMjIlM0ElMjJJbnRlcm5hdGlvbmFsJUMyJUEwJTIyJTJDJTIybWFya3MlMjIlM0ElNUIlNUQlN0QlNUQlN0QlNUQlN0QlMkMlN0IlMjJvYmplY3QlMjIlM0ElMjJibG9jayUyMiUyQyUyMnR5cGUlMjIlM0ElMjJUQUJMRV9DRUxMJTIyJTJDJTIyaXNWb2lkJTIyJTNBZmFsc2UlMkMlMjJkYXRhJTIyJTNBJTdCJTdEJTJDJTIybm9kZXMlMjIlM0ElNUIlN0IlMjJvYmplY3QlMjIlM0ElMjJ0ZXh0JTIyJTJDJTIybGVhdmVzJTIyJTNBJTVCJTdCJTIyb2JqZWN0JTIyJTNBJTIybGVhZiUyMiUyQyUyMnRleHQlMjIlM0ElMjJNYXJzJTJDJTIwSnVpbiUyQyUyMFNlcHRlbWJyZSUyMGV0JTIwRCVDMyVBOWNlbWJyZSUyMiUyQyUyMm1hcmtzJTIyJTNBJTVCJTVEJTdEJTVEJTdEJTVEJTdEJTVEJTdEJTJDJTdCJTIyb2JqZWN0JTIyJTNBJTIyYmxvY2slMjIlMkMlMjJ0eXBlJTIyJTNBJTIyVEFCTEVfUk9XJTIyJTJDJTIyaXNWb2lkJTIyJTNBZmFsc2UlMkMlMjJkYXRhJTIyJTNBJTdCJTdEJTJDJTIybm9kZXMlMjIlM0ElNUIlN0IlMjJvYmplY3QlMjIlM0ElMjJibG9jayUyMiUyQyUyMnR5cGUlMjIlM0ElMjJUQUJMRV9DRUxMJTIyJTJDJTIyaXNWb2lkJTIyJTNBZmFsc2UlMkMlMjJkYXRhJTIyJTNBJTdCJTdEJTJDJTIybm9kZXMlMjIlM0ElNUIlN0IlMjJvYmplY3QlMjIlM0ElMjJ0ZXh0JTIyJTJDJTIybGVhdmVzJTIyJTNBJTVCJTdCJTIyb2JqZWN0JTIyJTNBJTIybGVhZiUyMiUyQyUyMnRleHQlMjIlM0ElMjJSYWRpbyUyMGhlcnR6aWVubmUlMjBldCUyMHQlQzMlQTlsJUMzJUE5dmlzaW9uJTIyJTJDJTIybWFya3MlMjIlM0ElNUIlNUQlN0QlNUQlN0QlNUQlN0QlMkMlN0IlMjJvYmplY3QlMjIlM0ElMjJibG9jayUyMiUyQyUyMnR5cGUlMjIlM0ElMjJUQUJMRV9DRUxMJTIyJTJDJTIyaXNWb2lkJTIyJTNBZmFsc2UlMkMlMjJkYXRhJTIyJTNBJTdCJTdEJTJDJTIybm9kZXMlMjIlM0ElNUIlN0IlMjJvYmplY3QlMjIlM0ElMjJ0ZXh0JTIyJTJDJTIybGVhdmVzJTIyJTNBJTVCJTdCJTIyb2JqZWN0JTIyJTNBJTIybGVhZiUyMiUyQyUyMnRleHQlMjIlM0ElMjJVbmUlMjBmb2lzJTIwbCdhbiUyMiUyQyUyMm1hcmtzJTIyJTNBJTVCJTVEJTdEJTVEJTdEJTVEJTdEJTVEJTdEJTJDJTdCJTIyb2JqZWN0JTIyJTNBJTIyYmxvY2slMjIlMkMlMjJ0eXBlJTIyJTNBJTIyVEFCTEVfUk9XJTIyJTJDJTIyaXNWb2lkJTIyJTNBZmFsc2UlMkMlMjJkYXRhJTIyJTNBJTdCJTdEJTJDJTIybm9kZXMlMjIlM0ElNUIlN0IlMjJvYmplY3QlMjIlM0ElMjJibG9jayUyMiUyQyUyMnR5cGUlMjIlM0ElMjJUQUJMRV9DRUxMJTIyJTJDJTIyaXNWb2lkJTIyJTNBZmFsc2UlMkMlMjJkYXRhJTIyJTNBJTdCJTdEJTJDJTIybm9kZXMlMjIlM0ElNUIlN0IlMjJvYmplY3QlMjIlM0ElMjJ0ZXh0JTIyJTJDJTIybGVhdmVzJTIyJTNBJTVCJTdCJTIyb2JqZWN0JTIyJTNBJTIybGVhZiUyMiUyQyUyMnRleHQlMjIlM0ElMjJTeW5jaHJvbmlzYXRpb24lMjAoc2klMjBwbHVzJTIwZCUyMDI1MCUyNCklMjIlMkMlMjJtYXJrcyUyMiUzQSU1QiU1RCU3RCU1RCU3RCU1RCU3RCUyQyU3QiUyMm9iamVjdCUyMiUzQSUyMmJsb2NrJTIyJTJDJTIydHlwZSUyMiUzQSUyMlRBQkxFX0NFTEwlMjIlMkMlMjJpc1ZvaWQlMjIlM0FmYWxzZSUyQyUyMmRhdGElMjIlM0ElN0IlN0QlMkMlMjJub2RlcyUyMiUzQSU1QiU3QiUyMm9iamVjdCUyMiUzQSUyMnRleHQlMjIlMkMlMjJsZWF2ZXMlMjIlM0ElNUIlN0IlMjJvYmplY3QlMjIlM0ElMjJsZWFmJTIyJTJDJTIydGV4dCUyMiUzQSUyMlRvdXRlcyUyMGxlcyUyMGRldXglMjBzZW1haW5lcyUyMiUyQyUyMm1hcmtzJTIyJTNBJTVCJTVEJTdEJTVEJTdEJTVEJTdEJTVEJTdEJTVEJTdEJTVEJTdE\">\n<div>\n<div>\n<div contenteditable=\"false\"><\/div>\n<div>\n<table data-qhq-table-column-widths=\"156,577\" data-ghq-card-content-type=\"TABLE\" data-testid=\"Trigger Table Context Menu\">\n<colgroup>\n<col \/>\n<col \/><\/colgroup>\n<tbody>\n<tr data-ghq-card-content-type=\"TABLE_ROW\">\n<td data-ghq-card-content-type=\"TABLE_CELL\"><strong data-ghq-card-content-type=\"BOLD\">Type de redevance<\/strong><\/td>\n<td data-ghq-card-content-type=\"TABLE_CELL\"><strong data-ghq-card-content-type=\"BOLD\">R\u00e9partition<\/strong><\/td>\n<\/tr>\n<tr data-ghq-card-content-type=\"TABLE_ROW\">\n<td data-ghq-card-content-type=\"TABLE_CELL\">Musique en ligne<\/td>\n<td data-ghq-card-content-type=\"TABLE_CELL\">1Q le 15 juin<br \/>\n2Q le 15 septembre<br \/>\n3Q le 15 d\u00e9cembre<br \/>\n4Q le 15 mars<br \/>\n(Si les droits de licence sont re\u00e7us avnt le premier du mois pr\u00e9c\u00e9dant la r\u00e9partition [par exemple, le 1er juin, le 1er septembre, le 1er d\u00e9cembre et le 1er mars]; sinon, au cours du trimestre suivant)<\/td>\n<\/tr>\n<tr data-ghq-card-content-type=\"TABLE_ROW\">\n<td data-ghq-card-content-type=\"TABLE_CELL\">Produits physique<\/td>\n<td data-ghq-card-content-type=\"TABLE_CELL\">R\u00e9partition trimestrielle pour Music Canada et les ind\u00e9pendants (Mars, Juin, Septembre et D\u00e9cembre)<br \/>\nBiannuellement pour <a href=\"https:\/\/www.adisq.com\/\" target=\"_blank\" rel=\"noreferrer noopener\" data-ghq-card-content-type=\"GURU_CARD\" data-ghq-guru-card-id=\"TX8MKRxc\">ADISQ<\/a><\/td>\n<\/tr>\n<tr data-ghq-card-content-type=\"TABLE_ROW\">\n<td data-ghq-card-content-type=\"TABLE_CELL\">International<\/td>\n<td data-ghq-card-content-type=\"TABLE_CELL\">Mars, Juin, Septembre et D\u00e9cembre<\/td>\n<\/tr>\n<tr data-ghq-card-content-type=\"TABLE_ROW\">\n<td data-ghq-card-content-type=\"TABLE_CELL\">Radio hertzienne et t\u00e9l\u00e9vision<\/td>\n<td data-ghq-card-content-type=\"TABLE_CELL\">Une fois l&rsquo;an<\/td>\n<\/tr>\n<tr data-ghq-card-content-type=\"TABLE_ROW\">\n<td data-ghq-card-content-type=\"TABLE_CELL\">Synchronisation (si plus d 250$)<\/td>\n<td data-ghq-card-content-type=\"TABLE_CELL\">Toutes les deux semaines<\/td>\n<\/tr>\n<\/tbody>\n<\/table>\n<\/div>\n<\/div>\n<\/div>\n<\/div>\n<\/div>\n","protected":false},"excerpt":{"rendered":"<p>Droits d\u2019ex\u00e9cution Date de r\u00e9partition Date butoir de soumission de rapports de contenu musical\u00a0 Date limite pour d\u00e9clarer une entente \u00e0 inclure dans la r\u00e9partition ven. 15 nov 2024 (1Q24) date limite d\u00e9pass\u00e9e date limite d\u00e9pass\u00e9e ven. 14 f\u00e9v 2025 (2Q24) ven. 20 sept. 2024* mer. 20 nov. 2024* jeudi 15 mai 2025 (3Q24) ven. [&hellip;]<\/p>\n","protected":false},"author":1,"featured_media":679,"parent":0,"menu_order":13,"comment_status":"closed","ping_status":"closed","template":"","meta":{"_acf_changed":false,"footnotes":""},"class_list":["post-11603","page","type-page","status-publish","has-post-thumbnail","hentry"],"acf":[],"yoast_head":"<!-- This site is optimized with the Yoast SEO plugin v27.2 - https:\/\/yoast.com\/product\/yoast-seo-wordpress\/ -->\n<title>Calendrier des r\u00e9partitions SOCAN<\/title>\n<meta name=\"robots\" content=\"index, follow, max-snippet:-1, max-image-preview:large, max-video-preview:-1\" \/>\n<link rel=\"canonical\" href=\"https:\/\/www.socan.com\/fr\/socan-royalty-distribution-schedule\/\" \/>\n<meta property=\"og:locale\" content=\"fr_FR\" \/>\n<meta property=\"og:locale:alternate\" content=\"en_US\" \/>\n<meta property=\"og:type\" content=\"article\" \/>\n<meta property=\"og:title\" content=\"Calendrier des r\u00e9partitions SOCAN\" \/>\n<meta property=\"og:description\" content=\"Droits d\u2019ex\u00e9cution Date de r\u00e9partition Date butoir de soumission de rapports de contenu musical\u00a0 Date limite pour d\u00e9clarer une entente \u00e0 inclure dans la r\u00e9partition ven. 15 nov 2024 (1Q24) date limite d\u00e9pass\u00e9e date limite d\u00e9pass\u00e9e ven. 14 f\u00e9v 2025 (2Q24) ven. 20 sept. 2024* mer. 20 nov. 2024* jeudi 15 mai 2025 (3Q24) ven. [&hellip;]\" \/>\n<meta property=\"og:url\" content=\"https:\/\/www.socan.com\/fr\/socan-royalty-distribution-schedule\/\" \/>\n<meta property=\"og:site_name\" content=\"SOCAN\" \/>\n<meta property=\"article:modified_time\" content=\"2024-10-02T18:43:02+00:00\" \/>\n<meta property=\"og:image\" content=\"https:\/\/www.socan.com\/wp-content\/uploads\/2019\/12\/socan-music-licensing-how-it-works-Music-is-created.jpg\" \/>\n\t<meta property=\"og:image:width\" content=\"350\" \/>\n\t<meta property=\"og:image:height\" content=\"350\" \/>\n\t<meta property=\"og:image:type\" content=\"image\/jpeg\" \/>\n<meta name=\"twitter:card\" content=\"summary_large_image\" \/>\n<script type=\"application\/ld+json\" class=\"yoast-schema-graph\">{\"@context\":\"https:\/\/schema.org\",\"@graph\":[{\"@type\":\"WebPage\",\"@id\":\"https:\/\/www.socan.com\/fr\/socan-royalty-distribution-schedule\/\",\"url\":\"https:\/\/www.socan.com\/fr\/socan-royalty-distribution-schedule\/\",\"name\":\"Calendrier des r\u00e9partitions SOCAN\",\"isPartOf\":{\"@id\":\"https:\/\/www.socan.com\/#website\"},\"primaryImageOfPage\":{\"@id\":\"https:\/\/www.socan.com\/fr\/socan-royalty-distribution-schedule\/#primaryimage\"},\"image\":{\"@id\":\"https:\/\/www.socan.com\/fr\/socan-royalty-distribution-schedule\/#primaryimage\"},\"thumbnailUrl\":\"https:\/\/www.socan.com\/wp-content\/uploads\/2019\/12\/socan-music-licensing-how-it-works-Music-is-created.jpg\",\"datePublished\":\"2020-10-02T18:45:20+00:00\",\"dateModified\":\"2024-10-02T18:43:02+00:00\",\"breadcrumb\":{\"@id\":\"https:\/\/www.socan.com\/fr\/socan-royalty-distribution-schedule\/#breadcrumb\"},\"inLanguage\":\"fr-FR\",\"potentialAction\":[{\"@type\":\"ReadAction\",\"target\":[\"https:\/\/www.socan.com\/fr\/socan-royalty-distribution-schedule\/\"]}]},{\"@type\":\"ImageObject\",\"inLanguage\":\"fr-FR\",\"@id\":\"https:\/\/www.socan.com\/fr\/socan-royalty-distribution-schedule\/#primaryimage\",\"url\":\"https:\/\/www.socan.com\/wp-content\/uploads\/2019\/12\/socan-music-licensing-how-it-works-Music-is-created.jpg\",\"contentUrl\":\"https:\/\/www.socan.com\/wp-content\/uploads\/2019\/12\/socan-music-licensing-how-it-works-Music-is-created.jpg\",\"width\":350,\"height\":350,\"caption\":\"Songwriter creating music\"},{\"@type\":\"BreadcrumbList\",\"@id\":\"https:\/\/www.socan.com\/fr\/socan-royalty-distribution-schedule\/#breadcrumb\",\"itemListElement\":[{\"@type\":\"ListItem\",\"position\":1,\"name\":\"Home\",\"item\":\"https:\/\/www.socan.com\/\"},{\"@type\":\"ListItem\",\"position\":2,\"name\":\"Calendrier des r\u00e9partitions SOCAN\"}]},{\"@type\":\"WebSite\",\"@id\":\"https:\/\/www.socan.com\/#website\",\"url\":\"https:\/\/www.socan.com\/\",\"name\":\"SOCAN\",\"description\":\"Gestion des droits\",\"potentialAction\":[{\"@type\":\"SearchAction\",\"target\":{\"@type\":\"EntryPoint\",\"urlTemplate\":\"https:\/\/www.socan.com\/?s={search_term_string}\"},\"query-input\":{\"@type\":\"PropertyValueSpecification\",\"valueRequired\":true,\"valueName\":\"search_term_string\"}}],\"inLanguage\":\"fr-FR\"}]}<\/script>\n<!-- \/ Yoast SEO plugin. -->","yoast_head_json":{"title":"Calendrier des r\u00e9partitions SOCAN","robots":{"index":"index","follow":"follow","max-snippet":"max-snippet:-1","max-image-preview":"max-image-preview:large","max-video-preview":"max-video-preview:-1"},"canonical":"https:\/\/www.socan.com\/fr\/socan-royalty-distribution-schedule\/","og_locale":"fr_FR","og_type":"article","og_title":"[:en]SOCAN Royalty Distribution Schedule[:fr]Calendrier des r\u00e9partitions SOCAN[:] - SOCAN","og_description":"Droits d\u2019ex\u00e9cution Date de r\u00e9partition Date butoir de soumission de rapports de contenu musical\u00a0 Date limite pour d\u00e9clarer une entente \u00e0 inclure dans la r\u00e9partition ven. 15 nov 2024 (1Q24) date limite d\u00e9pass\u00e9e date limite d\u00e9pass\u00e9e ven. 14 f\u00e9v 2025 (2Q24) ven. 20 sept. 2024* mer. 20 nov. 2024* jeudi 15 mai 2025 (3Q24) ven. [&hellip;]","og_url":"https:\/\/www.socan.com\/fr\/socan-royalty-distribution-schedule\/","og_site_name":"SOCAN","article_modified_time":"2024-10-02T18:43:02+00:00","og_image":[{"width":350,"height":350,"url":"https:\/\/www.socan.com\/wp-content\/uploads\/2019\/12\/socan-music-licensing-how-it-works-Music-is-created.jpg","type":"image\/jpeg"}],"twitter_card":"summary_large_image","schema":{"@context":"https:\/\/schema.org","@graph":[{"@type":"WebPage","@id":"https:\/\/www.socan.com\/fr\/socan-royalty-distribution-schedule\/","url":"https:\/\/www.socan.com\/fr\/socan-royalty-distribution-schedule\/","name":"Calendrier des r\u00e9partitions SOCAN","isPartOf":{"@id":"https:\/\/www.socan.com\/#website"},"primaryImageOfPage":{"@id":"https:\/\/www.socan.com\/fr\/socan-royalty-distribution-schedule\/#primaryimage"},"image":{"@id":"https:\/\/www.socan.com\/fr\/socan-royalty-distribution-schedule\/#primaryimage"},"thumbnailUrl":"https:\/\/www.socan.com\/wp-content\/uploads\/2019\/12\/socan-music-licensing-how-it-works-Music-is-created.jpg","datePublished":"2020-10-02T18:45:20+00:00","dateModified":"2024-10-02T18:43:02+00:00","breadcrumb":{"@id":"https:\/\/www.socan.com\/fr\/socan-royalty-distribution-schedule\/#breadcrumb"},"inLanguage":"fr-FR","potentialAction":[{"@type":"ReadAction","target":["https:\/\/www.socan.com\/fr\/socan-royalty-distribution-schedule\/"]}]},{"@type":"ImageObject","inLanguage":"fr-FR","@id":"https:\/\/www.socan.com\/fr\/socan-royalty-distribution-schedule\/#primaryimage","url":"https:\/\/www.socan.com\/wp-content\/uploads\/2019\/12\/socan-music-licensing-how-it-works-Music-is-created.jpg","contentUrl":"https:\/\/www.socan.com\/wp-content\/uploads\/2019\/12\/socan-music-licensing-how-it-works-Music-is-created.jpg","width":350,"height":350,"caption":"Songwriter creating music"},{"@type":"BreadcrumbList","@id":"https:\/\/www.socan.com\/fr\/socan-royalty-distribution-schedule\/#breadcrumb","itemListElement":[{"@type":"ListItem","position":1,"name":"Home","item":"https:\/\/www.socan.com\/"},{"@type":"ListItem","position":2,"name":"Calendrier des r\u00e9partitions SOCAN"}]},{"@type":"WebSite","@id":"https:\/\/www.socan.com\/#website","url":"https:\/\/www.socan.com\/","name":"SOCAN","description":"Gestion des droits","potentialAction":[{"@type":"SearchAction","target":{"@type":"EntryPoint","urlTemplate":"https:\/\/www.socan.com\/?s={search_term_string}"},"query-input":{"@type":"PropertyValueSpecification","valueRequired":true,"valueName":"search_term_string"}}],"inLanguage":"fr-FR"}]}},"_links":{"self":[{"href":"https:\/\/www.socan.com\/fr\/wp-json\/wp\/v2\/pages\/11603","targetHints":{"allow":["GET"]}}],"collection":[{"href":"https:\/\/www.socan.com\/fr\/wp-json\/wp\/v2\/pages"}],"about":[{"href":"https:\/\/www.socan.com\/fr\/wp-json\/wp\/v2\/types\/page"}],"author":[{"embeddable":true,"href":"https:\/\/www.socan.com\/fr\/wp-json\/wp\/v2\/users\/1"}],"replies":[{"embeddable":true,"href":"https:\/\/www.socan.com\/fr\/wp-json\/wp\/v2\/comments?post=11603"}],"version-history":[{"count":0,"href":"https:\/\/www.socan.com\/fr\/wp-json\/wp\/v2\/pages\/11603\/revisions"}],"wp:featuredmedia":[{"embeddable":true,"href":"https:\/\/www.socan.com\/fr\/wp-json\/wp\/v2\/media\/679"}],"wp:attachment":[{"href":"https:\/\/www.socan.com\/fr\/wp-json\/wp\/v2\/media?parent=11603"}],"curies":[{"name":"wp","href":"https:\/\/api.w.org\/{rel}","templated":true}]}}