
{"id":11594,"date":"2020-10-02T14:30:27","date_gmt":"2020-10-02T18:30:27","guid":{"rendered":"https:\/\/socan50.wpengine.com\/?page_id=11594"},"modified":"2022-02-08T13:03:26","modified_gmt":"2022-02-08T18:03:26","slug":"digital-audiovisual-royalties","status":"publish","type":"page","link":"https:\/\/www.socan.com\/fr\/digital-audiovisual-royalties\/","title":{"rendered":"Redevances audiovisuelles num\u00e9riques"},"content":{"rendered":"<p><iframe loading=\"lazy\" width=\"560\" height=\"315\" src=\"https:\/\/www.youtube.com\/embed\/32q_o0-yqW4\" title=\"YouTube video player\" frameborder=\"0\" allow=\"accelerometer; autoplay; clipboard-write; encrypted-media; gyroscope; picture-in-picture\" allowfullscreen><\/iframe><br \/>\nPuisque nos habitudes de visionnement changent, il est avis\u00e9 de prendre un instant pour examiner l\u2019impact sur le march\u00e9 qu\u2019ont les services audiovisuels num\u00e9riques et de vid\u00e9o sur demande (VSD). Les mod\u00e8les auxquels nous octroyons actuellement des licences sont la VSD par abonnement (VSDA), la VSD transactionnelle (VSDT) et la VSD avec messages publicitaires (VSDP). La SOCAN octroie des licences \u00e0 chacun des services de vid\u00e9o sur demande num\u00e9riques au Canada. Nous analysons tous les rapports de contenu musical re\u00e7us pour les \u00e9missions diffus\u00e9es sur les services VSDA (comme Netflix), VSDT (les contenus \u00e0 la carte) et VSDP (comme YouTube).<\/p>\n<p>\u00c0 l\u2019instar des contenus AV t\u00e9l\u00e9diffus\u00e9s, ces rapports de contenu musical nous fournissent des informations d\u00e9taill\u00e9es au sujet de la musique utilis\u00e9e dans les \u00e9missions audiovisuelles num\u00e9riques. Ils proviennent des maisons de production et des distributeurs canadiens et \u00e9trangers, des soci\u00e9t\u00e9s s\u0153urs, de nos membres et, parfois, des<br \/>\ndiffuseurs eux-m\u00eames.<\/p>\n<h4>Comment la SOCAN paie-t-elle les ex\u00e9cutions audiovisuelles num\u00e9riques\u2009?<strong><br \/>\n<\/strong><\/h4>\n<p>Pour calculer le paiement de chaque ex\u00e9cution, la SOCAN divise la somme \u00e0 r\u00e9partir par le nombre d\u2019ex\u00e9cutions enregistr\u00e9es. Le paiement par ex\u00e9cution peut varier d\u2019une r\u00e9partition \u00e0 l\u2019autre.<\/p>\n<p>Les variables suivantes ont une influence sur le paiement trimestriel :<\/p>\n<ul>\n<li>Le type de service VSD<\/li>\n<li>Le total des diffusions en continu (streams)<\/li>\n<li>Le total des frais de licence collect\u00e9s<\/li>\n<li>Le nombre d\u2019\u0153uvres\/\u00ab\u2009cues\u2009\u00bb identifi\u00e9s et pay\u00e9s<\/li>\n<li>Le type d\u2019utilisation de la musique \u2013 premier plan, th\u00e8me, musique de fond La dur\u00e9e de chaque utilisation<\/li>\n<\/ul>\n<p>Une ex\u00e9cution sur un service donn\u00e9e peut rapporter plus ou moins que sur un autre service, et la m\u00eame ex\u00e9cution peut rapporter plus ou moins lors d\u2019une autre p\u00e9riode de r\u00e9partition. Cela est d\u00fb au fait que le paiement est bas\u00e9 sur les frais de licences pay\u00e9s par chaque service et le nombre de diffusions en continu sur ce service. Si, par exemple, un service propose plusieurs \u00e9missions tr\u00e8s populaires au cours d\u2019un m\u00eame trimestre, mais seulement quelques-uns<br \/>\nau cours du trimestre suivant, il en r\u00e9sultera qu\u2019il y a eu un plus grand nombre de diffusions au cours du premier trimestre. Toutefois, le paiement par diffusion au cours du second trimestre (moins de diffusions) sera plus \u00e9lev\u00e9 puisque les revenus d\u2019abonnements sont demeur\u00e9s stables.<\/p>\n<p>Vous pourriez \u00e9galement remarquer une diff\u00e9rence entre les r\u00e9partitions AV num\u00e9riques et traditionnelles. La consommation est un facteur important. Les diffusions AV traditionnelles ont un nombre de diffusions quotidiennes limit\u00e9 et continuent de g\u00e9n\u00e9rer des revenus publicitaires consid\u00e9rables, tandis que les diffusions AV num\u00e9riques ont un nombre virtuellement illimit\u00e9 de diffusions quotidiennes, mais les sources de revenus \u00e9voluent et augmentent.<\/p>\n<p>Quant aux r\u00e9partitions AV num\u00e9riques internationales, elles sont uniques. Les soci\u00e9t\u00e9s \u00e9trang\u00e8res ne collectent pas toutes des redevances aupr\u00e8s de TOUS les services AV. Ainsi, la SOCAN ne peut collecter, gr\u00e2ce \u00e0 ses ententes de r\u00e9ciprocit\u00e9, que les services aupr\u00e8s desquels la soci\u00e9t\u00e9 locale collecte ces redevances. De plus, chaque soci\u00e9t\u00e9 a ses propres r\u00e8gles de r\u00e9partition au chapitre du seuil minimum de diffusions pour qu\u2019un paiement soit \u00e9mis. Il en r\u00e9sulte donc que la r\u00e9partition peut \u00eatre retenue jusqu\u2019\u00e0 ce que ce seuil soit atteint. La cl\u00e9 de vo\u00fbte de ce processus est de bien informer la SOCAN au sujet de l\u2019utilisation de vos \u0153uvres, o\u00f9 et sur quels services. Collaborez avec votre \u00e9diteur ou, si vous n\u2019avez pas d\u2019\u00e9diteur, avec les services aux membres de la SOCAN, afin d\u2019assurer l\u2019exactitude de vos collectes.<\/p>\n<h4>Ce que nous attendons de vous :<strong><br \/>\n<\/strong><\/h4>\n<p>Vous pouvez nous aider en nous informant de toute ex\u00e9cution AV num\u00e9rique d\u2019une de vos \u0153uvres et en vous assurant, en communiquant avec le producteur, qu\u2019un rapport de contenu musical est soumis \u00e0 la SOCAN pour ces \u00e9missions ou films. Envoyer \u00e0 l\u2019adresse <a href=\"mailto:membres@socan.com\">membres@socan.com<\/a> des d\u00e9tails additionnels concernant vos \u0153uvres utilis\u00e9es dans d\u2019autres territoires permettra par ailleurs d\u2019assurer l\u2019exactitude de vos collectes internationales. Pour plus d\u2019information sur la mani\u00e8re de soumettre un rapport de contenu musical, incluant un exemple, consultez notre page Web sur <a href=\"\/fr\/audiovisual-cue-sheet-submission\/\">la soumission d\u2019un rapport de contenu musical AV<\/a>.<\/p>\n","protected":false},"excerpt":{"rendered":"<p>Puisque nos habitudes de visionnement changent, il est avis\u00e9 de prendre un instant pour examiner l\u2019impact sur le march\u00e9 qu\u2019ont les services audiovisuels num\u00e9riques et de vid\u00e9o sur demande (VSD). Les mod\u00e8les auxquels nous octroyons actuellement des licences sont la VSD par abonnement (VSDA), la VSD transactionnelle (VSDT) et la VSD avec messages publicitaires (VSDP). [&hellip;]<\/p>\n","protected":false},"author":1,"featured_media":679,"parent":0,"menu_order":15,"comment_status":"closed","ping_status":"closed","template":"","meta":{"_acf_changed":false,"footnotes":""},"class_list":["post-11594","page","type-page","status-publish","has-post-thumbnail","hentry"],"acf":[],"yoast_head":"<!-- This site is optimized with the Yoast SEO plugin v27.2 - https:\/\/yoast.com\/product\/yoast-seo-wordpress\/ -->\n<title>Redevances audiovisuelles num\u00e9riques<\/title>\n<meta name=\"robots\" content=\"index, follow, max-snippet:-1, max-image-preview:large, max-video-preview:-1\" \/>\n<link rel=\"canonical\" href=\"https:\/\/www.socan.com\/fr\/digital-audiovisual-royalties\/\" \/>\n<meta property=\"og:locale\" content=\"fr_FR\" \/>\n<meta property=\"og:locale:alternate\" content=\"en_US\" \/>\n<meta property=\"og:type\" content=\"article\" \/>\n<meta property=\"og:title\" content=\"Redevances audiovisuelles num\u00e9riques\" \/>\n<meta property=\"og:description\" content=\"Puisque nos habitudes de visionnement changent, il est avis\u00e9 de prendre un instant pour examiner l\u2019impact sur le march\u00e9 qu\u2019ont les services audiovisuels num\u00e9riques et de vid\u00e9o sur demande (VSD). Les mod\u00e8les auxquels nous octroyons actuellement des licences sont la VSD par abonnement (VSDA), la VSD transactionnelle (VSDT) et la VSD avec messages publicitaires (VSDP). [&hellip;]\" \/>\n<meta property=\"og:url\" content=\"https:\/\/www.socan.com\/fr\/digital-audiovisual-royalties\/\" \/>\n<meta property=\"og:site_name\" content=\"SOCAN\" \/>\n<meta property=\"article:modified_time\" content=\"2022-02-08T18:03:26+00:00\" \/>\n<meta property=\"og:image\" content=\"https:\/\/www.socan.com\/wp-content\/uploads\/2019\/12\/socan-music-licensing-how-it-works-Music-is-created.jpg\" \/>\n\t<meta property=\"og:image:width\" content=\"350\" \/>\n\t<meta property=\"og:image:height\" content=\"350\" \/>\n\t<meta property=\"og:image:type\" content=\"image\/jpeg\" \/>\n<meta name=\"twitter:card\" content=\"summary_large_image\" \/>\n<script type=\"application\/ld+json\" class=\"yoast-schema-graph\">{\"@context\":\"https:\/\/schema.org\",\"@graph\":[{\"@type\":\"WebPage\",\"@id\":\"https:\/\/www.socan.com\/digital-audiovisual-royalties\/\",\"url\":\"https:\/\/www.socan.com\/digital-audiovisual-royalties\/\",\"name\":\"Redevances audiovisuelles num\u00e9riques\",\"isPartOf\":{\"@id\":\"https:\/\/www.socan.com\/#website\"},\"primaryImageOfPage\":{\"@id\":\"https:\/\/www.socan.com\/digital-audiovisual-royalties\/#primaryimage\"},\"image\":{\"@id\":\"https:\/\/www.socan.com\/digital-audiovisual-royalties\/#primaryimage\"},\"thumbnailUrl\":\"https:\/\/www.socan.com\/wp-content\/uploads\/2019\/12\/socan-music-licensing-how-it-works-Music-is-created.jpg\",\"datePublished\":\"2020-10-02T18:30:27+00:00\",\"dateModified\":\"2022-02-08T18:03:26+00:00\",\"breadcrumb\":{\"@id\":\"https:\/\/www.socan.com\/digital-audiovisual-royalties\/#breadcrumb\"},\"inLanguage\":\"fr-FR\",\"potentialAction\":[{\"@type\":\"ReadAction\",\"target\":[\"https:\/\/www.socan.com\/digital-audiovisual-royalties\/\"]}]},{\"@type\":\"ImageObject\",\"inLanguage\":\"fr-FR\",\"@id\":\"https:\/\/www.socan.com\/digital-audiovisual-royalties\/#primaryimage\",\"url\":\"https:\/\/www.socan.com\/wp-content\/uploads\/2019\/12\/socan-music-licensing-how-it-works-Music-is-created.jpg\",\"contentUrl\":\"https:\/\/www.socan.com\/wp-content\/uploads\/2019\/12\/socan-music-licensing-how-it-works-Music-is-created.jpg\",\"width\":350,\"height\":350,\"caption\":\"Songwriter creating music\"},{\"@type\":\"BreadcrumbList\",\"@id\":\"https:\/\/www.socan.com\/digital-audiovisual-royalties\/#breadcrumb\",\"itemListElement\":[{\"@type\":\"ListItem\",\"position\":1,\"name\":\"Home\",\"item\":\"https:\/\/www.socan.com\/fr\/\"},{\"@type\":\"ListItem\",\"position\":2,\"name\":\"Digital Audiovisual Royalties\"}]},{\"@type\":\"WebSite\",\"@id\":\"https:\/\/www.socan.com\/#website\",\"url\":\"https:\/\/www.socan.com\/\",\"name\":\"SOCAN\",\"description\":\"Gestion des droits\",\"potentialAction\":[{\"@type\":\"SearchAction\",\"target\":{\"@type\":\"EntryPoint\",\"urlTemplate\":\"https:\/\/www.socan.com\/?s={search_term_string}\"},\"query-input\":{\"@type\":\"PropertyValueSpecification\",\"valueRequired\":true,\"valueName\":\"search_term_string\"}}],\"inLanguage\":\"fr-FR\"}]}<\/script>\n<!-- \/ Yoast SEO plugin. -->","yoast_head_json":{"title":"Redevances audiovisuelles num\u00e9riques","robots":{"index":"index","follow":"follow","max-snippet":"max-snippet:-1","max-image-preview":"max-image-preview:large","max-video-preview":"max-video-preview:-1"},"canonical":"https:\/\/www.socan.com\/fr\/digital-audiovisual-royalties\/","og_locale":"fr_FR","og_type":"article","og_title":"[:en]Digital Audiovisual Royalties[:fr]Redevances audiovisuelles num\u00e9riques[:] - SOCAN","og_description":"Puisque nos habitudes de visionnement changent, il est avis\u00e9 de prendre un instant pour examiner l\u2019impact sur le march\u00e9 qu\u2019ont les services audiovisuels num\u00e9riques et de vid\u00e9o sur demande (VSD). Les mod\u00e8les auxquels nous octroyons actuellement des licences sont la VSD par abonnement (VSDA), la VSD transactionnelle (VSDT) et la VSD avec messages publicitaires (VSDP). [&hellip;]","og_url":"https:\/\/www.socan.com\/fr\/digital-audiovisual-royalties\/","og_site_name":"SOCAN","article_modified_time":"2022-02-08T18:03:26+00:00","og_image":[{"width":350,"height":350,"url":"https:\/\/www.socan.com\/wp-content\/uploads\/2019\/12\/socan-music-licensing-how-it-works-Music-is-created.jpg","type":"image\/jpeg"}],"twitter_card":"summary_large_image","schema":{"@context":"https:\/\/schema.org","@graph":[{"@type":"WebPage","@id":"https:\/\/www.socan.com\/digital-audiovisual-royalties\/","url":"https:\/\/www.socan.com\/digital-audiovisual-royalties\/","name":"Redevances audiovisuelles num\u00e9riques","isPartOf":{"@id":"https:\/\/www.socan.com\/#website"},"primaryImageOfPage":{"@id":"https:\/\/www.socan.com\/digital-audiovisual-royalties\/#primaryimage"},"image":{"@id":"https:\/\/www.socan.com\/digital-audiovisual-royalties\/#primaryimage"},"thumbnailUrl":"https:\/\/www.socan.com\/wp-content\/uploads\/2019\/12\/socan-music-licensing-how-it-works-Music-is-created.jpg","datePublished":"2020-10-02T18:30:27+00:00","dateModified":"2022-02-08T18:03:26+00:00","breadcrumb":{"@id":"https:\/\/www.socan.com\/digital-audiovisual-royalties\/#breadcrumb"},"inLanguage":"fr-FR","potentialAction":[{"@type":"ReadAction","target":["https:\/\/www.socan.com\/digital-audiovisual-royalties\/"]}]},{"@type":"ImageObject","inLanguage":"fr-FR","@id":"https:\/\/www.socan.com\/digital-audiovisual-royalties\/#primaryimage","url":"https:\/\/www.socan.com\/wp-content\/uploads\/2019\/12\/socan-music-licensing-how-it-works-Music-is-created.jpg","contentUrl":"https:\/\/www.socan.com\/wp-content\/uploads\/2019\/12\/socan-music-licensing-how-it-works-Music-is-created.jpg","width":350,"height":350,"caption":"Songwriter creating music"},{"@type":"BreadcrumbList","@id":"https:\/\/www.socan.com\/digital-audiovisual-royalties\/#breadcrumb","itemListElement":[{"@type":"ListItem","position":1,"name":"Home","item":"https:\/\/www.socan.com\/fr\/"},{"@type":"ListItem","position":2,"name":"Digital Audiovisual Royalties"}]},{"@type":"WebSite","@id":"https:\/\/www.socan.com\/#website","url":"https:\/\/www.socan.com\/","name":"SOCAN","description":"Gestion des droits","potentialAction":[{"@type":"SearchAction","target":{"@type":"EntryPoint","urlTemplate":"https:\/\/www.socan.com\/?s={search_term_string}"},"query-input":{"@type":"PropertyValueSpecification","valueRequired":true,"valueName":"search_term_string"}}],"inLanguage":"fr-FR"}]}},"_links":{"self":[{"href":"https:\/\/www.socan.com\/fr\/wp-json\/wp\/v2\/pages\/11594","targetHints":{"allow":["GET"]}}],"collection":[{"href":"https:\/\/www.socan.com\/fr\/wp-json\/wp\/v2\/pages"}],"about":[{"href":"https:\/\/www.socan.com\/fr\/wp-json\/wp\/v2\/types\/page"}],"author":[{"embeddable":true,"href":"https:\/\/www.socan.com\/fr\/wp-json\/wp\/v2\/users\/1"}],"replies":[{"embeddable":true,"href":"https:\/\/www.socan.com\/fr\/wp-json\/wp\/v2\/comments?post=11594"}],"version-history":[{"count":0,"href":"https:\/\/www.socan.com\/fr\/wp-json\/wp\/v2\/pages\/11594\/revisions"}],"wp:featuredmedia":[{"embeddable":true,"href":"https:\/\/www.socan.com\/fr\/wp-json\/wp\/v2\/media\/679"}],"wp:attachment":[{"href":"https:\/\/www.socan.com\/fr\/wp-json\/wp\/v2\/media?parent=11594"}],"curies":[{"name":"wp","href":"https:\/\/api.w.org\/{rel}","templated":true}]}}