
{"id":11587,"date":"2020-10-02T14:04:38","date_gmt":"2020-10-02T18:04:38","guid":{"rendered":"https:\/\/socan50.wpengine.com\/?page_id=11587"},"modified":"2024-10-03T16:15:13","modified_gmt":"2024-10-03T20:15:13","slug":"authorized-representatives","status":"publish","type":"page","link":"https:\/\/www.socan.com\/fr\/authorized-representatives\/","title":{"rendered":"Repr\u00e9sentants autoris\u00e9s"},"content":{"rendered":"<h3>Qu&rsquo;est-ce qu&rsquo;un repr\u00e9sentant autoris\u00e9\u00a0?<strong><br \/>\n<\/strong><\/h3>\n<p>&nbsp;<\/p>\n<p>Un repr\u00e9sentant autoris\u00e9 est une personne qui peut faire affaire avec la SOCAN au nom d&rsquo;un membre. Bien que de nombreux membres de la SOCAN fassent affaire directement avec la SOCAN, il existe d&rsquo;autres membres qui emploient d&rsquo;autres personnes pour travailler en leur nom : comptables, gestionnaires, avocats, \u00e9diteurs, etc. Ces tiers doivent recevoir une autorisation \u00e9crite du membre pour contacter la SOCAN et recevoir\u00a0des informations personnelles\/confidentielles. Il est important que la SOCAN prenne note de ces autorisations afin que ces informations confidentielles ne soient pas divulgu\u00e9es \u00e0 des parties non autoris\u00e9es.<\/p>\n<div class=\"texte\">\n<h3>\u00c0 quel type d&rsquo;informations un repr\u00e9sentant autoris\u00e9 peut-il avoir acc\u00e8s\u00a0?<strong><br \/>\n<\/strong><\/h3>\n<p>&nbsp;<\/p>\n<p>Les membres de la SOCAN contr\u00f4lent le niveau d&rsquo;acc\u00e8s de leur(s) repr\u00e9sentant(s) autoris\u00e9(s) dans leur compte. Lorsque vous ajoutez un repr\u00e9sentant autoris\u00e9 \u00e0 votre compte, vous aurez la possibilit\u00e9 de s\u00e9lectionner des autorisations d&rsquo;acc\u00e8s sp\u00e9cifiques qui peuvent \u00eatre modifi\u00e9es \u00e0 tout moment.<\/p>\n<p>Exemples d&rsquo;acc\u00e8s\u00a0:<\/p>\n<ul>\n<li>Changement d&rsquo;adresse ou d&rsquo;informations de profil<\/li>\n<li>Signataire autoris\u00e9<\/li>\n<li>Demandes d&rsquo;avances<\/li>\n<li>Copies des ententes SOCAN<\/li>\n<li>Enregistrements\/modifications de travaux<\/li>\n<li>Demandes d&rsquo;informations sur les revenus<\/li>\n<li>Acc\u00e8s en ligne au compte, y compris les relev\u00e9s\/informations sur le catalogue<\/li>\n<\/ul>\n<\/div>\n<div class=\"texte\">\n<h3>Comment puis-je ajouter un repr\u00e9sentant autoris\u00e9 \u00e0 mon compte\u00a0?<\/h3>\n<p>&nbsp;<\/p>\n<p>Vous pouvez ajouter un repr\u00e9sentant autoris\u00e9 en vous rendant sur votre portail membre de la SOCAN. Fournissez leurs informations personnelles, identifiez les autorisations et fournissez via le t\u00e9l\u00e9chargement, la documentation de sauvegarde n\u00e9cessaire \u00e0 l&rsquo;appui de l&rsquo;autorisation.\u00a0 Sans une demande compl\u00e8te de repr\u00e9sentant autoris\u00e9 du membre, la SOCAN n&rsquo;acceptera aucune directive de quiconque autre que le membre lui-m\u00eame.<\/p>\n<\/div>\n","protected":false},"excerpt":{"rendered":"<p>Qu&rsquo;est-ce qu&rsquo;un repr\u00e9sentant autoris\u00e9\u00a0? &nbsp; Un repr\u00e9sentant autoris\u00e9 est une personne qui peut faire affaire avec la SOCAN au nom d&rsquo;un membre. Bien que de nombreux membres de la SOCAN fassent affaire directement avec la SOCAN, il existe d&rsquo;autres membres qui emploient d&rsquo;autres personnes pour travailler en leur nom : comptables, gestionnaires, avocats, \u00e9diteurs, etc. [&hellip;]<\/p>\n","protected":false},"author":1,"featured_media":679,"parent":0,"menu_order":17,"comment_status":"closed","ping_status":"closed","template":"","meta":{"_acf_changed":false,"footnotes":""},"class_list":["post-11587","page","type-page","status-publish","has-post-thumbnail","hentry"],"acf":[],"yoast_head":"<!-- This site is optimized with the Yoast SEO plugin v27.2 - https:\/\/yoast.com\/product\/yoast-seo-wordpress\/ -->\n<title>Repr\u00e9sentants autoris\u00e9s<\/title>\n<meta name=\"robots\" content=\"index, follow, max-snippet:-1, max-image-preview:large, max-video-preview:-1\" \/>\n<link rel=\"canonical\" href=\"https:\/\/www.socan.com\/fr\/authorized-representatives\/\" \/>\n<meta property=\"og:locale\" content=\"fr_FR\" \/>\n<meta property=\"og:locale:alternate\" content=\"en_US\" \/>\n<meta property=\"og:type\" content=\"article\" \/>\n<meta property=\"og:title\" content=\"Repr\u00e9sentants autoris\u00e9s\" \/>\n<meta property=\"og:description\" content=\"Qu&rsquo;est-ce qu&rsquo;un repr\u00e9sentant autoris\u00e9\u00a0? &nbsp; Un repr\u00e9sentant autoris\u00e9 est une personne qui peut faire affaire avec la SOCAN au nom d&rsquo;un membre. Bien que de nombreux membres de la SOCAN fassent affaire directement avec la SOCAN, il existe d&rsquo;autres membres qui emploient d&rsquo;autres personnes pour travailler en leur nom : comptables, gestionnaires, avocats, \u00e9diteurs, etc. [&hellip;]\" \/>\n<meta property=\"og:url\" content=\"https:\/\/www.socan.com\/fr\/authorized-representatives\/\" \/>\n<meta property=\"og:site_name\" content=\"SOCAN\" \/>\n<meta property=\"article:modified_time\" content=\"2024-10-03T20:15:13+00:00\" \/>\n<meta property=\"og:image\" content=\"https:\/\/www.socan.com\/wp-content\/uploads\/2019\/12\/socan-music-licensing-how-it-works-Music-is-created.jpg\" \/>\n\t<meta property=\"og:image:width\" content=\"350\" \/>\n\t<meta property=\"og:image:height\" content=\"350\" \/>\n\t<meta property=\"og:image:type\" content=\"image\/jpeg\" \/>\n<meta name=\"twitter:card\" content=\"summary_large_image\" \/>\n<script type=\"application\/ld+json\" class=\"yoast-schema-graph\">{\"@context\":\"https:\/\/schema.org\",\"@graph\":[{\"@type\":\"WebPage\",\"@id\":\"https:\/\/www.socan.com\/authorized-representatives\/\",\"url\":\"https:\/\/www.socan.com\/authorized-representatives\/\",\"name\":\"Repr\u00e9sentants autoris\u00e9s\",\"isPartOf\":{\"@id\":\"https:\/\/www.socan.com\/#website\"},\"primaryImageOfPage\":{\"@id\":\"https:\/\/www.socan.com\/authorized-representatives\/#primaryimage\"},\"image\":{\"@id\":\"https:\/\/www.socan.com\/authorized-representatives\/#primaryimage\"},\"thumbnailUrl\":\"https:\/\/www.socan.com\/wp-content\/uploads\/2019\/12\/socan-music-licensing-how-it-works-Music-is-created.jpg\",\"datePublished\":\"2020-10-02T18:04:38+00:00\",\"dateModified\":\"2024-10-03T20:15:13+00:00\",\"breadcrumb\":{\"@id\":\"https:\/\/www.socan.com\/authorized-representatives\/#breadcrumb\"},\"inLanguage\":\"fr-FR\",\"potentialAction\":[{\"@type\":\"ReadAction\",\"target\":[\"https:\/\/www.socan.com\/authorized-representatives\/\"]}]},{\"@type\":\"ImageObject\",\"inLanguage\":\"fr-FR\",\"@id\":\"https:\/\/www.socan.com\/authorized-representatives\/#primaryimage\",\"url\":\"https:\/\/www.socan.com\/wp-content\/uploads\/2019\/12\/socan-music-licensing-how-it-works-Music-is-created.jpg\",\"contentUrl\":\"https:\/\/www.socan.com\/wp-content\/uploads\/2019\/12\/socan-music-licensing-how-it-works-Music-is-created.jpg\",\"width\":350,\"height\":350,\"caption\":\"Songwriter creating music\"},{\"@type\":\"BreadcrumbList\",\"@id\":\"https:\/\/www.socan.com\/authorized-representatives\/#breadcrumb\",\"itemListElement\":[{\"@type\":\"ListItem\",\"position\":1,\"name\":\"Home\",\"item\":\"https:\/\/www.socan.com\/\"},{\"@type\":\"ListItem\",\"position\":2,\"name\":\"Authorized Representatives\"}]},{\"@type\":\"WebSite\",\"@id\":\"https:\/\/www.socan.com\/#website\",\"url\":\"https:\/\/www.socan.com\/\",\"name\":\"SOCAN\",\"description\":\"Gestion des droits\",\"potentialAction\":[{\"@type\":\"SearchAction\",\"target\":{\"@type\":\"EntryPoint\",\"urlTemplate\":\"https:\/\/www.socan.com\/?s={search_term_string}\"},\"query-input\":{\"@type\":\"PropertyValueSpecification\",\"valueRequired\":true,\"valueName\":\"search_term_string\"}}],\"inLanguage\":\"fr-FR\"}]}<\/script>\n<!-- \/ Yoast SEO plugin. -->","yoast_head_json":{"title":"Repr\u00e9sentants autoris\u00e9s","robots":{"index":"index","follow":"follow","max-snippet":"max-snippet:-1","max-image-preview":"max-image-preview:large","max-video-preview":"max-video-preview:-1"},"canonical":"https:\/\/www.socan.com\/fr\/authorized-representatives\/","og_locale":"fr_FR","og_type":"article","og_title":"[:en]Authorized Representatives[:fr]Repr\u00e9sentants autoris\u00e9s[:] - SOCAN","og_description":"Qu&rsquo;est-ce qu&rsquo;un repr\u00e9sentant autoris\u00e9\u00a0? &nbsp; Un repr\u00e9sentant autoris\u00e9 est une personne qui peut faire affaire avec la SOCAN au nom d&rsquo;un membre. Bien que de nombreux membres de la SOCAN fassent affaire directement avec la SOCAN, il existe d&rsquo;autres membres qui emploient d&rsquo;autres personnes pour travailler en leur nom : comptables, gestionnaires, avocats, \u00e9diteurs, etc. [&hellip;]","og_url":"https:\/\/www.socan.com\/fr\/authorized-representatives\/","og_site_name":"SOCAN","article_modified_time":"2024-10-03T20:15:13+00:00","og_image":[{"width":350,"height":350,"url":"https:\/\/www.socan.com\/wp-content\/uploads\/2019\/12\/socan-music-licensing-how-it-works-Music-is-created.jpg","type":"image\/jpeg"}],"twitter_card":"summary_large_image","schema":{"@context":"https:\/\/schema.org","@graph":[{"@type":"WebPage","@id":"https:\/\/www.socan.com\/authorized-representatives\/","url":"https:\/\/www.socan.com\/authorized-representatives\/","name":"Repr\u00e9sentants autoris\u00e9s","isPartOf":{"@id":"https:\/\/www.socan.com\/#website"},"primaryImageOfPage":{"@id":"https:\/\/www.socan.com\/authorized-representatives\/#primaryimage"},"image":{"@id":"https:\/\/www.socan.com\/authorized-representatives\/#primaryimage"},"thumbnailUrl":"https:\/\/www.socan.com\/wp-content\/uploads\/2019\/12\/socan-music-licensing-how-it-works-Music-is-created.jpg","datePublished":"2020-10-02T18:04:38+00:00","dateModified":"2024-10-03T20:15:13+00:00","breadcrumb":{"@id":"https:\/\/www.socan.com\/authorized-representatives\/#breadcrumb"},"inLanguage":"fr-FR","potentialAction":[{"@type":"ReadAction","target":["https:\/\/www.socan.com\/authorized-representatives\/"]}]},{"@type":"ImageObject","inLanguage":"fr-FR","@id":"https:\/\/www.socan.com\/authorized-representatives\/#primaryimage","url":"https:\/\/www.socan.com\/wp-content\/uploads\/2019\/12\/socan-music-licensing-how-it-works-Music-is-created.jpg","contentUrl":"https:\/\/www.socan.com\/wp-content\/uploads\/2019\/12\/socan-music-licensing-how-it-works-Music-is-created.jpg","width":350,"height":350,"caption":"Songwriter creating music"},{"@type":"BreadcrumbList","@id":"https:\/\/www.socan.com\/authorized-representatives\/#breadcrumb","itemListElement":[{"@type":"ListItem","position":1,"name":"Home","item":"https:\/\/www.socan.com\/"},{"@type":"ListItem","position":2,"name":"Authorized Representatives"}]},{"@type":"WebSite","@id":"https:\/\/www.socan.com\/#website","url":"https:\/\/www.socan.com\/","name":"SOCAN","description":"Gestion des droits","potentialAction":[{"@type":"SearchAction","target":{"@type":"EntryPoint","urlTemplate":"https:\/\/www.socan.com\/?s={search_term_string}"},"query-input":{"@type":"PropertyValueSpecification","valueRequired":true,"valueName":"search_term_string"}}],"inLanguage":"fr-FR"}]}},"_links":{"self":[{"href":"https:\/\/www.socan.com\/fr\/wp-json\/wp\/v2\/pages\/11587","targetHints":{"allow":["GET"]}}],"collection":[{"href":"https:\/\/www.socan.com\/fr\/wp-json\/wp\/v2\/pages"}],"about":[{"href":"https:\/\/www.socan.com\/fr\/wp-json\/wp\/v2\/types\/page"}],"author":[{"embeddable":true,"href":"https:\/\/www.socan.com\/fr\/wp-json\/wp\/v2\/users\/1"}],"replies":[{"embeddable":true,"href":"https:\/\/www.socan.com\/fr\/wp-json\/wp\/v2\/comments?post=11587"}],"version-history":[{"count":0,"href":"https:\/\/www.socan.com\/fr\/wp-json\/wp\/v2\/pages\/11587\/revisions"}],"wp:featuredmedia":[{"embeddable":true,"href":"https:\/\/www.socan.com\/fr\/wp-json\/wp\/v2\/media\/679"}],"wp:attachment":[{"href":"https:\/\/www.socan.com\/fr\/wp-json\/wp\/v2\/media?parent=11587"}],"curies":[{"name":"wp","href":"https:\/\/api.w.org\/{rel}","templated":true}]}}