
{"id":11570,"date":"2020-09-14T06:54:32","date_gmt":"2020-09-14T10:54:32","guid":{"rendered":"https:\/\/socan50.wpengine.com\/?page_id=11570"},"modified":"2024-11-07T08:20:06","modified_gmt":"2024-11-07T13:20:06","slug":"audiovisual-cue-sheet-submission","status":"publish","type":"page","link":"https:\/\/www.socan.com\/fr\/audiovisual-cue-sheet-submission\/","title":{"rendered":"Rapport de contenu musical SOCAN"},"content":{"rendered":"<p>Afin de recevoir les redevances qui vous sont dues pour l\u2019ex\u00e9cution de musique dans des productions audiovisuelles telles des \u00e9missions de t\u00e9l\u00e9vision ou des films, la SOCAN doit avoir re\u00e7u un rapport de contenu musical contenant la liste de toutes les musiques utilis\u00e9es dans chaque production. Prenez un moment pour lire notre FAQ et apprendre quelle information doit \u00eatre incluse dans le rapport de contenu musical, comment la SOCAN utilise ce rapport pour vous payer, qui doit le soumettre, etc.\u00a0:\u00a0<a href=\"\/wp-content\/uploads\/2022\/12\/FAQ-Industry-standard-cue-sheet_FR-CA.pdf\" target=\"_blank\" rel=\"noopener noreferrer\">FAQ sur les rapports de contenu musical SOCAN<\/a><\/p>\n<p><strong>Vous avez besoin de remplir un rapport de contenu musical? <\/strong>Vous devez t\u00e9l\u00e9charger et sauvegarder le rapport de contenu musical sur votre appareil afin d\u2019activer toutes les fonctionnalit\u00e9s.<\/p>\n<p>Pour l\u2019exp\u00e9rience la plus accessible, utilisez la feuille Excel au lieu du rapport de contenu musical Numbers d\u2019Apple (et si vous utilisez un lecteur d\u2019\u00e9cran, utilisez NVDA ou JAWS)<\/p>\n<p><a href=\"https:\/\/www.socan.com\/wp-content\/themes\/socan\/assets\/files\/Rapports-de-contenu-musical-SOCAN-Windows-Excel.xlsm\">Version Microsoft Excel<\/a> \/ <a href=\"https:\/\/www.socan.com\/wp-content\/uploads\/2024\/11\/Rapports-de-contenu-musical-SOCAN-Apple-Numbers.numbers\">Version Apple Numbers<\/a><\/p>\n<p>*Les syst\u00e8mes SOCAN ing\u00e8rent des fichiers Excel. Si vous utilisez Apple Numbers, apr\u00e8s avoir enregistr\u00e9 votre rapport de contenu musical, cliquez sur l\u2019onglet FICHIER en haut sur EXPORTER VERS et choisissez EXCEL. Veuillez faire parvenir ce fichier Excel \u00e0 la SOCAN.<\/p>\n<p>*La version Excel fonctionnera sous macOS si Microsoft Office est install\u00e9.<\/p>\n<p><strong>Vous \u00e9prouvez des difficult\u00e9s avec le t\u00e9l\u00e9chargement?<\/strong> <a href=\"\/wp-content\/uploads\/2023\/07\/DEPANNAGE.pdf\" target=\"_blank\" rel=\"noopener\">Quelques conseils\u00a0<\/a><\/p>\n<p><strong>Comment remplir le rapport de contenu musical. <\/strong><a href=\"https:\/\/www.youtube.com\/watch?v=V1YbQLnIPDg\" target=\"_blank\" rel=\"noopener\">Voir la vid\u00e9o.<\/a><\/p>\n<p><a href=\"\/wp-content\/uploads\/2023\/08\/Exemple-de-rapport-de-contenu-musical.pdf\" target=\"_blank\" rel=\"noopener\">Exemple de rapport de contenu musical<\/a><\/p>\n<p>Veuillez envoyer les rapports remplis \u00e0\u00a0<a href=\"mailto:soumettrecuesheet@socan.com\"><em>soumettrecuesheet@socan.com<\/em><\/a><em>.<\/em>\u00a0La SOCAN accepte aussi les copies papier par la poste ou par t\u00e9l\u00e9copieur.<\/p>\n<p>Si vous avez d\u2019autres questions, appelez-nous 1-866-307-6226.<\/p>\n<p>&nbsp;<\/p>\n<p>&nbsp;<\/p>\n","protected":false},"excerpt":{"rendered":"<p>Afin de recevoir les redevances qui vous sont dues pour l\u2019ex\u00e9cution de musique dans des productions audiovisuelles telles des \u00e9missions de t\u00e9l\u00e9vision ou des films, la SOCAN doit avoir re\u00e7u un rapport de contenu musical contenant la liste de toutes les musiques utilis\u00e9es dans chaque production. Prenez un moment pour lire notre FAQ et apprendre [&hellip;]<\/p>\n","protected":false},"author":1,"featured_media":679,"parent":0,"menu_order":19,"comment_status":"closed","ping_status":"closed","template":"","meta":{"_acf_changed":false,"footnotes":""},"class_list":["post-11570","page","type-page","status-publish","has-post-thumbnail","hentry"],"acf":[],"yoast_head":"<!-- This site is optimized with the Yoast SEO plugin v27.2 - https:\/\/yoast.com\/product\/yoast-seo-wordpress\/ -->\n<title>Rapport de contenu musical SOCAN<\/title>\n<meta name=\"robots\" content=\"index, follow, max-snippet:-1, max-image-preview:large, max-video-preview:-1\" \/>\n<link rel=\"canonical\" href=\"https:\/\/www.socan.com\/fr\/audiovisual-cue-sheet-submission\/\" \/>\n<meta property=\"og:locale\" content=\"fr_FR\" \/>\n<meta property=\"og:locale:alternate\" content=\"en_US\" \/>\n<meta property=\"og:type\" content=\"article\" \/>\n<meta property=\"og:title\" content=\"Rapport de contenu musical SOCAN\" \/>\n<meta property=\"og:description\" content=\"Afin de recevoir les redevances qui vous sont dues pour l\u2019ex\u00e9cution de musique dans des productions audiovisuelles telles des \u00e9missions de t\u00e9l\u00e9vision ou des films, la SOCAN doit avoir re\u00e7u un rapport de contenu musical contenant la liste de toutes les musiques utilis\u00e9es dans chaque production. Prenez un moment pour lire notre FAQ et apprendre [&hellip;]\" \/>\n<meta property=\"og:url\" content=\"https:\/\/www.socan.com\/fr\/audiovisual-cue-sheet-submission\/\" \/>\n<meta property=\"og:site_name\" content=\"SOCAN\" \/>\n<meta property=\"article:modified_time\" content=\"2024-11-07T13:20:06+00:00\" \/>\n<meta property=\"og:image\" content=\"https:\/\/www.socan.com\/wp-content\/uploads\/2019\/12\/socan-music-licensing-how-it-works-Music-is-created.jpg\" \/>\n\t<meta property=\"og:image:width\" content=\"350\" \/>\n\t<meta property=\"og:image:height\" content=\"350\" \/>\n\t<meta property=\"og:image:type\" content=\"image\/jpeg\" \/>\n<meta name=\"twitter:card\" content=\"summary_large_image\" \/>\n<script type=\"application\/ld+json\" class=\"yoast-schema-graph\">{\"@context\":\"https:\/\/schema.org\",\"@graph\":[{\"@type\":\"WebPage\",\"@id\":\"https:\/\/www.socan.com\/fr\/audiovisual-cue-sheet-submission\/\",\"url\":\"https:\/\/www.socan.com\/fr\/audiovisual-cue-sheet-submission\/\",\"name\":\"Rapport de contenu musical SOCAN\",\"isPartOf\":{\"@id\":\"https:\/\/www.socan.com\/#website\"},\"primaryImageOfPage\":{\"@id\":\"https:\/\/www.socan.com\/fr\/audiovisual-cue-sheet-submission\/#primaryimage\"},\"image\":{\"@id\":\"https:\/\/www.socan.com\/fr\/audiovisual-cue-sheet-submission\/#primaryimage\"},\"thumbnailUrl\":\"https:\/\/www.socan.com\/wp-content\/uploads\/2019\/12\/socan-music-licensing-how-it-works-Music-is-created.jpg\",\"datePublished\":\"2020-09-14T10:54:32+00:00\",\"dateModified\":\"2024-11-07T13:20:06+00:00\",\"breadcrumb\":{\"@id\":\"https:\/\/www.socan.com\/fr\/audiovisual-cue-sheet-submission\/#breadcrumb\"},\"inLanguage\":\"fr-FR\",\"potentialAction\":[{\"@type\":\"ReadAction\",\"target\":[\"https:\/\/www.socan.com\/fr\/audiovisual-cue-sheet-submission\/\"]}]},{\"@type\":\"ImageObject\",\"inLanguage\":\"fr-FR\",\"@id\":\"https:\/\/www.socan.com\/fr\/audiovisual-cue-sheet-submission\/#primaryimage\",\"url\":\"https:\/\/www.socan.com\/wp-content\/uploads\/2019\/12\/socan-music-licensing-how-it-works-Music-is-created.jpg\",\"contentUrl\":\"https:\/\/www.socan.com\/wp-content\/uploads\/2019\/12\/socan-music-licensing-how-it-works-Music-is-created.jpg\",\"width\":350,\"height\":350,\"caption\":\"Songwriter creating music\"},{\"@type\":\"BreadcrumbList\",\"@id\":\"https:\/\/www.socan.com\/fr\/audiovisual-cue-sheet-submission\/#breadcrumb\",\"itemListElement\":[{\"@type\":\"ListItem\",\"position\":1,\"name\":\"Home\",\"item\":\"https:\/\/www.socan.com\/\"},{\"@type\":\"ListItem\",\"position\":2,\"name\":\"Rapport de contenu musical SOCAN\"}]},{\"@type\":\"WebSite\",\"@id\":\"https:\/\/www.socan.com\/#website\",\"url\":\"https:\/\/www.socan.com\/\",\"name\":\"SOCAN\",\"description\":\"Gestion des droits\",\"potentialAction\":[{\"@type\":\"SearchAction\",\"target\":{\"@type\":\"EntryPoint\",\"urlTemplate\":\"https:\/\/www.socan.com\/?s={search_term_string}\"},\"query-input\":{\"@type\":\"PropertyValueSpecification\",\"valueRequired\":true,\"valueName\":\"search_term_string\"}}],\"inLanguage\":\"fr-FR\"}]}<\/script>\n<!-- \/ Yoast SEO plugin. -->","yoast_head_json":{"title":"Rapport de contenu musical SOCAN","robots":{"index":"index","follow":"follow","max-snippet":"max-snippet:-1","max-image-preview":"max-image-preview:large","max-video-preview":"max-video-preview:-1"},"canonical":"https:\/\/www.socan.com\/fr\/audiovisual-cue-sheet-submission\/","og_locale":"fr_FR","og_type":"article","og_title":"[:en]Audiovisual Cue Sheet[:fr]Rapport de contenu musical SOCAN[:] - SOCAN","og_description":"Afin de recevoir les redevances qui vous sont dues pour l\u2019ex\u00e9cution de musique dans des productions audiovisuelles telles des \u00e9missions de t\u00e9l\u00e9vision ou des films, la SOCAN doit avoir re\u00e7u un rapport de contenu musical contenant la liste de toutes les musiques utilis\u00e9es dans chaque production. Prenez un moment pour lire notre FAQ et apprendre [&hellip;]","og_url":"https:\/\/www.socan.com\/fr\/audiovisual-cue-sheet-submission\/","og_site_name":"SOCAN","article_modified_time":"2024-11-07T13:20:06+00:00","og_image":[{"width":350,"height":350,"url":"https:\/\/www.socan.com\/wp-content\/uploads\/2019\/12\/socan-music-licensing-how-it-works-Music-is-created.jpg","type":"image\/jpeg"}],"twitter_card":"summary_large_image","schema":{"@context":"https:\/\/schema.org","@graph":[{"@type":"WebPage","@id":"https:\/\/www.socan.com\/fr\/audiovisual-cue-sheet-submission\/","url":"https:\/\/www.socan.com\/fr\/audiovisual-cue-sheet-submission\/","name":"Rapport de contenu musical SOCAN","isPartOf":{"@id":"https:\/\/www.socan.com\/#website"},"primaryImageOfPage":{"@id":"https:\/\/www.socan.com\/fr\/audiovisual-cue-sheet-submission\/#primaryimage"},"image":{"@id":"https:\/\/www.socan.com\/fr\/audiovisual-cue-sheet-submission\/#primaryimage"},"thumbnailUrl":"https:\/\/www.socan.com\/wp-content\/uploads\/2019\/12\/socan-music-licensing-how-it-works-Music-is-created.jpg","datePublished":"2020-09-14T10:54:32+00:00","dateModified":"2024-11-07T13:20:06+00:00","breadcrumb":{"@id":"https:\/\/www.socan.com\/fr\/audiovisual-cue-sheet-submission\/#breadcrumb"},"inLanguage":"fr-FR","potentialAction":[{"@type":"ReadAction","target":["https:\/\/www.socan.com\/fr\/audiovisual-cue-sheet-submission\/"]}]},{"@type":"ImageObject","inLanguage":"fr-FR","@id":"https:\/\/www.socan.com\/fr\/audiovisual-cue-sheet-submission\/#primaryimage","url":"https:\/\/www.socan.com\/wp-content\/uploads\/2019\/12\/socan-music-licensing-how-it-works-Music-is-created.jpg","contentUrl":"https:\/\/www.socan.com\/wp-content\/uploads\/2019\/12\/socan-music-licensing-how-it-works-Music-is-created.jpg","width":350,"height":350,"caption":"Songwriter creating music"},{"@type":"BreadcrumbList","@id":"https:\/\/www.socan.com\/fr\/audiovisual-cue-sheet-submission\/#breadcrumb","itemListElement":[{"@type":"ListItem","position":1,"name":"Home","item":"https:\/\/www.socan.com\/"},{"@type":"ListItem","position":2,"name":"Rapport de contenu musical SOCAN"}]},{"@type":"WebSite","@id":"https:\/\/www.socan.com\/#website","url":"https:\/\/www.socan.com\/","name":"SOCAN","description":"Gestion des droits","potentialAction":[{"@type":"SearchAction","target":{"@type":"EntryPoint","urlTemplate":"https:\/\/www.socan.com\/?s={search_term_string}"},"query-input":{"@type":"PropertyValueSpecification","valueRequired":true,"valueName":"search_term_string"}}],"inLanguage":"fr-FR"}]}},"_links":{"self":[{"href":"https:\/\/www.socan.com\/fr\/wp-json\/wp\/v2\/pages\/11570","targetHints":{"allow":["GET"]}}],"collection":[{"href":"https:\/\/www.socan.com\/fr\/wp-json\/wp\/v2\/pages"}],"about":[{"href":"https:\/\/www.socan.com\/fr\/wp-json\/wp\/v2\/types\/page"}],"author":[{"embeddable":true,"href":"https:\/\/www.socan.com\/fr\/wp-json\/wp\/v2\/users\/1"}],"replies":[{"embeddable":true,"href":"https:\/\/www.socan.com\/fr\/wp-json\/wp\/v2\/comments?post=11570"}],"version-history":[{"count":0,"href":"https:\/\/www.socan.com\/fr\/wp-json\/wp\/v2\/pages\/11570\/revisions"}],"wp:featuredmedia":[{"embeddable":true,"href":"https:\/\/www.socan.com\/fr\/wp-json\/wp\/v2\/media\/679"}],"wp:attachment":[{"href":"https:\/\/www.socan.com\/fr\/wp-json\/wp\/v2\/media?parent=11570"}],"curies":[{"name":"wp","href":"https:\/\/api.w.org\/{rel}","templated":true}]}}